{"id":12,"date":"2022-05-07T09:13:25","date_gmt":"2022-05-07T07:13:25","guid":{"rendered":"https:\/\/www.thermenbauernladen.com\/online\/?page_id=12"},"modified":"2022-06-11T17:21:59","modified_gmt":"2022-06-11T15:21:59","slug":"impressum","status":"publish","type":"page","link":"https:\/\/www.thermenbauernladen.com\/online\/impressum\/","title":{"rendered":"Impressum"},"content":{"rendered":"\n<h1>IMPRESSUM<\/h1>\n<div class=\"static-content\">\n<p>Thermen-Bauernladen Bad Waltersdorf<br \/>Hauptplatz 4\/1<br \/>8271 Bad Waltersdorf<\/p>\n<p>Tel.: +43 (0)3333-26410<br \/>E-Mail: myshop@thermenbauernladen.at<\/p>\n<p>Beh\u00f6rde gem. ECG:<br \/>Aufsichtsbeh\u00f6rde: Bezirkshauptmannschaft Hartberg<br \/>Gerichtsstand: Hartberg<br \/>UID: ATU69798016<\/p>\n<p>Informationspflicht lt. WKO \u2013 ECG<\/p>\n<p>Inhalte: Thermen-Bauernladen Bad Waltersdorf, Kooperationsgemeinschaft lokale M\u00e4rkte<\/p>\n<p>Copyright Fotos: Thermen-Bauernladen Bad Waltersdorf, Kooperationsgemeinschaft lokale M\u00e4rkte<\/p>\n<p><strong style=\"font-size: 14.4px;\">Alternative Streitbeilegung:<\/strong><\/p>\n<\/div>\n<p>Die Europ\u00e4ische Kommission stellt eine Plattform f\u00fcr die au\u00dfergerichtliche Online-Streitbeilegung (OS-Plattform) bereit, aufrufbar unter\u00a0<a class=\"tve-froala\" contenteditable=\"true\" draggable=\"false\" href=\"https:\/\/ec.europa.eu\/odr\" target=\"_blank\" rel=\"noopener\">https:\/\/ec.europa.eu\/odr<\/a>.<\/p>\n<p>\u00a0<\/p>\n<h3 data-css=\"tve-u-169e724d8b7\">Haftungsausschluss<\/h3>\n<p>Trotz sorgf\u00e4ltiger inhaltlicher Kontrolle \u00fcbernimmt der Webseitenbetreiber (von mygeschenk.at, Thermen-Bauernladen) keine Haftung f\u00fcr die Inhalte externer Links. F\u00fcr den Inhalt der verlinkten Seiten sind ausschlie\u00dflich deren Betreiber verantwortlich. Sollten Sie dennoch auf ausgehende Links aufmerksam werden, welche auf eine Webseite mit rechtswidriger T\u00e4tigkeit\/Information verweisen, ersuchen wir um dementsprechenden Hinweis (myshop@thermenbauernlad.at), um diesen nach \u00a7 17 Abs. 2 ECG umgehend zu entfernen.<\/p>\n<p>Die Urheberrechte Dritter werden vom Betreiber mit bestm\u00f6glicher Sorgfalt beachtet. Sollten Sie trotzdem auf eine Urheberrechtsverletzung aufmerksam werden, bitten wir um einen entsprechenden Hinweis an (myshop@thermenbauernladen.at). Bei Bekanntwerden derartiger Rechtsverletzungen werden wir den betroffenen Inhalt umgehend entfernen.<\/p>\n\n","protected":false},"excerpt":{"rendered":"","protected":false},"author":1,"featured_media":0,"parent":0,"menu_order":0,"comment_status":"closed","ping_status":"closed","template":"","meta":{"footnotes":""},"class_list":["post-12","page","type-page","status-publish","hentry"],"_links":{"self":[{"href":"https:\/\/www.thermenbauernladen.com\/online\/wp-json\/wp\/v2\/pages\/12","targetHints":{"allow":["GET"]}}],"collection":[{"href":"https:\/\/www.thermenbauernladen.com\/online\/wp-json\/wp\/v2\/pages"}],"about":[{"href":"https:\/\/www.thermenbauernladen.com\/online\/wp-json\/wp\/v2\/types\/page"}],"author":[{"embeddable":true,"href":"https:\/\/www.thermenbauernladen.com\/online\/wp-json\/wp\/v2\/users\/1"}],"replies":[{"embeddable":true,"href":"https:\/\/www.thermenbauernladen.com\/online\/wp-json\/wp\/v2\/comments?post=12"}],"version-history":[{"count":3,"href":"https:\/\/www.thermenbauernladen.com\/online\/wp-json\/wp\/v2\/pages\/12\/revisions"}],"predecessor-version":[{"id":19931,"href":"https:\/\/www.thermenbauernladen.com\/online\/wp-json\/wp\/v2\/pages\/12\/revisions\/19931"}],"wp:attachment":[{"href":"https:\/\/www.thermenbauernladen.com\/online\/wp-json\/wp\/v2\/media?parent=12"}],"curies":[{"name":"wp","href":"https:\/\/api.w.org\/{rel}","templated":true}]}}