{"id":13630,"date":"2020-06-23T10:24:01","date_gmt":"2020-06-23T08:24:01","guid":{"rendered":"https:\/\/www.medicalsuperfoods.com\/?page_id=13630"},"modified":"2025-03-09T10:44:48","modified_gmt":"2025-03-09T09:44:48","slug":"ueber-uns","status":"publish","type":"page","link":"https:\/\/www.thermenbauernladen.com\/online\/ueber-uns\/","title":{"rendered":"\u00dcber uns"},"content":{"rendered":"\n<h1 style=\"text-align: center;\">Regionales aus dem Thermen-Bauernladen<\/h1>\n<p style=\"text-align: center;\"><strong>Herzlich Willkommen im Thermen-Bauernladen Bad Waltersdorf<\/strong><\/p>\n<div class=\"tcb-flex-col\" data-css=\"tve-u-17d42b2aee9\">\n<div class=\"tcb-col\">\n<div class=\"thrv_wrapper thrv_text_element optml-bg-lazyloaded\" data-css=\"tve-u-17370602723\">\n<p data-css=\"tve-u-17370602725\">In unserem Thermen-Bauernladen Bad Waltersdorf \u00a0geht es vor allem um den Augenblick des Genie\u00dfens.<\/p>\n<p data-css=\"tve-u-17370602725\">Ob Traditionelles und Selbstgemachtes, oder Frisches und Neugemachtes, unsere Produkte stammen nahezu alle aus der 2-Thermenregion und zu 100% \u00a0aus regionaler Landwirtschaft.\u00a0<\/p>\n<p data-css=\"tve-u-17370602725\">Denn Genuss h\u00e4ngt, langfristig gedacht, auch an der Liebe zur Natur. Was sich gut entwickeln soll, braucht Zeit zum Gedeihen. Diese Zeit geben die Landwirte unserer 2-Thermenregion den nat\u00fcrlichen Ressourcen, bevor sie daraus nach traditionellen Rezepten und mit bewusster Sorgfalt ihre Produkte herstellen.\u00a0<\/p>\n<\/div>\n<\/div>\n<\/div>\n<div class=\"tcb-flex-col\" data-css=\"tve-u-17d42b2af2b\">\n<div class=\"tcb-col\">\n<div class=\"thrv_wrapper thrv_text_element optml-bg-lazyloaded\" data-css=\"tve-u-17370602727\">\n<p data-css=\"tve-u-17370602728\">Weil wir mit einem milden Klima und fruchtbaren Boden gesegnet sind, entfaltet unser saisonales Obst und Gem\u00fcse ein ganz besonderes Aroma. Unsere Fleisch- und Wurstwaren stammen wiederum von gl\u00fccklichen Schweinen und Rindern. So essen Sie nicht nur um den Genie\u00dfens Willen, sondern auch leichten Herzens.<\/p>\n<\/div>\n<\/div>\n<\/div>\t<div class=\"img has-hover x md-x lg-x y md-y lg-y\" id=\"image_2114912122\">\n\t\t\t\t\t\t\t\t<div class=\"img-inner dark\" >\n\t\t\t<img loading=\"lazy\" decoding=\"async\" width=\"818\" height=\"368\" src=\"https:\/\/www.thermenbauernladen.com\/online\/wp-content\/uploads\/2022\/11\/Thermen-Bauernladen.jpg\" class=\"attachment-large size-large\" alt=\"\" srcset=\"https:\/\/www.thermenbauernladen.com\/online\/wp-content\/uploads\/2022\/11\/Thermen-Bauernladen.jpg 818w, https:\/\/www.thermenbauernladen.com\/online\/wp-content\/uploads\/2022\/11\/Thermen-Bauernladen-510x229.jpg 510w, https:\/\/www.thermenbauernladen.com\/online\/wp-content\/uploads\/2022\/11\/Thermen-Bauernladen-800x360.jpg 800w, https:\/\/www.thermenbauernladen.com\/online\/wp-content\/uploads\/2022\/11\/Thermen-Bauernladen-768x346.jpg 768w\" sizes=\"auto, (max-width: 818px) 100vw, 818px\" \/>\t\t\t\t\t\t\n\t\t\t\t\t<\/div>\n\t\t\t\t\t\t\t\t\n<style>\n#image_2114912122 {\n  width: 100%;\n}\n<\/style>\n\t<\/div>\n\t\n<div class=\"bh-page\">\n\t<div class=\"widget_item strappy\">\n\t\t<div class=\"widget_3\">\n\t\t\t\n\t\t\n\t\t\t\n\t\t\t\n\t\t\t<div class=\"container-fluid\">\n\t\t\t\t<div class=\"widget_header\" style=\"background-color: white; color: black;\">\n\t\t\t\t\n\t\t\t\t\t\t\t\t<div class=\"col-sm-12 notop\">\n\t\t\t\t\t<p class= \"bhtitle\" style=\"color:black\">\u00d6ffnungszeiten<\/p>\n\t\t\t\t<\/div>\n\t\t\t\t\t\n\n\t\t\t\t\t<div class=\"row\">\n\t\t\t\t\t\t<div class=\"col-md-4 col-sm-2 col-xs-12\">\n\t\t\t\t\t\t\t<div class=\"header_icon\">\n\t\t\t\t\t\t\t\t<div class=\"width_35_per\">\n\t\t\t\t\t\t\t\t\t<i class=\"fa fa-clock-o fa-5x\" aria-hidden=\"true\"><\/i>\n\t\t\t\t\t\t\t\t<\/div>\n\t\t\t\t\t\t\t<\/div>\n\t\t\t\t\t\t<\/div>\n\t\t\t\t\t\t\n\t\t\t\t\t\t<div class=\"col-md-8 col-sm-8 col-xs-12\">\n\t\t\t\t\t\t\t<div class=\"header_working_schedule pad_lf_rgh_none\">\n\t\t\t\t\t\t\t\t<p class=\"today\">\n\t\t\t\t\t\t\t\t\t<span class=\"text-uppercase\">Aktuell<\/span>\n\n\t\t\t\t\t\t\t\t\t<span class=\"badge\" style=\"background-color: #ff4747; color: black\">Geschlossen<\/span>\t\t\t\t\t\t\t\t<\/p>\n\t\t\t\t\t\t\t\t<div class=\"working_hours working_days\">\n\t\t\t\t\t\t\t\t\t\n\n<!-- xplodeit --><div class=\"col-xs-12\"><span class=\"weekdays\">Mo:<\/span><span class=\"times\">Geschlossen<\/span>\n<\/div>\n\n\n\n<!-- xplodeit --><div class=\"col-xs-12\"><span class=\"weekdays\">Di:<\/span><span class=\"times\"><span>9:00 - 12:30<\/span><\/span>\n<\/div>\n\n\n\n<!-- xplodeit --><div class=\"col-xs-12\"><span class=\"weekdays\">Mi:<\/span><span class=\"times\"><span>9:00 - 12:30<\/span><\/span>\n<\/div>\n\n\n\n<!-- xplodeit --><div class=\"col-xs-12\"><span class=\"weekdays\">Do:<\/span><span class=\"times\"><span>9:00 - 12:30<\/span><\/span>\n<\/div>\n\n\n\n<!-- xplodeit --><div class=\"col-xs-12\"><span class=\"weekdays\">Fr:<\/span><span class=\"times\"><span>9:00 - 12:30<\/span><span>14:30 - 18:00<\/span><\/span>\n<\/div>\n\n\n\n<!-- xplodeit --><div class=\"col-xs-12\"><span class=\"weekdays\">Sa:<\/span><span class=\"times\"><span>9:00 - 12:30<\/span><\/span>\n<\/div>\n\n\n\n<!-- xplodeit --><div class=\"col-xs-12\"><span class=\"weekdays\">So:<\/span><span class=\"times\">Geschlossen<\/span>\n<\/div>\n\n\t\t\t\t\t\t\t\t<\/div>\n\t\t\t\t\t\t\t<\/div>\n\t\t\t\t\t\t<\/div>\n\t\t\t\t\t\t\n\t\t\t\t\t<\/div>\n\t\t\t\t<\/div>\n\t\t\t<\/div>\n\t\t\t\n\t\t\t<div class=\"container-fluid\">\n\t\t\t\t<div class=\"widget_body clear_fix\" style=\"background-color: white; color: black;\">\n\t\t\t\t\t<div class=\"col-6\">\n\t\t\t\t\t\t<div class=\"company_name margin_bt_25\">\n\t\t\t\t\t\t\t<p class=\"text-uppercase margin_none font_bold font_size_18\" style=\"color: black;\">\n\t\t\t\t\t\t\t\tThermen-Bauernladen Bad Waltersdorf\t\t\t\t\t\t\t<\/p>\n\n\t\t\t\t\t\t\t<p class=\"text-capitalize margin_none\">\n\t\t\t\t\t\t\t\t\t\t\t\t\t\t\t<\/p>\n\t\t\t\t\t\t<\/div>\n\t\t\t\t\t\t<div class=\"company_details\">\n\t\t\t\t\t\t\t<p class=\"phone\"><span>Telefon: <\/span><span>+43 3333 26410<\/span><\/p>\n\t\t\t\t\t\t\t\n\t\t\t\t\t\t<\/div>\n\t\t\t\t\t<\/div>\n\t\t\t\t\t<div class=\"col-6\">\n\t\t\t\t\t\t<div class=\"company_details margin_bt_25\">\n\t\t\t\t\t\t\t\n\t\t\t\t\t\t\t\n\t\t\t\t\t\t<\/div>\n\n\n\t\t\t\t\t\t<div class=\"company_details\">\n\t\t\t\t\t\t\t<p class=\"address margin_none\"><span>Hauptplatz 4\/1<\/span><br><span>8271 Bad Waltersdorf<\/span>\t\t\t\t\t\t<\/div>\n\t\t\t\t\t<\/div>\n\t\t\t\t<\/div>\n\t\t\t<\/div>\n\t\t\t\n\t\t\t<div class=\"container-fluid\">\n\t\t\t\t<div class=\"text-center widget_footer\" style=\"background-color: white; color: black;\">\n\t\t\t\t\t<p class=\"margin_none force-center\">\n\t\t\t\t\t\t\t\t\t\t\t<\/p>\n\t\t\t\t<\/div>\n\t\t\t<\/div>\n\n            <div class=\"row\">\n                <div class=\"col-xs-7\">\n                    <!-- empty -->\n                <\/div>\n                <div class=\"col-xs-5\">\n                    <p class=\"powerdby\">Powered by crosswordsolver.com<\/p>\n                <\/div>\n            <\/div>\n\t\t\t\t\n\t\t<\/div>\n\t<\/div>\n<\/div>\n<p style=\"text-align: left;\"><strong>\u00d6ffnungszeiten<\/strong><\/p>\n<table class=\" alignleft\" border=\"0\" cellspacing=\"1\" cellpadding=\"1\" align=\"left\">\n<tbody>\n<tr>\n<td>Montag<\/td>\n<td>Geschlossen<\/td>\n<\/tr>\n<tr>\n<td>Dienstag<\/td>\n<td>09:00\u201312:30<\/td>\n<\/tr>\n<tr>\n<td>Mittwoch<\/td>\n<td>09:00\u201312:30<\/td>\n<\/tr>\n<tr>\n<td>Donnerstag<\/td>\n<td>09:00\u201312:30<\/td>\n<\/tr>\n<tr>\n<td>Freitag<\/td>\n<td>09:00\u201312:30\u00a0u. 14:30-18:00<\/td>\n<\/tr>\n<tr>\n<td>Samstag<\/td>\n<td>08:00\u201312:30<\/td>\n<\/tr>\n<tr>\n<td>Sonntag<\/td>\n<td>Geschlossen<\/td>\n<\/tr>\n<\/tbody>\n<\/table>\n<p style=\"text-align: left;\">\n<\/p><p>\u00a0<\/p>\n<p style=\"text-align: center;\"><strong>Wo Sie uns finden: <\/strong><strong>Im Ortszentrum, direkt am Hauptplatz von Bad Waltersdorf<\/strong><\/p>\n<h2 style=\"text-align: center;\"><div class=\"embed-privacy-container is-disabled embed-google-maps\" data-embed-id=\"oembed_c07256eda1a779a79baffdc18b13e594\" data-embed-provider=\"google-maps\" style=\"aspect-ratio: 600\/450;\">\t\t\t\t\t\t<button type=\"button\" class=\"embed-privacy-enable screen-reader-text\">Inhalt von Google Maps anzeigen<\/button>\t\t\t\t\t\t<div class=\"embed-privacy-overlay\">\t\t\t\t<div class=\"embed-privacy-inner\">\t\t\t\t\t<div class=\"embed-privacy-logo\" style=\"background-image: url(https:\/\/www.thermenbauernladen.com\/online\/wp-content\/plugins\/embed-privacy\/assets\/images\/embed-google-maps.png?ver=1.12.3);\"><\/div>\t\t<p>\t\tHier klicken, um den Inhalt von Google Maps anzuzeigen.\t\t\t\t\t<br>\t\t\t\t\tErfahre mehr in der <a href=\"https:\/\/policies.google.com\/privacy?hl=de\" target=\"_blank\">Datenschutzerkl\u00e4rung von Google Maps<\/a>.\t\t<\/p>\t\t<p class=\"embed-privacy-input-wrapper\">\t\t\t<input id=\"embed-privacy-store-google-maps-c07256eda1a779a79baffdc18b13e594\" type=\"checkbox\" value=\"1\" class=\"embed-privacy-input\" data-embed-provider=\"google-maps\">\t\t\t<label for=\"embed-privacy-store-google-maps-c07256eda1a779a79baffdc18b13e594\" class=\"embed-privacy-label\" data-embed-provider=\"google-maps\">\t\t\t\tInhalt von Google Maps immer anzeigen\t\t\t<\/label>\t\t<\/p>\t\t\t\t\t\t<\/div>\t\t\t\t\t\t\t\t<div class=\"embed-privacy-footer\"><span class=\"embed-privacy-url\"><a href=\"https:\/\/www.google.com\/maps\/embed?pb=!1m18!1m12!1m3!1d2712.3952445538553!2d16.00557431591733!3d47.16969757915798!2m3!1f0!2f0!3f0!3m2!1i1024!2i768!4f13.1!3m3!1m2!1s0x476ef6f371849051%3A0xe53d27bcc51db27c!2sThermen-Bauernladen!5e0!3m2!1sde!2sat!4v1654961541939!5m2!1sde!2sat\">Inhalt direkt \u00f6ffnen<\/a><\/span><\/div>\t\t\t<\/div>\t\t\t\t\t\t<div class=\"embed-privacy-content\">\t\t\t\t<script>var _oembed_c07256eda1a779a79baffdc18b13e594 = '{\\\"embed\\\":\\\"&lt;iframe style=&quot;border: 0;&quot; src=&quot;https:\\\\\/\\\\\/www.google.com\\\\\/maps\\\\\/embed?pb=!1m18!1m12!1m3!1d2712.3952445538553!2d16.00557431591733!3d47.16969757915798!2m3!1f0!2f0!3f0!3m2!1i1024!2i768!4f13.1!3m3!1m2!1s0x476ef6f371849051%3A0xe53d27bcc51db27c!2sThermen-Bauernladen!5e0!3m2!1sde!2sat!4v1654961541939!5m2!1sde!2sat&quot; width=&quot;600&quot; height=&quot;450&quot; allowfullscreen=&quot;allowfullscreen&quot;&gt;&lt;\\\\\/iframe&gt;\\\"}';<\/script>\t\t\t<\/div>\t\t<\/div><\/h2>\n<h3><img decoding=\"async\" src=\"https:\/\/www.thermenbauernladen.com\/.cm4all\/uproc.php\/0\/.anfahrtsplan2_200.jpg\/picture-200?_=162ab622618\"><\/h3>\n<h3 style=\"text-align: center;\">Das Team des Thermen-Bauernladens freut sich auf Ihren Besuch!<\/h3>\n<p style=\"text-align: left;\">\n<\/p><h1><strong>Unser Motto:\u00a0<\/strong><\/h1>\n<p style=\"text-align: center;\">\n<\/p><h2 style=\"text-align: center;\">Die Entscheidung, was genau man isst, ist Genuss-Sache<\/h2>\n<p style=\"text-align: center;\">\n<\/p><p style=\"text-align: center;\"><em>\u00a0<\/em><\/p>\n<p style=\"text-align: center;\">\n<\/p><p style=\"text-align: center;\">Genuss ist mehr als nur gut zu speisen. Genuss ist Behagen, Sinnesfreude, Zufriedenheit und bisweilen auch Verz\u00fcckung. Aber vor allem w\u00e4re der wahre Genuss undenkbar, h\u00e4tten wir keine Zeit &#8230;<\/p>\n<p style=\"text-align: center;\"><em>\u00a0<\/em><\/p>\n<div style=\"text-align: center;\">In unserem Thermen-Bauernladen Bad Waltersdorf geht es vor allem um den Augenblick des Genie\u00dfens. Ob Traditionelles und Selbstgemachtes, oder Frisches und Neugemachtes, unsere Produkte stammen nahezu alle aus der 2-Thermenregion und zu 100% \u00a0aus lokaler Landwirtschaft. Denn Genuss h\u00e4ngt, langfristig gedacht, auch an der Liebe zur Natur. Was sich gut entwickeln soll, braucht Zeit zum Gedeihen. Diese Zeit geben die Bauern unserer 2-Thermenregion den nat\u00fcrlichen Ressourcen, bevor sie daraus nach traditionellen Rezepten und mit bewusster Sorgfalt ihre Produkte herstellen. Weil wir mit einem milden Klima und fruchtbaren Boden gesegnet sind, entfaltet unser saisonales Obst und Gem\u00fcse ein ganz besonderes Aroma. Unsere Fleisch- und Wurstwaren stammen wiederum von gl\u00fccklichen Schweinen und Rindern. So essen Sie nicht nur um den Genie\u00dfens Willen, sondern auch leichten Herzens.<\/div>\n<div style=\"text-align: center;\">\u00a0<\/div>\n<p style=\"text-align: center;\">Im der 2-Thermenregion Bad Waltersdorf geht es um Nachhaltigkeit und Bewusstseinsbildung.\u00a0Im Thermen-Bauernladen\u00a0Bad Waltersdorf bieten wir eine enorme Produktvielfalt an, die auf eine lokale Landwirtschaft zur\u00fcckgeht. Dabei bleiben wir regional, damit unsere Produkte einen m\u00f6glichst kurzen Weg von den Bauern zu unserem Thermen-Bauernladen haben und wir sowohl f\u00fcr Frische, eine geschonte Umwelt, fair entlohnte Produzenten und eine einmalige Bio-Qualit\u00e4t bieten k\u00f6nnen.\u00a0Frei nach dem Motto: \u201eWer gut isst, bringt Gutes f\u00fcr die Natur und die regionale Wirtschaft.\u201c<\/p>\n<p style=\"text-align: center;\">\n<\/p><p style=\"text-align: center;\"><em>\u00a0<\/em><\/p>\n<p style=\"text-align: center;\"><em>Mehr Zeit f\u00fcr Sie<\/em><\/p>\n<p style=\"text-align: center;\">\n<\/p><p style=\"text-align: center;\">Lassen Sie die beanspruchende Hast Ihres Alltags einen Augenblick ruhen und schenken Sie sich und Ihren Lieben einen Augenblick des Genusses bei uns im Thermen-Bauernladen. Damit Ihre Auszeit nachhaltig wirkt und Sie auch zu Hause besondere Augenblicke erleben k\u00f6nnen, nehmen wir uns die Zeit und stellen in unserem Laden gerne eines unserer beliebten Genusspakete ganz individuell f\u00fcr Sie zusammen.<\/p>\n<h1><strong>Verkostung: <\/strong><\/h1>\n<p>Wir bieten laufend f\u00fcr unsere G\u00e4ste eine <strong>Verkostung<\/strong>\u00a0unserer l\u00e4ndlichen Produkte an.<\/p>\n<p><strong>Kommen Sie einfach zu unseren \u00d6ffnungszeiten bei uns vorbei!<\/strong><\/p>\n<h2>Verkostung Sie die regionaltypischen l\u00e4ndlichen Produkte mit unseren speziellen Angebot der GenussCard.<\/h2>\n<p><img decoding=\"async\" src=\"https:\/\/www.thermenbauernladen.com\/.cm4all\/uproc.php\/0\/Slider\/.GenussCard%20Steiermark_Thermen-Bauernladen.jpg\/picture-200?_=170e36ccbb8\" alt=\"GenussCard Steiermark\"><\/p>\n<p>\u00a0<\/p>\n<h2>Unser freundliches und erfahrenes Team wird Ihnen alle Fragen zu den Produkten aus der Region beantworten, die Ihnen auf dem Herzen liegen.<\/h2>\n<p>\u00dcber Ihren Besuch freut sich<\/p>\n<p><em><strong>Ihr Thermen-Bauernladen Team<\/strong><\/em><\/p>\n<div class=\"thrv_wrapper thrv-page-section\" data-css=\"tve-u-168610aac1c\">\n<div class=\"tve-page-section-in tve_empty_dropzone\" data-css=\"tve-u-172e063b77d\">\n<div class=\"thrv-content-block tcb-local-vars-root thrv_wrapper\" data-css=\"tve-u-172e062608f\" data-keep-css_id=\"1\">\n<div class=\"thrv_wrapper thrv_contentbox_shortcode thrv-content-box dynamic-group-jutx3kac\" data-css=\"tve-u-172e0626090\">\u00a0<\/div>\n<\/div>\n<\/div>\n<\/div><div class=\"video video-fit mb\" style=\"padding-top:56.25%;\">\t\t<div class=\"embed-privacy-container is-disabled embed-youtube\" data-embed-id=\"oembed_e3d641f8956ba27d567d3d87f4b861e8\" data-embed-provider=\"youtube\" style=\"aspect-ratio: 1020\/574;\">\t\t\t\t\t\t<button type=\"button\" class=\"embed-privacy-enable screen-reader-text\">\u201eThermen-Bauernladen Image Video\u201c von YouTube anzeigen<\/button>\t\t\t\t\t\t<div class=\"embed-privacy-overlay\">\t\t\t\t<div class=\"embed-privacy-inner\">\t\t\t\t\t<div class=\"embed-privacy-logo\" style=\"background-image: url(https:\/\/www.thermenbauernladen.com\/online\/wp-content\/plugins\/embed-privacy\/assets\/images\/embed-youtube.png?ver=1.12.3);\"><\/div>\t\t<p>\t\tHier klicken, um den Inhalt von YouTube anzuzeigen.\t\t\t\t\t<br>\t\t\t\t\tErfahre mehr in der <a href=\"https:\/\/policies.google.com\/privacy?hl=de\" target=\"_blank\">Datenschutzerkl\u00e4rung von YouTube<\/a>.\t\t<\/p>\t\t<p class=\"embed-privacy-input-wrapper\">\t\t\t<input id=\"embed-privacy-store-youtube-e3d641f8956ba27d567d3d87f4b861e8\" type=\"checkbox\" value=\"1\" class=\"embed-privacy-input\" data-embed-provider=\"youtube\">\t\t\t<label for=\"embed-privacy-store-youtube-e3d641f8956ba27d567d3d87f4b861e8\" class=\"embed-privacy-label\" data-embed-provider=\"youtube\">\t\t\t\tInhalt von YouTube immer anzeigen\t\t\t<\/label>\t\t<\/p>\t\t\t\t\t\t<\/div>\t\t\t\t\t\t\t\t<div class=\"embed-privacy-footer\"><span class=\"embed-privacy-url\"><a href=\"https:\/\/youtu.be\/kj8H5P3bikk\">\u201eThermen-Bauernladen Image Video\u201c direkt \u00f6ffnen<\/a><\/span><\/div>\t\t\t<\/div>\t\t\t\t\t\t<div class=\"embed-privacy-content\">\t\t\t\t<script>var _oembed_e3d641f8956ba27d567d3d87f4b861e8 = '{\\\"embed\\\":\\\"&lt;iframe title=&quot;Thermen-Bauernladen Image Video&quot; width=&quot;1020&quot; height=&quot;574&quot; src=&quot;https:\\\\\/\\\\\/www.youtube-nocookie.com\\\\\/embed\\\\\/kj8H5P3bikk?feature=oembed&quot; frameborder=&quot;0&quot; allow=&quot;accelerometer; autoplay; clipboard-write; encrypted-media; gyroscope; picture-in-picture&quot; allowfullscreen&gt;&lt;\\\\\/iframe&gt;\\\"}';<\/script>\t\t\t<\/div>\t\t<\/div>\t\t<\/div>","protected":false},"excerpt":{"rendered":"","protected":false},"author":1,"featured_media":0,"parent":0,"menu_order":0,"comment_status":"closed","ping_status":"closed","template":"","meta":{"footnotes":""},"class_list":["post-13630","page","type-page","status-publish","hentry"],"_links":{"self":[{"href":"https:\/\/www.thermenbauernladen.com\/online\/wp-json\/wp\/v2\/pages\/13630","targetHints":{"allow":["GET"]}}],"collection":[{"href":"https:\/\/www.thermenbauernladen.com\/online\/wp-json\/wp\/v2\/pages"}],"about":[{"href":"https:\/\/www.thermenbauernladen.com\/online\/wp-json\/wp\/v2\/types\/page"}],"author":[{"embeddable":true,"href":"https:\/\/www.thermenbauernladen.com\/online\/wp-json\/wp\/v2\/users\/1"}],"replies":[{"embeddable":true,"href":"https:\/\/www.thermenbauernladen.com\/online\/wp-json\/wp\/v2\/comments?post=13630"}],"version-history":[{"count":29,"href":"https:\/\/www.thermenbauernladen.com\/online\/wp-json\/wp\/v2\/pages\/13630\/revisions"}],"predecessor-version":[{"id":20351,"href":"https:\/\/www.thermenbauernladen.com\/online\/wp-json\/wp\/v2\/pages\/13630\/revisions\/20351"}],"wp:attachment":[{"href":"https:\/\/www.thermenbauernladen.com\/online\/wp-json\/wp\/v2\/media?parent=13630"}],"curies":[{"name":"wp","href":"https:\/\/api.w.org\/{rel}","templated":true}]}}