{"id":14966,"date":"2020-10-08T11:15:33","date_gmt":"2020-10-08T09:15:33","guid":{"rendered":"https:\/\/mygeschenk.at\/?post_type=product&#038;p=14966"},"modified":"2022-06-11T16:55:28","modified_gmt":"2022-06-11T14:55:28","slug":"geschenk-box-zeitlos","status":"publish","type":"product","link":"https:\/\/www.thermenbauernladen.com\/online\/produkt\/geschenk-box-zeitlos\/","title":{"rendered":"Geschenk Box &#8222;Zeitlos&#8220;"},"content":{"rendered":"<p>&nbsp;<\/p>\n<h2 style=\"text-align: center;\">Inhalt Deiner &#8222;Zeitlos&#8220; Geschenk Box<\/h2>\n<p><strong>Bl\u00fctenhonig vom Imkermeister, 40g<\/strong>Goldgelb und kr\u00e4ftig-s\u00fc\u00df &#8211; der Klassiker unter den Honigsorten. Aromatischer Honig aus den Bl\u00fctenpollen verschiedener Obstsorten und Blumen unserer regionalen Streuobst-Wiesen.<strong>Apfelessig, 0,20l<\/strong>Fruchtig frisch ist der Apfelessig aus der Steiermark. Der Apfelessig wird aus dem besten Obst regionaler Streuobstwiesen schonend und mit viel Sorgfalt zubereitet, und l\u00e4sst sich wunderbar f\u00fcr den allt\u00e4glichen Gebrauch nutzen.<\/p>\n<p><strong>Knabber Kerne Schokomix 5 Sorten, 225g<\/strong>Knackig und gesund \u2013 die Knabberkerne aus dem ber\u00fchmten Steirischen \u00d6lk\u00fcrbis. Nur im Steirischen \u00d6lk\u00fcrbis findet man schalenlose Kerne. Und genau diese Besonderheit macht den einmaligen Geschmack der Kerne aus. Zusammen mit feiner Milchschokolade, fruchtigem Himbeer- oder Orangen-, Kokos- oder Kaffee-Aroma wird der Knabberspa\u00df zu einer abwechslungsreichen Angelegenheit.<\/p>\n<p><strong>Lik\u00f6r\/Himbeere 0,2l<\/strong>Der Himbeerlik\u00f6r ist die perfekte Lik\u00f6rspezialit\u00e4t f\u00fcr den fruchtigen Gaumen. Feine auserw\u00e4hlte, frische Himbeeren und Gew\u00fcrze bringen den einzigartigen Geschmack. Ein ganz besonderes Highlight f\u00fcr den besonderen Gaumen. Auf traditioneller Art hergestellt.<\/p>\n<p><strong>Peeling Natur Seife, 1 Stk.<\/strong><\/p>\n<h2 style=\"text-align: center;\">Deine &#8222;Zeitlos&#8220; Geschenk Box<\/h2>\n<p style=\"text-align: center;\">Dein Genuss Geschenk aus \u00d6sterreich<\/p>\n<ul>\n<li>100% Beste Regionale Premium Qualit\u00e4t<\/li>\n<li>Gratis Versand<\/li>\n<li>Umweltfreundliches Geschenk Verpackungssystem<\/li>\n<li>Heute bestellt, in 1-3 Tagen geliefert<\/li>\n<li>Tausende, zufriedene Kunden vertrauen uns<\/li>\n<\/ul>\n","protected":false},"excerpt":{"rendered":"<p>&nbsp; Inhalt Deiner &#8222;Zeitlos&#8220; Geschenk Box Bl\u00fctenhonig vom Imkermeister, 40gGoldgelb und kr\u00e4ftig-s\u00fc\u00df &#8211; der Klassiker unter den Honigsorten. Aromatischer Honig aus den Bl\u00fctenpollen verschiedener Obstsorten und Blumen unserer regionalen Streuobst-Wiesen.Apfelessig, 0,20lFruchtig frisch ist der Apfelessig aus der Steiermark. Der Apfelessig wird aus dem besten Obst regionaler Streuobstwiesen schonend und mit viel Sorgfalt zubereitet, und l\u00e4sst [&#8230;]\n","protected":false},"featured_media":14922,"comment_status":"closed","ping_status":"closed","template":"","meta":[],"product_brand":[],"product_cat":[85],"product_tag":[],"class_list":{"0":"post-14966","1":"product","2":"type-product","3":"status-publish","4":"has-post-thumbnail","6":"product_cat-geschenke","8":"first","9":"instock","10":"taxable","11":"shipping-taxable","12":"purchasable","13":"product-type-simple"},"_links":{"self":[{"href":"https:\/\/www.thermenbauernladen.com\/online\/wp-json\/wp\/v2\/product\/14966","targetHints":{"allow":["GET"]}}],"collection":[{"href":"https:\/\/www.thermenbauernladen.com\/online\/wp-json\/wp\/v2\/product"}],"about":[{"href":"https:\/\/www.thermenbauernladen.com\/online\/wp-json\/wp\/v2\/types\/product"}],"replies":[{"embeddable":true,"href":"https:\/\/www.thermenbauernladen.com\/online\/wp-json\/wp\/v2\/comments?post=14966"}],"wp:featuredmedia":[{"embeddable":true,"href":"https:\/\/www.thermenbauernladen.com\/online\/wp-json\/wp\/v2\/media\/14922"}],"wp:attachment":[{"href":"https:\/\/www.thermenbauernladen.com\/online\/wp-json\/wp\/v2\/media?parent=14966"}],"wp:term":[{"taxonomy":"product_brand","embeddable":true,"href":"https:\/\/www.thermenbauernladen.com\/online\/wp-json\/wp\/v2\/product_brand?post=14966"},{"taxonomy":"product_cat","embeddable":true,"href":"https:\/\/www.thermenbauernladen.com\/online\/wp-json\/wp\/v2\/product_cat?post=14966"},{"taxonomy":"product_tag","embeddable":true,"href":"https:\/\/www.thermenbauernladen.com\/online\/wp-json\/wp\/v2\/product_tag?post=14966"}],"curies":[{"name":"wp","href":"https:\/\/api.w.org\/{rel}","templated":true}]}}