{"id":16760,"date":"2022-02-11T14:27:07","date_gmt":"2022-02-11T13:27:07","guid":{"rendered":"https:\/\/mygeschenk.at\/?post_type=product&amp;p=16760"},"modified":"2022-02-11T14:27:07","modified_gmt":"2022-02-11T13:27:07","slug":"hirschbirn-leberaufstrich-190g-bauernhof-poeltl","status":"publish","type":"product","link":"https:\/\/www.thermenbauernladen.com\/online\/produkt\/hirschbirn-leberaufstrich-190g-bauernhof-poeltl\/","title":{"rendered":"Hirschbirn Leberaufstrich 190g &#8211; Bauernhof P\u00f6ltl"},"content":{"rendered":"<p>Die fein gehackten D\u00f6rrbirnen lassen der g\u2019schmackigen Mischung aus Schweinefleisch, Leber, Zwiebeln und Gew\u00fcrzen einen Hauch Fruchtigkeit angedeihen. So wird aus einem traditionellen Leberaufstrich ein ganz neues, ereignisreiches Geschmackserlebnis!<\/p>\n<p>&nbsp;<\/p>\n<p><u>Kulinarischer Tipp<\/u><\/p>\n<p>W\u00e4hrend der klassische Leberaufstrich neben dem Verhackerten, dem Grammelschmalz und dem K\u00fcrbiskern-Aufstrich zum Herzst\u00fcck der steirischen Brettljause geh\u00f6rt, wird unser Hirschbirn-Leberaufstrich eine kleine Attraktion auf Ihrem Jausenbrett sein. Und nat\u00fcrlich schmeckt er ganz wunderbar auf frischem, saftigem Bauernbrot.<\/p>\n<p>&nbsp;<\/p>\n<hr \/>\n<p>&nbsp;<\/p>\n<table dir=\"ltr\" border=\"0\" cellspacing=\"0\" cellpadding=\"0\" align=\"left\">\n<tbody>\n<tr>\n<td>Zutaten\/Inhaltsstoffe<\/td>\n<td><\/td>\n<\/tr>\n<tr>\n<td>Charakteristik<\/td>\n<td>w\u00fcrziger Geschmack mit dezent-fruchtigem Aroma<\/td>\n<\/tr>\n<tr>\n<td>Lagerung<\/td>\n<td><\/td>\n<\/tr>\n<tr>\n<td>Alkohol<\/td>\n<td>keiner<\/td>\n<\/tr>\n<tr>\n<td>Allergene<\/td>\n<td><\/td>\n<\/tr>\n<tr>\n<td>Passt zu<\/td>\n<td>Bauernbrot, Hirschbirnsaft<\/td>\n<\/tr>\n<\/tbody>\n<\/table>\n<hr \/>\n<p>&nbsp;<\/p>\n<hr \/>\n<p>&nbsp;<\/p>\n<div><\/div>\n<p>&nbsp;<\/p>\n<p>&nbsp;<\/p>\n<p>\u201eHerzhaft Pikantes vertr\u00e4gt auch ein Euzerl Fruchtigkeit\u201c<\/p>\n<p>&nbsp;<\/p>\n<p>Das Ergebnis daraus ist unser Hirschbirn-Leberaufstrich, den die Familie P\u00f6ltl nach traditionellem, b\u00e4uerlichem Rezept aus dem Besten vom Schwein und den preisgekr\u00f6nten Birnenfr\u00fcchten ihrer Streuobstwiesen herstellt. Dabei macht die P\u00f6llauer Hirschbirne genau das, was sie am besten kann: Sie l\u00e4sst der g\u2019schmackigen Mischung aus Schweinsbraten, Leber, Zwiebeln und Gew\u00fcrzen einen Hauch Fruchtigkeit angedeihen. Die fein gehackten D\u00f6rrbirnen zaubern aus dem deftigen Aufstrich eine kulinarische Besonderheit. So wird der Verzehr zu einem abgerundeten und ereignisreichen Geschmackserlebnis.<\/p>\n<p>&nbsp;<\/p>\n<p>\u201eBesser schmeckt, was artgerecht gehalten wird.\u201c<\/p>\n<p>&nbsp;<\/p>\n<p>Den herzhaften Speck r\u00e4uchert die Familie P\u00f6ltl in ihrer hauseigenen R\u00e4ucherkammer und w\u00fcrzt ihn nach b\u00e4uerlicher Rezeptur. Dabei legt sie besonders gro\u00dfen Wert auf Frische, was nat\u00fcrlich gl\u00fcckliche Tiere voraussetzt, die sich auf dem Bauernhof der Familie\u00a0rundherum wohlf\u00fchlen.\u00a0So genie\u00dfen Sie nicht nur um des Genie\u00dfens willen, sondern auch mit reinem Gewissen.<\/p>\n<p>&nbsp;<\/p>\n<hr \/>\n<p>&nbsp;<\/p>\n<p><u>\u00dcber den Produzenten<\/u><\/p>\n<p>Der Naturparkbauerhof P\u00f6ltl produziert f\u00fcr ihren G\u00fctesiegel-Bauernladen in P\u00f6llau neben ihren ber\u00fchmten Hirschbirn-Produkten auch Brot aus dem Holzofen, Aufstriche und Wurstwaren, und wurde mit dem \u201eLandessieg f\u00fcr den Hirschbirnenbrand\u201c und drei Mal mit einer \u201eAuszeichnung der Bauernladen-Genusspakete\u201c geehrt.<\/p>\n","protected":false},"excerpt":{"rendered":"<p>Pikant und fruchtig \u2013 der\u00a0besondere Aufstrich f\u00fcr die steirische Brettljause<\/p>\n<p>Ein herzhafter Aufstrich aus dem Besten vom Schwein und der preisgekr\u00f6nten P\u00f6llauer Hirschbirn, der nach traditionellem, b\u00e4uerlichem Rezept zubereitet wird<\/p>\n","protected":false},"featured_media":16761,"comment_status":"closed","ping_status":"closed","template":"","meta":[],"product_brand":[],"product_cat":[90,91],"product_tag":[89],"class_list":{"0":"post-16760","1":"product","2":"type-product","3":"status-publish","4":"has-post-thumbnail","6":"product_cat-kulinarik","7":"product_cat-naturparkbauernhof-poeltl","8":"product_tag-hirschbirn-leberaufstrich","9":"product_shipping_class-produkte","11":"first","12":"instock","13":"taxable","14":"shipping-taxable","15":"purchasable","16":"product-type-simple"},"_links":{"self":[{"href":"https:\/\/www.thermenbauernladen.com\/online\/wp-json\/wp\/v2\/product\/16760","targetHints":{"allow":["GET"]}}],"collection":[{"href":"https:\/\/www.thermenbauernladen.com\/online\/wp-json\/wp\/v2\/product"}],"about":[{"href":"https:\/\/www.thermenbauernladen.com\/online\/wp-json\/wp\/v2\/types\/product"}],"replies":[{"embeddable":true,"href":"https:\/\/www.thermenbauernladen.com\/online\/wp-json\/wp\/v2\/comments?post=16760"}],"wp:featuredmedia":[{"embeddable":true,"href":"https:\/\/www.thermenbauernladen.com\/online\/wp-json\/wp\/v2\/media\/16761"}],"wp:attachment":[{"href":"https:\/\/www.thermenbauernladen.com\/online\/wp-json\/wp\/v2\/media?parent=16760"}],"wp:term":[{"taxonomy":"product_brand","embeddable":true,"href":"https:\/\/www.thermenbauernladen.com\/online\/wp-json\/wp\/v2\/product_brand?post=16760"},{"taxonomy":"product_cat","embeddable":true,"href":"https:\/\/www.thermenbauernladen.com\/online\/wp-json\/wp\/v2\/product_cat?post=16760"},{"taxonomy":"product_tag","embeddable":true,"href":"https:\/\/www.thermenbauernladen.com\/online\/wp-json\/wp\/v2\/product_tag?post=16760"}],"curies":[{"name":"wp","href":"https:\/\/api.w.org\/{rel}","templated":true}]}}