{"id":16866,"date":"2022-03-14T17:52:31","date_gmt":"2022-03-14T16:52:31","guid":{"rendered":"https:\/\/mygeschenk.at\/?post_type=product&amp;p=16866"},"modified":"2022-03-14T17:52:31","modified_gmt":"2022-03-14T16:52:31","slug":"osterkorb-regionale-ostergruesse","status":"publish","type":"product","link":"https:\/\/www.thermenbauernladen.com\/online\/produkt\/osterkorb-regionale-ostergruesse\/","title":{"rendered":"Osterkorb &#8222;Regionale Ostergr\u00fc\u00dfe&#8220;"},"content":{"rendered":"<div>Alles was Sie f\u00fcr ein gelungenes Osterfest mir der gesamten Familie ben\u00f6tigen, finden Sie im Bad Waltersdorf Osterkorb. Wir liefern Ihnen diese schmackhaften Genuss nachhause.<\/div>\n<div><\/div>\n<div>Inhalt:<\/div>\n<div>ca. 200g Selchfleisch gekocht<\/div>\n<div>ca. 200g Osterw\u00fcrstel<\/div>\n<div>1 Senf SteirerErdn (Bio)<br \/>\n3 bunte Ostereier<\/div>\n<div>1 Tafel Osterschokolade<\/div>\n<div>(Karton abweichend &#8211; im Versandkarton)<\/div>\n","protected":false},"excerpt":{"rendered":"<p>Alles was Sie f\u00fcr ein gelungenes Osterfest mir der gesamten Familie ben\u00f6tigen, finden Sie im Bad Waltersdorf Osterkorb. Wir liefern Ihnen diese schmackhaften Genuss nachhause.<\/p>\n","protected":false},"featured_media":16867,"comment_status":"closed","ping_status":"closed","template":"","meta":[],"product_brand":[],"product_cat":[94],"product_tag":[],"class_list":{"0":"post-16866","1":"product","2":"type-product","3":"status-publish","4":"has-post-thumbnail","6":"product_cat-osterkorb","8":"first","9":"instock","10":"taxable","11":"shipping-taxable","12":"purchasable","13":"product-type-simple"},"_links":{"self":[{"href":"https:\/\/www.thermenbauernladen.com\/online\/wp-json\/wp\/v2\/product\/16866","targetHints":{"allow":["GET"]}}],"collection":[{"href":"https:\/\/www.thermenbauernladen.com\/online\/wp-json\/wp\/v2\/product"}],"about":[{"href":"https:\/\/www.thermenbauernladen.com\/online\/wp-json\/wp\/v2\/types\/product"}],"replies":[{"embeddable":true,"href":"https:\/\/www.thermenbauernladen.com\/online\/wp-json\/wp\/v2\/comments?post=16866"}],"wp:featuredmedia":[{"embeddable":true,"href":"https:\/\/www.thermenbauernladen.com\/online\/wp-json\/wp\/v2\/media\/16867"}],"wp:attachment":[{"href":"https:\/\/www.thermenbauernladen.com\/online\/wp-json\/wp\/v2\/media?parent=16866"}],"wp:term":[{"taxonomy":"product_brand","embeddable":true,"href":"https:\/\/www.thermenbauernladen.com\/online\/wp-json\/wp\/v2\/product_brand?post=16866"},{"taxonomy":"product_cat","embeddable":true,"href":"https:\/\/www.thermenbauernladen.com\/online\/wp-json\/wp\/v2\/product_cat?post=16866"},{"taxonomy":"product_tag","embeddable":true,"href":"https:\/\/www.thermenbauernladen.com\/online\/wp-json\/wp\/v2\/product_tag?post=16866"}],"curies":[{"name":"wp","href":"https:\/\/api.w.org\/{rel}","templated":true}]}}