{"id":16888,"date":"2022-05-13T18:10:36","date_gmt":"2022-05-13T16:10:36","guid":{"rendered":"https:\/\/mygeschenk.at\/?post_type=product&amp;p=16888"},"modified":"2022-05-13T18:10:36","modified_gmt":"2022-05-13T16:10:36","slug":"weissburgunder-075l-pichler-buschenschank","status":"publish","type":"product","link":"https:\/\/www.thermenbauernladen.com\/online\/produkt\/weissburgunder-075l-pichler-buschenschank\/","title":{"rendered":"Wei\u00dfburgunder 0,75l &#8211; Maluhof"},"content":{"rendered":"<p>Der Wei\u00dfburgunder ist einer der dezenteren hochwertigen Wein-Klassiker der Steiermark. Seine Trauben ergeben bei voller Reife den charakteristisch mandelartigen Burgunder-Geschmack und eine pikante S\u00e4urenote. Wer besonders feine Sinne besitzt, mag mitunter auch einen Aromahauch von Zitrusfr\u00fcchten und Karamell erkennen.<\/p>\n<p><u>Kulinarischer Tipp<\/u><\/p>\n<p>Schmeckt wunderbar zu Gefl\u00fcgel, Fisch, Meeresfr\u00fcchten, Spargel, K\u00e4se und zur Eier-Speis\u2019.<\/p>\n<hr \/>\n<table class=\" cke_show_border\" dir=\"ltr\" border=\"0\" cellspacing=\"0\" cellpadding=\"0\" align=\"left\">\n<tbody>\n<tr>\n<td>Charakteristik<\/td>\n<td><s>blumig<\/s>\u00a0<s>dezent; mandelartig; pikante S\u00e4urenote<\/s><\/td>\n<\/tr>\n<tr>\n<td>Vinifikation<\/td>\n<td><s>Verg\u00e4rung und Lagerung im Stahltank<\/s><\/td>\n<\/tr>\n<tr>\n<td>Trinktemperatur<\/td>\n<td>12-14\u00b0C<\/td>\n<\/tr>\n<tr>\n<td>Lage<\/td>\n<td><s>???<\/s><\/td>\n<\/tr>\n<tr>\n<td>Alkoholgehalt<\/td>\n<td><s>12,00% Vol. Alk.<\/s><\/td>\n<\/tr>\n<tr>\n<td>Passt zu<\/td>\n<td>Gefl\u00fcgel, Fisch, Meeresfr\u00fcchten, Spargel, K\u00e4se, Eier-Speise<\/td>\n<\/tr>\n<\/tbody>\n<\/table>\n<hr \/>\n<hr \/>\n<div class=\"cke_pagebreak\" title=\"Seitenumbruch einf\u00fcgen\" data-cke-display-name=\"pagebreak\" aria-label=\"Seitenumbruch einf\u00fcgen\"><\/div>\n<p><u>\u00dcber den Produzenten<\/u><\/p>\n<p>In der seit 30 Jahren als Familienbetrieb gef\u00fchrten Buschenschank mit wundersch\u00f6ner Aussicht bietet die Familie Pichler steirische Weine und Edelbr\u00e4nde aus dem eigenen Weingut, typisch steirische Spezialit\u00e4ten, frische Obsts\u00e4fte und hausgemachte Mehlspeisen.<\/p>\n<p><u>Fragen zum Produkt<\/u><\/p>\n<p>produkt@thermenbauernladen.at<\/p>\n<p><u>Herkunft<\/u><\/p>\n<p>Inmitten der Oststeiermark und dem Thermenland gelegen, erstreckt sich die 2-Thermenregion Bad Waltersdorf. Die Region ist nicht nur f\u00fcr ihre landschaftliche, sondern auch f\u00fcr ihre kulinarische Vielfalt bekannt. Vom heimischen Obst und Gem\u00fcse bis hin zu Milchprodukten bietet die Region ihren G\u00e4sten zahlreiche Natursch\u00e4tze.<\/p>\n","protected":false},"excerpt":{"rendered":"<p>Gehaltvoll und nussig \u2013 ein typischer Steirer aus der 2-Thermenregion<\/p>\n<p>Substanzreicher Wei\u00dfer mit mandelartigem Aroma und einem Hauch von Karamell<\/p>\n","protected":false},"featured_media":17189,"comment_status":"closed","ping_status":"closed","template":"","meta":[],"product_brand":[],"product_cat":[107],"product_tag":[102,104,105,106],"class_list":{"0":"post-16888","1":"product","2":"type-product","3":"status-publish","4":"has-post-thumbnail","6":"product_cat-weisswein","7":"product_tag-bad-waltersdorf","8":"product_tag-maluhof","9":"product_tag-maluhof-at","10":"product_tag-wagerberg","12":"first","13":"instock","14":"taxable","15":"shipping-taxable","16":"purchasable","17":"product-type-simple"},"_links":{"self":[{"href":"https:\/\/www.thermenbauernladen.com\/online\/wp-json\/wp\/v2\/product\/16888","targetHints":{"allow":["GET"]}}],"collection":[{"href":"https:\/\/www.thermenbauernladen.com\/online\/wp-json\/wp\/v2\/product"}],"about":[{"href":"https:\/\/www.thermenbauernladen.com\/online\/wp-json\/wp\/v2\/types\/product"}],"replies":[{"embeddable":true,"href":"https:\/\/www.thermenbauernladen.com\/online\/wp-json\/wp\/v2\/comments?post=16888"}],"wp:featuredmedia":[{"embeddable":true,"href":"https:\/\/www.thermenbauernladen.com\/online\/wp-json\/wp\/v2\/media\/17189"}],"wp:attachment":[{"href":"https:\/\/www.thermenbauernladen.com\/online\/wp-json\/wp\/v2\/media?parent=16888"}],"wp:term":[{"taxonomy":"product_brand","embeddable":true,"href":"https:\/\/www.thermenbauernladen.com\/online\/wp-json\/wp\/v2\/product_brand?post=16888"},{"taxonomy":"product_cat","embeddable":true,"href":"https:\/\/www.thermenbauernladen.com\/online\/wp-json\/wp\/v2\/product_cat?post=16888"},{"taxonomy":"product_tag","embeddable":true,"href":"https:\/\/www.thermenbauernladen.com\/online\/wp-json\/wp\/v2\/product_tag?post=16888"}],"curies":[{"name":"wp","href":"https:\/\/api.w.org\/{rel}","templated":true}]}}