{"id":16895,"date":"2022-05-13T18:10:35","date_gmt":"2022-05-13T16:10:35","guid":{"rendered":"https:\/\/mygeschenk.at\/?post_type=product&amp;p=16895"},"modified":"2022-05-13T18:10:35","modified_gmt":"2022-05-13T16:10:35","slug":"schilcher-075l-pichler-buschenschank-2","status":"publish","type":"product","link":"https:\/\/www.thermenbauernladen.com\/online\/produkt\/schilcher-075l-pichler-buschenschank-2\/","title":{"rendered":"Schilcher 0,75l &#8211; Maluhof"},"content":{"rendered":"<p>Der aus der heimischen Rebsorte &#8222;Blauer Wildbacher&#8220; gewonnene Schilcher ist ein lebendiger, feins\u00e4uerlicher Ros\u00e9wein mit fruchtiger Note, harmonischer Struktur und sortentypischem Bukett. Die Schilcher-Rebe w\u00e4chst ausschlie\u00dflich im Weinland Steiermark. Sie wurde vermutlich schon um 400 v. Chr. von den Kelten im Gebiet der heutigen Steiermark\u00a0aus einer heimischen Wildrebe gezogen und begeistert heute als Saft, Wein, Sturm und Sekt.<\/p>\n<p><u>Kulinarischer Tipp<\/u><\/p>\n<p>Genie\u00dfen Sie Ihren Schilcher am besten bei einer Trinktemperatur von 9-11\u00b0C als Aperitif oder zu w\u00fcrzigem K\u00e4se. Besonders gut harmoniert er mit Ziegen- und Schafsk\u00e4se.<\/p>\n<hr \/>\n<table class=\" cke_show_border\" dir=\"ltr\" border=\"0\" cellspacing=\"0\" cellpadding=\"0\" align=\"left\">\n<tbody>\n<tr>\n<td>Charakteristik<\/td>\n<td>trocken, resch, fruchtig und\u00a0feins\u00e4uerlich<\/td>\n<\/tr>\n<tr>\n<td>Vinifikation<\/td>\n<td><\/td>\n<\/tr>\n<tr>\n<td>Trinktemperatur<\/td>\n<td>9-11\u00b0C<\/td>\n<\/tr>\n<tr>\n<td>Lage<\/td>\n<td><\/td>\n<\/tr>\n<tr>\n<td>Alkoholgehalt<\/td>\n<td><\/td>\n<\/tr>\n<tr>\n<td>Passt zu<\/td>\n<td>leichten Gerichten aller Art, Fisch, kalter Jause<\/td>\n<\/tr>\n<\/tbody>\n<\/table>\n<hr \/>\n<hr \/>\n<div class=\"cke_pagebreak\" title=\"Seitenumbruch einf\u00fcgen\" data-cke-display-name=\"pagebreak\" aria-label=\"Seitenumbruch einf\u00fcgen\"><\/div>\n<p><u>\u00dcber den Produzenten<\/u><\/p>\n<p>In der seit 30 Jahren als Familienbetrieb gef\u00fchrten Buschenschank mit wundersch\u00f6ner Aussicht bietet die Familie Pichler steirische Weine und Edelbr\u00e4nde aus dem eigenen Weingut, typisch steirische Spezialit\u00e4ten, frische Obsts\u00e4fte und hausgemachte Mehlspeisen.<\/p>\n<p><u>Fragen zum Produkt<\/u><\/p>\n<p>produkt@thermenbauernladen.at<\/p>\n<p><u>Herkunft<\/u><\/p>\n<p>Inmitten der Oststeiermark und dem Thermenland gelegen, erstreckt sich die 2-Thermenregion Bad Waltersdorf. Die Region ist nicht nur f\u00fcr ihre landschaftliche, sondern auch f\u00fcr ihre kulinarische Vielfalt bekannt. Vom heimischen Obst und Gem\u00fcse bis hin zu Milchprodukten bietet die Region ihren G\u00e4sten zahlreiche Natursch\u00e4tze.<\/p>\n","protected":false},"excerpt":{"rendered":"<p>Rubinrot und resch \u2013 der Schilcher aus der 2-Thermenreigon<\/p>\n<p>Ein zart fruchtiger, fein s\u00e4uerlicher Ros\u00e9, dessen rote Rebe nur bei uns in der Steiermark gedeiht<\/p>\n","protected":false},"featured_media":17271,"comment_status":"closed","ping_status":"closed","template":"","meta":[],"product_brand":[],"product_cat":[111],"product_tag":[102,104,105,106],"class_list":{"0":"post-16895","1":"product","2":"type-product","3":"status-publish","4":"has-post-thumbnail","6":"product_cat-rose","7":"product_tag-bad-waltersdorf","8":"product_tag-maluhof","9":"product_tag-maluhof-at","10":"product_tag-wagerberg","12":"first","13":"instock","14":"taxable","15":"shipping-taxable","16":"product-type-simple"},"_links":{"self":[{"href":"https:\/\/www.thermenbauernladen.com\/online\/wp-json\/wp\/v2\/product\/16895","targetHints":{"allow":["GET"]}}],"collection":[{"href":"https:\/\/www.thermenbauernladen.com\/online\/wp-json\/wp\/v2\/product"}],"about":[{"href":"https:\/\/www.thermenbauernladen.com\/online\/wp-json\/wp\/v2\/types\/product"}],"replies":[{"embeddable":true,"href":"https:\/\/www.thermenbauernladen.com\/online\/wp-json\/wp\/v2\/comments?post=16895"}],"wp:featuredmedia":[{"embeddable":true,"href":"https:\/\/www.thermenbauernladen.com\/online\/wp-json\/wp\/v2\/media\/17271"}],"wp:attachment":[{"href":"https:\/\/www.thermenbauernladen.com\/online\/wp-json\/wp\/v2\/media?parent=16895"}],"wp:term":[{"taxonomy":"product_brand","embeddable":true,"href":"https:\/\/www.thermenbauernladen.com\/online\/wp-json\/wp\/v2\/product_brand?post=16895"},{"taxonomy":"product_cat","embeddable":true,"href":"https:\/\/www.thermenbauernladen.com\/online\/wp-json\/wp\/v2\/product_cat?post=16895"},{"taxonomy":"product_tag","embeddable":true,"href":"https:\/\/www.thermenbauernladen.com\/online\/wp-json\/wp\/v2\/product_tag?post=16895"}],"curies":[{"name":"wp","href":"https:\/\/api.w.org\/{rel}","templated":true}]}}