{"id":16904,"date":"2022-05-13T17:13:26","date_gmt":"2022-05-13T15:13:26","guid":{"rendered":"https:\/\/mygeschenk.at\/?post_type=product&#038;p=16904"},"modified":"2022-11-05T15:30:41","modified_gmt":"2022-11-05T14:30:41","slug":"wildleberaufstrich-220g-wildhof-sommer-2","status":"publish","type":"product","link":"https:\/\/www.thermenbauernladen.com\/online\/produkt\/wildleberaufstrich-220g-wildhof-sommer-2\/","title":{"rendered":"Wildleberaufstrich 220g, Wildhof Sommer"},"content":{"rendered":"<p>Der Leberaufstrich ist als Klassiker f\u00fcr die Brettljause bekannt, aber in der Wild-Version begeistert er noch mal auf ganz besondere Weise. Daf\u00fcr sorgt der Wildhof Sommer, der den Wildleberaufstrich nach traditionellem Familienrezept und mit dem Besten vom Wild zubereitet.<\/p>\n<p><u>Kulinarischer Tipp<\/u><\/p>\n<p>Genie\u00dfen Sie den Wildleberaufstrich zur kalten Jause mit dunklem Bauernbrot und dem fruchtigen Saft aus der preisgekr\u00f6nten P\u00f6llauer Hirschbirn.<\/p>\n<hr \/>\n<table class=\" cke_show_border\" dir=\"ltr\" border=\"0\" cellspacing=\"0\" cellpadding=\"0\" align=\"left\">\n<tbody>\n<tr>\n<td>Zutaten\/Inhaltsstoffe<\/td>\n<td><\/td>\n<\/tr>\n<tr>\n<td>Charakteristik<\/td>\n<td>zart und intensiv; feiner Wildgeschmack<\/td>\n<\/tr>\n<tr>\n<td>Lagerung<\/td>\n<td>k\u00fchl und dunkel<\/td>\n<\/tr>\n<tr>\n<td>Alkohol<\/td>\n<td>keiner<\/td>\n<\/tr>\n<tr>\n<td>Allergene<\/td>\n<td><\/td>\n<\/tr>\n<tr>\n<td>Passt zu<\/td>\n<td>Bauernbrot, Hirschbirnensaft<\/td>\n<\/tr>\n<\/tbody>\n<\/table>\n<hr \/>\n<hr \/>\n<div class=\"cke_pagebreak\" title=\"Seitenumbruch einf\u00fcgen\" data-cke-display-name=\"pagebreak\" aria-label=\"Seitenumbruch einf\u00fcgen\"><\/div>\n<p><u>\u00dcber den Produzenten<\/u><\/p>\n<p>Wildhof Sommer<\/p>\n<p><u>Fragen zum Produkt<\/u><\/p>\n<p>produkt@thermenbauernladen.at<\/p>\n","protected":false},"excerpt":{"rendered":"<p>Intensiv und zart \u2013 der Leberaufstrich vom Wild<\/p>\n<p>Ein Leberaufstrich mit dem gewissen Etwas des Wild-Geschmacks f\u00fcr die kalte Jause<\/p>\n","protected":false},"featured_media":17286,"comment_status":"closed","ping_status":"closed","template":"","meta":[],"product_brand":[],"product_cat":[130],"product_tag":[],"class_list":{"0":"post-16904","1":"product","2":"type-product","3":"status-publish","4":"has-post-thumbnail","6":"product_cat-aufstriche-fleisch-kulinarik","8":"first","9":"instock","10":"taxable","11":"shipping-taxable","12":"product-type-simple"},"_links":{"self":[{"href":"https:\/\/www.thermenbauernladen.com\/online\/wp-json\/wp\/v2\/product\/16904","targetHints":{"allow":["GET"]}}],"collection":[{"href":"https:\/\/www.thermenbauernladen.com\/online\/wp-json\/wp\/v2\/product"}],"about":[{"href":"https:\/\/www.thermenbauernladen.com\/online\/wp-json\/wp\/v2\/types\/product"}],"replies":[{"embeddable":true,"href":"https:\/\/www.thermenbauernladen.com\/online\/wp-json\/wp\/v2\/comments?post=16904"}],"wp:featuredmedia":[{"embeddable":true,"href":"https:\/\/www.thermenbauernladen.com\/online\/wp-json\/wp\/v2\/media\/17286"}],"wp:attachment":[{"href":"https:\/\/www.thermenbauernladen.com\/online\/wp-json\/wp\/v2\/media?parent=16904"}],"wp:term":[{"taxonomy":"product_brand","embeddable":true,"href":"https:\/\/www.thermenbauernladen.com\/online\/wp-json\/wp\/v2\/product_brand?post=16904"},{"taxonomy":"product_cat","embeddable":true,"href":"https:\/\/www.thermenbauernladen.com\/online\/wp-json\/wp\/v2\/product_cat?post=16904"},{"taxonomy":"product_tag","embeddable":true,"href":"https:\/\/www.thermenbauernladen.com\/online\/wp-json\/wp\/v2\/product_tag?post=16904"}],"curies":[{"name":"wp","href":"https:\/\/api.w.org\/{rel}","templated":true}]}}