{"id":17150,"date":"2022-05-13T17:17:42","date_gmt":"2022-05-13T15:17:42","guid":{"rendered":"https:\/\/mygeschenk.at\/?post_type=product&#038;p=17150"},"modified":"2022-11-05T15:33:22","modified_gmt":"2022-11-05T14:33:22","slug":"steirisches-kernoel-pesto-90g-oelmuehle-hoefler","status":"publish","type":"product","link":"https:\/\/www.thermenbauernladen.com\/online\/produkt\/steirisches-kernoel-pesto-90g-oelmuehle-hoefler\/","title":{"rendered":"Steirisches Kernoel Pesto 90g &#8211; \u00d6lm\u00fchle H\u00f6fler"},"content":{"rendered":"<h1 class=\"designation\">Steirisches Kernoel Pesto 90g &#8211; \u00d6lm\u00fchle H\u00f6fler<\/h1>\n","protected":false},"excerpt":{"rendered":"<h1 class=\"designation\">Steirisches Kernoel Pesto 90g &#8211; \u00d6lm\u00fchle H\u00f6fler<\/h1>\n","protected":false},"featured_media":17282,"comment_status":"closed","ping_status":"closed","template":"","meta":[],"product_brand":[],"product_cat":[3978,145],"product_tag":[],"class_list":{"0":"post-17150","1":"product","2":"type-product","3":"status-publish","4":"has-post-thumbnail","6":"product_cat-kuerbisprodukte","7":"product_cat-salzegewuerze-spezialitaeten","9":"first","10":"instock","11":"taxable","12":"shipping-taxable","13":"product-type-simple"},"_links":{"self":[{"href":"https:\/\/www.thermenbauernladen.com\/online\/wp-json\/wp\/v2\/product\/17150","targetHints":{"allow":["GET"]}}],"collection":[{"href":"https:\/\/www.thermenbauernladen.com\/online\/wp-json\/wp\/v2\/product"}],"about":[{"href":"https:\/\/www.thermenbauernladen.com\/online\/wp-json\/wp\/v2\/types\/product"}],"replies":[{"embeddable":true,"href":"https:\/\/www.thermenbauernladen.com\/online\/wp-json\/wp\/v2\/comments?post=17150"}],"wp:featuredmedia":[{"embeddable":true,"href":"https:\/\/www.thermenbauernladen.com\/online\/wp-json\/wp\/v2\/media\/17282"}],"wp:attachment":[{"href":"https:\/\/www.thermenbauernladen.com\/online\/wp-json\/wp\/v2\/media?parent=17150"}],"wp:term":[{"taxonomy":"product_brand","embeddable":true,"href":"https:\/\/www.thermenbauernladen.com\/online\/wp-json\/wp\/v2\/product_brand?post=17150"},{"taxonomy":"product_cat","embeddable":true,"href":"https:\/\/www.thermenbauernladen.com\/online\/wp-json\/wp\/v2\/product_cat?post=17150"},{"taxonomy":"product_tag","embeddable":true,"href":"https:\/\/www.thermenbauernladen.com\/online\/wp-json\/wp\/v2\/product_tag?post=17150"}],"curies":[{"name":"wp","href":"https:\/\/api.w.org\/{rel}","templated":true}]}}