{"id":17293,"date":"2022-05-14T13:35:12","date_gmt":"2022-05-14T11:35:12","guid":{"rendered":"https:\/\/mygeschenk.at\/?post_type=product&amp;p=17293"},"modified":"2022-05-14T13:35:12","modified_gmt":"2022-05-14T11:35:12","slug":"hirschbirnen-chutney-210g-bauernhof-poeltl","status":"publish","type":"product","link":"https:\/\/www.thermenbauernladen.com\/online\/produkt\/hirschbirnen-chutney-210g-bauernhof-poeltl\/","title":{"rendered":"Hirschbirnen Chutney 210g &#8211; Bauernhof P\u00f6ltl"},"content":{"rendered":"<h2>Hirschbirnen Chutney 210g &#8211; Naturparkbauernhof P\u00f6ltl<\/h2>\n<p>Die preisgekr\u00f6nte P\u00f6llauer Hirschbirne\u00a0als herzhaftes Hirschbirn-Chutney! Wer bislang nur s\u00fc\u00dfes Frucht-Gelee kannte, sollte unbedingt den pikanten Verwandten aus Fr\u00fcchten, Zwiebeln, Ingwer, Chili und Gew\u00fcrzen kennenlernen.<\/p>\n<p>&nbsp;<\/p>\n<p><u>Kulinarischer Tipp<\/u><\/p>\n<p>&nbsp;<\/p>\n<p>Die Geschmacksvielfalt des Hirschbirn-Chutneys wird Sie besonders zu mildem und wu\u0308rzigem Ka\u0308se begeistern, aber auch zur herzhaften Nachmittagsjause oder als Beilage zu verschiedenen Fleischgerichten. Servieren Sie zum Beispiel Ihr Rindersteak nicht wie gehabt mit Pommes oder Potato Wedges, sondern mit frischem Salat, Kra\u0308uterbutter und Hirschbirn-Chutney.<\/p>\n<p>Zutaten\/Inhaltsstoffe: Hirschbirnensaft-Essig, Birnen, D\u00f6rrbirnen, Zwiebel, Ingwer, Chili, Zucker<br \/>\nCharakteristik: su\u0308\u00dfsaure Note mit feinem Birnengeschmack; leichter Chili-Sch\u00e4rfe im Abgang<br \/>\nLagerung: 2 Jahre Mindesthaltbarkeit; trocken, dunkel und k\u00fchl lagern<br \/>\nPasst zu: K\u00e4se, Fleisch, Salate<\/p>\n<p>&nbsp;<\/p>\n<div><\/div>\n<p>&nbsp;<\/p>\n<p>&#8222;Herzhaft schmeckt, wo hinein sein Herz man steckt.&#8220;<\/p>\n<p>&nbsp;<\/p>\n<p>Wenn es in der Stube nach karamellisiertem Zucker, gedu\u0308nsteten Zwiebeln, Birnen und feinen Gewu\u0308rzen riecht, ist bei uns Chutney-Zeit. Zeit ist hier im Po\u0308llauer Naturpark u\u0308berhaupt gro\u00dfgeschrieben. Und die brauchen wir auch fu\u0308r unser beliebtes Hirschbirn-Chutney. Um aus der preisgekro\u0308nten Hirschbirne ein herzhaftes Chutney zu gewinnen, verbinden wir Tradition mit Innovation. Urspru\u0308nglich kommt das Chutney na\u0308mlich aus Indien und wurde unter anderem aus Mangos hergestellt. Wir haben unsere gesunde Hirschbirne und die pikante Gewu\u0308rzmischung eines Chutneys kombiniert und daraus ein erstes Hirschbirn-Chutney kreiert, das sich als idealer Speisebegleiter unserer heimischen Ku\u0308che erwiesen hat.<\/p>\n<p>Wer zu seinem Braten oder Ka\u0308se noch nie ein Chutney genossen hat, hat einiges verpasst. Denn im Chutney finden Su\u0308\u00dfes, Saures und Scharfes zusammen, und das macht es zum perfekte Speisebegleiter fu\u0308r Ka\u0308se und alle Sorten von Fleisch. So la\u0308sst das Hirschbirn-Chutney manch landla\u0308ufige Beilage blass aussehen.<\/p>\n<p>&nbsp;<\/p>\n<p><u>\u00dcber den Produzenten<\/u><\/p>\n<p>Die Familie P\u00f6ltl produziert f\u00fcr ihren G\u00fctesiegel-Bauernladen in P\u00f6llau neben Hirschbirn-Produkten auch Brot aus dem Holzofen, Selchfleisch, Aufstriche und Wurstwaren. Die Familie wurde mit dem &#8222;Landessieg f\u00fcr den Hirschbirnenbrand&#8220; und drei Mal mit einer<em>\u00a0<\/em>&#8222;Auszeichnung der Bauernladen-Genusspakete&#8220;<em>\u00a0<\/em>geehrt und erhielt das<em>\u00a0<\/em>Qualit\u00e4tsg\u00fctesiegel \u201e4 Blumen\u201c<em>.<\/em><\/p>\n","protected":false},"excerpt":{"rendered":"<p>S\u00fc\u00df, sauer und scharf &#8211; die Innovation aus dem Naturpark P\u00f6llauer Tal<\/p>\n<p>Der perfekte Speisebegleiter fu\u0308r K\u00e4se und alle Sorten von Fleisch<\/p>\n","protected":false},"featured_media":17294,"comment_status":"closed","ping_status":"closed","template":"","meta":[],"product_brand":[],"product_cat":[91],"product_tag":[],"class_list":{"0":"post-17293","1":"product","2":"type-product","3":"status-publish","4":"has-post-thumbnail","6":"product_cat-naturparkbauernhof-poeltl","8":"first","9":"instock","10":"taxable","11":"shipping-taxable","12":"product-type-simple"},"_links":{"self":[{"href":"https:\/\/www.thermenbauernladen.com\/online\/wp-json\/wp\/v2\/product\/17293","targetHints":{"allow":["GET"]}}],"collection":[{"href":"https:\/\/www.thermenbauernladen.com\/online\/wp-json\/wp\/v2\/product"}],"about":[{"href":"https:\/\/www.thermenbauernladen.com\/online\/wp-json\/wp\/v2\/types\/product"}],"replies":[{"embeddable":true,"href":"https:\/\/www.thermenbauernladen.com\/online\/wp-json\/wp\/v2\/comments?post=17293"}],"wp:featuredmedia":[{"embeddable":true,"href":"https:\/\/www.thermenbauernladen.com\/online\/wp-json\/wp\/v2\/media\/17294"}],"wp:attachment":[{"href":"https:\/\/www.thermenbauernladen.com\/online\/wp-json\/wp\/v2\/media?parent=17293"}],"wp:term":[{"taxonomy":"product_brand","embeddable":true,"href":"https:\/\/www.thermenbauernladen.com\/online\/wp-json\/wp\/v2\/product_brand?post=17293"},{"taxonomy":"product_cat","embeddable":true,"href":"https:\/\/www.thermenbauernladen.com\/online\/wp-json\/wp\/v2\/product_cat?post=17293"},{"taxonomy":"product_tag","embeddable":true,"href":"https:\/\/www.thermenbauernladen.com\/online\/wp-json\/wp\/v2\/product_tag?post=17293"}],"curies":[{"name":"wp","href":"https:\/\/api.w.org\/{rel}","templated":true}]}}