{"id":17312,"date":"2022-05-24T17:02:18","date_gmt":"2022-05-24T15:02:18","guid":{"rendered":"https:\/\/mygeschenk.at\/?post_type=product&amp;p=17312"},"modified":"2022-05-24T17:02:18","modified_gmt":"2022-05-24T15:02:18","slug":"saemling-075l-weinhof-pichler","status":"publish","type":"product","link":"https:\/\/www.thermenbauernladen.com\/online\/produkt\/saemling-075l-weinhof-pichler\/","title":{"rendered":"S\u00e4mling 0,75l &#8211; Weinhof Pichler"},"content":{"rendered":"<h2>S\u00e4mling 0,75l &#8211; Weinhof Pichler<\/h2>\n<p>Strahlend-klares Gr\u00fcngelb mit sch\u00f6nem Kohlens\u00e4urespiel. In der Nase sind deutliche Duftnuancen nach Kr\u00e4utern, Melonen und Birnen festzustellen. Noch deutlicher pr\u00e4sentiert sich dieser Wein am Gaumen, die saftige vielschichtige Frucht die schon in der Nase festzustellen war ist am Gaumen ausgepr\u00e4gt vorhanden wobei sich noch eine dezente s\u00fc\u00dfliche W\u00fcrze dazugesellt. Ausgestatett mit einer harmonischen feinen S\u00e4ure, garantiert uns dieser feine Tropfen einen angenehmen fruchtbetonten Abgang.<\/p>\n<p>SPEISENEMPFELUNG:<br \/>\nGebratenes mit Kr\u00e4utern gew\u00fcrztes helles Fleisch, Fischgerichte und Asiatische Gerichte.<\/p>\n<p>Lage: Leitersdorfberg<br \/>\nVinifikation: Verg\u00e4rung und Lagerung im Stahltank<br \/>\nTrinkreife : ab sofort<br \/>\nCharakteristik: Halbtrocken<\/p>\n<p>Alkoholgehalt: 12,00% Vol. Alk.<br \/>\nRestzucker: 10,50 g\/l RZ<br \/>\nS\u00e4uregehalt: 6,10 g\/l tbS<br \/>\nFlaschengr\u00f6\u00dfe: 0,75 l<\/p>\n<p>&nbsp;<\/p>\n<p><u>\u00dcber den Produzenten<\/u><\/p>\n<p>Der Weinhof Pichler hat seine Wurzeln im b\u00e4uerlichen Familienunternehmen, das seit Generationen in Leitersdorf besteht. Auf rund zw\u00f6lf Hektar wachsen die Trauben des Betriebs, die, zu verschiedenen Sorten edler Tropfen verarbeitet, auch Kenner \u00fcberzeugen. Der Schwerpunkt des Weinhofs liegt vor allem bei klassisch-trockenen Weinen.<\/p>\n<p>&nbsp;<\/p>\n<p>Fragen zum Produkt<\/p>\n<p>produkt@thermenbauernladen.at<\/p>\n<p>&nbsp;<\/p>\n<p><u>Herkunft<\/u><\/p>\n<p>Inmitten der Oststeiermark und dem Thermenland gelegen, erstreckt sich die 2-Thermenregion Bad Waltersdorf. Die Region ist nicht nur f\u00fcr ihre landschaftliche, sondern auch f\u00fcr ihre kulinarische Vielfalt bekannt. Vom heimischen Obst und Gem\u00fcse bis hin zu Milchprodukten bietet die Region ihren G\u00e4sten zahlreiche Natursch\u00e4tze.<\/p>\n","protected":false},"excerpt":{"rendered":"<p>S\u00e4mling 0,75l &#8211; Weinhof Pichler Strahlend-klares Gr\u00fcngelb mit sch\u00f6nem Kohlens\u00e4urespiel. In der Nase sind deutliche Duftnuancen nach Kr\u00e4utern, Melonen und Birnen festzustellen. Noch deutlicher pr\u00e4sentiert sich dieser Wein am Gaumen, die saftige vielschichtige Frucht die schon in der Nase festzustellen war ist am Gaumen ausgepr\u00e4gt vorhanden wobei sich noch eine dezente s\u00fc\u00dfliche W\u00fcrze dazugesellt. Ausgestatett [&#8230;]\n","protected":false},"featured_media":17314,"comment_status":"closed","ping_status":"closed","template":"","meta":[],"product_brand":[],"product_cat":[3972,107],"product_tag":[],"class_list":{"0":"post-17312","1":"product","2":"type-product","3":"status-publish","4":"has-post-thumbnail","6":"product_cat-weinhof-pichler","7":"product_cat-weisswein","9":"first","10":"instock","11":"taxable","12":"shipping-taxable","13":"product-type-simple"},"_links":{"self":[{"href":"https:\/\/www.thermenbauernladen.com\/online\/wp-json\/wp\/v2\/product\/17312","targetHints":{"allow":["GET"]}}],"collection":[{"href":"https:\/\/www.thermenbauernladen.com\/online\/wp-json\/wp\/v2\/product"}],"about":[{"href":"https:\/\/www.thermenbauernladen.com\/online\/wp-json\/wp\/v2\/types\/product"}],"replies":[{"embeddable":true,"href":"https:\/\/www.thermenbauernladen.com\/online\/wp-json\/wp\/v2\/comments?post=17312"}],"wp:featuredmedia":[{"embeddable":true,"href":"https:\/\/www.thermenbauernladen.com\/online\/wp-json\/wp\/v2\/media\/17314"}],"wp:attachment":[{"href":"https:\/\/www.thermenbauernladen.com\/online\/wp-json\/wp\/v2\/media?parent=17312"}],"wp:term":[{"taxonomy":"product_brand","embeddable":true,"href":"https:\/\/www.thermenbauernladen.com\/online\/wp-json\/wp\/v2\/product_brand?post=17312"},{"taxonomy":"product_cat","embeddable":true,"href":"https:\/\/www.thermenbauernladen.com\/online\/wp-json\/wp\/v2\/product_cat?post=17312"},{"taxonomy":"product_tag","embeddable":true,"href":"https:\/\/www.thermenbauernladen.com\/online\/wp-json\/wp\/v2\/product_tag?post=17312"}],"curies":[{"name":"wp","href":"https:\/\/api.w.org\/{rel}","templated":true}]}}