{"id":17337,"date":"2022-05-24T17:19:54","date_gmt":"2022-05-24T15:19:54","guid":{"rendered":"https:\/\/mygeschenk.at\/?post_type=product&amp;p=17337"},"modified":"2022-05-24T17:19:54","modified_gmt":"2022-05-24T15:19:54","slug":"welschriesling-075l-weinhof-pichler","status":"publish","type":"product","link":"https:\/\/www.thermenbauernladen.com\/online\/produkt\/welschriesling-075l-weinhof-pichler\/","title":{"rendered":"Welschriesling 0,75l &#8211; Weinhof Pichler"},"content":{"rendered":"<h2>Welschriesling 0,75l &#8211; Weinhof Pichler<\/h2>\n<p>Strahlendes helles Strohgelb mit deutlichen Gr\u00fcnreflexen und einem feinen sch\u00f6nen Kohlens\u00e4urespiel. Einladender prim\u00e4rer Duft nach frisch geernteten Obst, bl\u00fchenden Kr\u00e4utern und Zitrusfr\u00fcchten. Jugendlich, erfrischend, ausgestattet mit einem angenehmen Fruchtgeschmack pr\u00e4sentiert sich dieser Welschriesling am Gaumen. Frisch geerntete \u00c4pfel gepaart mit Zitrusfr\u00fcchten und einer eleganten W\u00fcrze aus bl\u00fchenden Kr\u00e4utern bilden das Hauptger\u00fcst bei diesem feinen Wein. Feine gut integrierte S\u00e4ure die den Wein zum Finale f\u00fchrt, rundet dieses erfrischende Weinerlebnis angenehm ab.<\/p>\n<p>Empfehlung:<br \/>\nSommer Terassenzeit, deftige regionale Jausengerichte.<\/p>\n<p>Lage: Leitersdorfberg<br \/>\nVinifikation: Verg\u00e4rung und Lagerung im Stahltank<br \/>\nTrinktemperatur: 10-12\u00b0C<br \/>\nTrinkreife : ab sofort<br \/>\nCharakteristik: trocken<\/p>\n<p>Alkoholgehalt: 12,00% Vol. Alk.<br \/>\nRestzucker: 2,00 g\/l RZ<br \/>\nS\u00e4uregehalt: 6,30 g\/l tbS<br \/>\nFlaschengr\u00f6\u00dfe: 0,75 l<\/p>\n<p>&nbsp;<\/p>\n<p>~~<\/p>\n<p>&nbsp;<\/p>\n<p><u>\u00dcber den Produzenten<\/u><\/p>\n<p>Der Weinhof Pichler hat seine Wurzeln im b\u00e4uerlichen Familienunternehmen, das seit Generationen in Leitersdorf besteht. Auf rund zw\u00f6lf Hektar wachsen die Trauben des Betriebs, die, zu verschiedenen Sorten edler Tropfen verarbeitet, auch Kenner \u00fcberzeugen. Der Schwerpunkt des Weinhofs liegt vor allem bei klassisch-trockenen Weinen.<\/p>\n<p>&nbsp;<\/p>\n<p>&nbsp;<\/p>\n<p>Fragen zum Produkt<\/p>\n<p>produkt@thermenbauernladen.at<\/p>\n<p>&nbsp;<\/p>\n<p>&nbsp;<\/p>\n<p><u>Herkunft<\/u><\/p>\n<p>Inmitten der Oststeiermark und dem Thermenland gelegen, erstreckt sich die 2-Thermenregion Bad Waltersdorf. Die Region ist nicht nur f\u00fcr ihre landschaftliche, sondern auch f\u00fcr ihre kulinarische Vielfalt bekannt. Vom heimischen Obst und Gem\u00fcse bis hin zu Milchprodukten bietet die Region ihren G\u00e4sten zahlreiche Natursch\u00e4tze.<\/p>\n","protected":false},"excerpt":{"rendered":"<p>Welschriesling 0,75l &#8211; Weinhof Pichler Strahlendes helles Strohgelb mit deutlichen Gr\u00fcnreflexen und einem feinen sch\u00f6nen Kohlens\u00e4urespiel. Einladender prim\u00e4rer Duft nach frisch geernteten Obst, bl\u00fchenden Kr\u00e4utern und Zitrusfr\u00fcchten. Jugendlich, erfrischend, ausgestattet mit einem angenehmen Fruchtgeschmack pr\u00e4sentiert sich dieser Welschriesling am Gaumen. Frisch geerntete \u00c4pfel gepaart mit Zitrusfr\u00fcchten und einer eleganten W\u00fcrze aus bl\u00fchenden Kr\u00e4utern bilden das [&#8230;]\n","protected":false},"featured_media":17338,"comment_status":"closed","ping_status":"closed","template":"","meta":[],"product_brand":[],"product_cat":[3972,107],"product_tag":[],"class_list":{"0":"post-17337","1":"product","2":"type-product","3":"status-publish","4":"has-post-thumbnail","6":"product_cat-weinhof-pichler","7":"product_cat-weisswein","9":"first","10":"instock","11":"taxable","12":"shipping-taxable","13":"product-type-simple"},"_links":{"self":[{"href":"https:\/\/www.thermenbauernladen.com\/online\/wp-json\/wp\/v2\/product\/17337","targetHints":{"allow":["GET"]}}],"collection":[{"href":"https:\/\/www.thermenbauernladen.com\/online\/wp-json\/wp\/v2\/product"}],"about":[{"href":"https:\/\/www.thermenbauernladen.com\/online\/wp-json\/wp\/v2\/types\/product"}],"replies":[{"embeddable":true,"href":"https:\/\/www.thermenbauernladen.com\/online\/wp-json\/wp\/v2\/comments?post=17337"}],"wp:featuredmedia":[{"embeddable":true,"href":"https:\/\/www.thermenbauernladen.com\/online\/wp-json\/wp\/v2\/media\/17338"}],"wp:attachment":[{"href":"https:\/\/www.thermenbauernladen.com\/online\/wp-json\/wp\/v2\/media?parent=17337"}],"wp:term":[{"taxonomy":"product_brand","embeddable":true,"href":"https:\/\/www.thermenbauernladen.com\/online\/wp-json\/wp\/v2\/product_brand?post=17337"},{"taxonomy":"product_cat","embeddable":true,"href":"https:\/\/www.thermenbauernladen.com\/online\/wp-json\/wp\/v2\/product_cat?post=17337"},{"taxonomy":"product_tag","embeddable":true,"href":"https:\/\/www.thermenbauernladen.com\/online\/wp-json\/wp\/v2\/product_tag?post=17337"}],"curies":[{"name":"wp","href":"https:\/\/api.w.org\/{rel}","templated":true}]}}