{"id":17343,"date":"2022-05-24T17:22:58","date_gmt":"2022-05-24T15:22:58","guid":{"rendered":"https:\/\/mygeschenk.at\/?post_type=product&amp;p=17343"},"modified":"2022-05-24T17:22:58","modified_gmt":"2022-05-24T15:22:58","slug":"weissburgunder-075l-weingut-glatz","status":"publish","type":"product","link":"https:\/\/www.thermenbauernladen.com\/online\/produkt\/weissburgunder-075l-weingut-glatz\/","title":{"rendered":"Wei\u00dfburgunder 0,75l &#8211; Weingut Glatz"},"content":{"rendered":"<h2>Wei\u00dfburgunder 0,75l &#8211; Weingut Glatz<\/h2>\n<p>Charakteristik<br \/>\nGelbe Birne und wei\u00dfe Bl\u00fcte mit zarten Honigankl\u00e4ngen, untermalt von nussiger W\u00fcrze; weich und harmonisch mit graziler Frucht im Abgang.<\/p>\n<p>Vinifikation:<br \/>\nSehr langsam vergoren im temperaturgesteuerten Stahltank, Lagerung auf der Feinhefe.<\/p>\n<p>Boden: Sandiger Lehmboden<\/p>\n<p>Erntegradation: 19,5\u00b0 KMW<br \/>\nTrinktemperatur: 8-11 \u00b0 C<br \/>\nTrinkreife: 2018-2021<br \/>\nAlkoholgehalt: 12,0% Vol. Alk.<br \/>\nRestzucker: 3,3 g\/l RZ<br \/>\nFlaschengr\u00f6\u00dfe: 0.75 l<\/p>\n","protected":false},"excerpt":{"rendered":"<p>Wei\u00dfburgunder 0,75l &#8211; Weingut Glatz<\/p>\n","protected":false},"featured_media":17345,"comment_status":"closed","ping_status":"closed","template":"","meta":[],"product_brand":[],"product_cat":[107],"product_tag":[],"class_list":{"0":"post-17343","1":"product","2":"type-product","3":"status-publish","4":"has-post-thumbnail","6":"product_cat-weisswein","8":"first","9":"instock","10":"taxable","11":"shipping-taxable","12":"product-type-simple"},"_links":{"self":[{"href":"https:\/\/www.thermenbauernladen.com\/online\/wp-json\/wp\/v2\/product\/17343","targetHints":{"allow":["GET"]}}],"collection":[{"href":"https:\/\/www.thermenbauernladen.com\/online\/wp-json\/wp\/v2\/product"}],"about":[{"href":"https:\/\/www.thermenbauernladen.com\/online\/wp-json\/wp\/v2\/types\/product"}],"replies":[{"embeddable":true,"href":"https:\/\/www.thermenbauernladen.com\/online\/wp-json\/wp\/v2\/comments?post=17343"}],"wp:featuredmedia":[{"embeddable":true,"href":"https:\/\/www.thermenbauernladen.com\/online\/wp-json\/wp\/v2\/media\/17345"}],"wp:attachment":[{"href":"https:\/\/www.thermenbauernladen.com\/online\/wp-json\/wp\/v2\/media?parent=17343"}],"wp:term":[{"taxonomy":"product_brand","embeddable":true,"href":"https:\/\/www.thermenbauernladen.com\/online\/wp-json\/wp\/v2\/product_brand?post=17343"},{"taxonomy":"product_cat","embeddable":true,"href":"https:\/\/www.thermenbauernladen.com\/online\/wp-json\/wp\/v2\/product_cat?post=17343"},{"taxonomy":"product_tag","embeddable":true,"href":"https:\/\/www.thermenbauernladen.com\/online\/wp-json\/wp\/v2\/product_tag?post=17343"}],"curies":[{"name":"wp","href":"https:\/\/api.w.org\/{rel}","templated":true}]}}