{"id":17349,"date":"2022-05-24T17:46:26","date_gmt":"2022-05-24T15:46:26","guid":{"rendered":"https:\/\/mygeschenk.at\/?post_type=product&amp;p=17349"},"modified":"2022-05-24T17:46:26","modified_gmt":"2022-05-24T15:46:26","slug":"der-auserwaehlte-075l-weinhof-pichler","status":"publish","type":"product","link":"https:\/\/www.thermenbauernladen.com\/online\/produkt\/der-auserwaehlte-075l-weinhof-pichler\/","title":{"rendered":"Der Auserw\u00e4hlte 0,75l &#8211; Weinhof Pichler"},"content":{"rendered":"<h2>Der Auserw\u00e4hlte 0,75l &#8211; Weinhof Pichler<\/h2>\n<p>Das kr\u00e4ftige Rubinrot mit violettem Rand und das Aroma nach dunklen Beeren und w\u00e4rmenden Gew\u00fcrzen machen aus unserem \u201eAuserw\u00e4hlten\u201c einen edlen Wein mit komplexem Empfindungsspiel in der Nase und am Gaumen. Der dunkle Rote besitzt eine hohe Menge an Fruchtschmelz kombiniert mit eleganten R\u00f6staromen und einer harmonischen S\u00e4urestruktur. Mit seinem reifen und sp\u00fcrbar festen Tanningehalt ist er ein wahrer K\u00f6nner beim Hinterlassen sch\u00f6ner, schwerer \u201eKirchenfenster\u201c-Schlieren an der Wand ihres Weinglases.<\/p>\n<p>&nbsp;<\/p>\n<p><u>Kulinarischer Tipp<\/u><\/p>\n<p>Schmeckt wunderbar zu dunklen Fleisch- oder Wildgerichten mit kr\u00e4ftigen Saucen, zu Ente und Strau\u00df, oder als Finale eines gediegenen Mals (z.B. begleitend zur Zigarre oder Pfeife).<\/p>\n<p>&nbsp;<\/p>\n<hr \/>\n<p>&nbsp;<\/p>\n<table dir=\"ltr\" border=\"0\" cellspacing=\"0\" cellpadding=\"0\" align=\"left\">\n<tbody>\n<tr>\n<td>Charakteristik<\/td>\n<td>schwer, trocken<\/td>\n<\/tr>\n<tr>\n<td>Vinifikation<\/td>\n<td>Verg\u00e4rung und Lagerung im Stahltank<\/td>\n<\/tr>\n<tr>\n<td>Trinktemperatur<\/td>\n<td>14-16\u00b0C<\/td>\n<\/tr>\n<tr>\n<td>Lage<\/td>\n<td>Leitersdorfberg &#8211; Sauberg &#8211; Wagerberg<\/td>\n<\/tr>\n<tr>\n<td>Alkoholgehalt<\/td>\n<td>13,40% Vol. Alk.<\/td>\n<\/tr>\n<tr>\n<td>Passt zu<\/td>\n<td>dunklen Fleisch- oder Wildgerichten, Ente, Strau\u00df<\/td>\n<\/tr>\n<\/tbody>\n<\/table>\n<hr \/>\n<p>&nbsp;<\/p>\n<hr \/>\n<p>&nbsp;<\/p>\n<div><\/div>\n<p>&nbsp;<\/p>\n<p><u>\u00dcber den Produzenten<\/u><\/p>\n<p>Der Weinhof Pichler hat seine Wurzeln im b\u00e4uerlichen Familienunternehmen, das seit Generationen in Leitersdorf besteht. Auf rund zw\u00f6lf Hektar wachsen die Trauben des Betriebs, die, zu verschiedenen Sorten edler Tropfen verarbeitet, auch Kenner \u00fcberzeugen. Der Schwerpunkt des Weinhofs liegt vor allem bei klassisch-trockenen Weinen.<\/p>\n<p>&nbsp;<\/p>\n<p><u>Fragen zum Produkt<\/u><\/p>\n<p>produkt@thermenbauernladen.at<\/p>\n<p>&nbsp;<\/p>\n<p><u>Herkunft<\/u><\/p>\n<p>Inmitten der Oststeiermark und dem Thermenland gelegen, erstreckt sich die 2-Thermenregion Bad Waltersdorf. Die Region ist nicht nur f\u00fcr ihre landschaftliche, sondern auch f\u00fcr ihre kulinarische Vielfalt bekannt. Vom heimischen Obst und Gem\u00fcse bis hin zu Milchprodukten bietet die Region ihren G\u00e4sten zahlreiche Natursch\u00e4tze.<\/p>\n","protected":false},"excerpt":{"rendered":"<p>Anmutig und rubinrot \u2013 der Dunkle unter den beerigen Rotweinen<\/p>\n<p>Ein schwerer, w\u00e4rmender Wein, der im Glas und der Kehle viel aromatischen Raum einnimmt<\/p>\n","protected":false},"featured_media":17350,"comment_status":"closed","ping_status":"closed","template":"","meta":[],"product_brand":[],"product_cat":[112,3972],"product_tag":[],"class_list":{"0":"post-17349","1":"product","2":"type-product","3":"status-publish","4":"has-post-thumbnail","6":"product_cat-rotwein","7":"product_cat-weinhof-pichler","9":"first","10":"instock","11":"taxable","12":"shipping-taxable","13":"product-type-simple"},"_links":{"self":[{"href":"https:\/\/www.thermenbauernladen.com\/online\/wp-json\/wp\/v2\/product\/17349","targetHints":{"allow":["GET"]}}],"collection":[{"href":"https:\/\/www.thermenbauernladen.com\/online\/wp-json\/wp\/v2\/product"}],"about":[{"href":"https:\/\/www.thermenbauernladen.com\/online\/wp-json\/wp\/v2\/types\/product"}],"replies":[{"embeddable":true,"href":"https:\/\/www.thermenbauernladen.com\/online\/wp-json\/wp\/v2\/comments?post=17349"}],"wp:featuredmedia":[{"embeddable":true,"href":"https:\/\/www.thermenbauernladen.com\/online\/wp-json\/wp\/v2\/media\/17350"}],"wp:attachment":[{"href":"https:\/\/www.thermenbauernladen.com\/online\/wp-json\/wp\/v2\/media?parent=17349"}],"wp:term":[{"taxonomy":"product_brand","embeddable":true,"href":"https:\/\/www.thermenbauernladen.com\/online\/wp-json\/wp\/v2\/product_brand?post=17349"},{"taxonomy":"product_cat","embeddable":true,"href":"https:\/\/www.thermenbauernladen.com\/online\/wp-json\/wp\/v2\/product_cat?post=17349"},{"taxonomy":"product_tag","embeddable":true,"href":"https:\/\/www.thermenbauernladen.com\/online\/wp-json\/wp\/v2\/product_tag?post=17349"}],"curies":[{"name":"wp","href":"https:\/\/api.w.org\/{rel}","templated":true}]}}