{"id":17358,"date":"2022-05-24T17:51:38","date_gmt":"2022-05-24T15:51:38","guid":{"rendered":"https:\/\/mygeschenk.at\/?post_type=product&amp;p=17358"},"modified":"2022-05-24T17:51:38","modified_gmt":"2022-05-24T15:51:38","slug":"blauer-zweigelt-barrique-075l-derpieber","status":"publish","type":"product","link":"https:\/\/www.thermenbauernladen.com\/online\/produkt\/blauer-zweigelt-barrique-075l-derpieber\/","title":{"rendered":"Blauer Zweigelt Barrique 0,75l &#8211; derPieber"},"content":{"rendered":"<h2>Blauer Zweigelt Barrique 0,75l &#8211; derPieber<\/h2>\n<p>Speisenempfehlung:<\/p>\n<p>Wild- Lamm-Rindfleischgerichte, Zartbitterschokolade, oder zu K\u00e4sevariationen.<\/p>\n","protected":false},"excerpt":{"rendered":"<p>Tiefdunkle Farbe; im Duft ein Duett von Kirschen und Schokolade, im Nachhall leicht zarte rauchige r\u00f6st Noten und elegante Tannine pr\u00e4gen den weich samtigen K\u00f6rper. Ausgebaut in kleinen Eichenholzf\u00e4ssern.<\/p>\n","protected":false},"featured_media":17359,"comment_status":"closed","ping_status":"closed","template":"","meta":[],"product_brand":[],"product_cat":[112,3973],"product_tag":[],"class_list":{"0":"post-17358","1":"product","2":"type-product","3":"status-publish","4":"has-post-thumbnail","6":"product_cat-rotwein","7":"product_cat-weinhof-pieber","9":"first","10":"instock","11":"taxable","12":"shipping-taxable","13":"product-type-simple"},"_links":{"self":[{"href":"https:\/\/www.thermenbauernladen.com\/online\/wp-json\/wp\/v2\/product\/17358","targetHints":{"allow":["GET"]}}],"collection":[{"href":"https:\/\/www.thermenbauernladen.com\/online\/wp-json\/wp\/v2\/product"}],"about":[{"href":"https:\/\/www.thermenbauernladen.com\/online\/wp-json\/wp\/v2\/types\/product"}],"replies":[{"embeddable":true,"href":"https:\/\/www.thermenbauernladen.com\/online\/wp-json\/wp\/v2\/comments?post=17358"}],"wp:featuredmedia":[{"embeddable":true,"href":"https:\/\/www.thermenbauernladen.com\/online\/wp-json\/wp\/v2\/media\/17359"}],"wp:attachment":[{"href":"https:\/\/www.thermenbauernladen.com\/online\/wp-json\/wp\/v2\/media?parent=17358"}],"wp:term":[{"taxonomy":"product_brand","embeddable":true,"href":"https:\/\/www.thermenbauernladen.com\/online\/wp-json\/wp\/v2\/product_brand?post=17358"},{"taxonomy":"product_cat","embeddable":true,"href":"https:\/\/www.thermenbauernladen.com\/online\/wp-json\/wp\/v2\/product_cat?post=17358"},{"taxonomy":"product_tag","embeddable":true,"href":"https:\/\/www.thermenbauernladen.com\/online\/wp-json\/wp\/v2\/product_tag?post=17358"}],"curies":[{"name":"wp","href":"https:\/\/api.w.org\/{rel}","templated":true}]}}