{"id":17360,"date":"2022-05-24T17:52:49","date_gmt":"2022-05-24T15:52:49","guid":{"rendered":"https:\/\/mygeschenk.at\/?post_type=product&amp;p=17360"},"modified":"2022-05-24T17:52:49","modified_gmt":"2022-05-24T15:52:49","slug":"zweigelt-075-weinhof-pichler","status":"publish","type":"product","link":"https:\/\/www.thermenbauernladen.com\/online\/produkt\/zweigelt-075-weinhof-pichler\/","title":{"rendered":"Zweigelt 0,75 &#8211; Weinhof Pichler"},"content":{"rendered":"<h2>Zweigelt 0,75 &#8211; Weinhof Pichler<\/h2>\n<p>Gl\u00e4nzendes, lebendiges Kirschrot mit dunklem Kern und einem ansehnlichen Schlierenschauspiel. Ein imposanter feiner Duft nach frisch eingelegten Kirschen die mit floralen w\u00fcrzigen Nuancen unterlegt sind. Saftige reife Kirschenfrucht mit Minze und bl\u00fchenden Kr\u00e4utern und dezenter Bitterschokolade breitet sich angenehm am Gaumen aus. Eine harmonische milde S\u00e4ure und ein reifes, weiches gutes Tannin begleiten diesen sehr fruchtig vinifizierten Zweigelt zu einem bemerkenswerten Abgang, nach welchem der Kirsch-W\u00fcrzegeschmack lange anh\u00e4lt.<\/p>\n<p>Empfehlung:<br \/>\nWarme Schinkengerichte, gekochtes Rindfleisch oder Vollwertnudeln auf Zweigeltsauce.<\/p>\n<p>Lage: Leitersdorfberg<br \/>\nVinifikation: Verg\u00e4rung und Lagerung im Stahltank<br \/>\nTrinktemperatur: 14-16\u00b0 C\u00b0C<br \/>\nTrinkreife : ab sofort<br \/>\nCharakteristik: Trocken<\/p>\n<p>Alkoholgehalt: 13,50% Vol. Alk.<br \/>\nRestzucker: 1,40 g\/l RZ<br \/>\nS\u00e4uregehalt: 5,30 g\/l tbS<br \/>\nFlaschengr\u00f6\u00dfe: 0,75 l<\/p>\n<p>&nbsp;<\/p>\n<p><u>\u00dcber den Produzenten<\/u><\/p>\n<p>Der Weinhof Pichler hat seine Wurzeln im b\u00e4uerlichen Familienunternehmen, das seit Generationen in Leitersdorf besteht. Auf rund zw\u00f6lf Hektar wachsen die Trauben des Betriebs, die, zu verschiedenen Sorten edler Tropfen verarbeitet, auch Kenner \u00fcberzeugen. Der Schwerpunkt des Weinhofs liegt vor allem bei klassisch-trockenen Weinen.<\/p>\n<p>&nbsp;<\/p>\n<p>Fragen zum Produkt<\/p>\n<p>produkt@thermenbauernladen.at<\/p>\n<p>&nbsp;<\/p>\n<p><u>Herkunft<\/u><\/p>\n<p>Inmitten der Oststeiermark und dem Thermenland gelegen, erstreckt sich die 2-Thermenregion Bad Waltersdorf. Die Region ist nicht nur f\u00fcr ihre landschaftliche, sondern auch f\u00fcr ihre kulinarische Vielfalt bekannt. Vom heimischen Obst und Gem\u00fcse bis hin zu Milchprodukten bietet die Region ihren G\u00e4sten zahlreiche Natursch\u00e4tze.<\/p>\n","protected":false},"excerpt":{"rendered":"<p>Zweigelt 0,75 &#8211; Weinhof Pichler Gl\u00e4nzendes, lebendiges Kirschrot mit dunklem Kern und einem ansehnlichen Schlierenschauspiel. Ein imposanter feiner Duft nach frisch eingelegten Kirschen die mit floralen w\u00fcrzigen Nuancen unterlegt sind. Saftige reife Kirschenfrucht mit Minze und bl\u00fchenden Kr\u00e4utern und dezenter Bitterschokolade breitet sich angenehm am Gaumen aus. Eine harmonische milde S\u00e4ure und ein reifes, weiches [&#8230;]\n","protected":false},"featured_media":17361,"comment_status":"closed","ping_status":"closed","template":"","meta":[],"product_brand":[],"product_cat":[112,3972],"product_tag":[],"class_list":{"0":"post-17360","1":"product","2":"type-product","3":"status-publish","4":"has-post-thumbnail","6":"product_cat-rotwein","7":"product_cat-weinhof-pichler","9":"first","10":"instock","11":"taxable","12":"shipping-taxable","13":"product-type-simple"},"_links":{"self":[{"href":"https:\/\/www.thermenbauernladen.com\/online\/wp-json\/wp\/v2\/product\/17360","targetHints":{"allow":["GET"]}}],"collection":[{"href":"https:\/\/www.thermenbauernladen.com\/online\/wp-json\/wp\/v2\/product"}],"about":[{"href":"https:\/\/www.thermenbauernladen.com\/online\/wp-json\/wp\/v2\/types\/product"}],"replies":[{"embeddable":true,"href":"https:\/\/www.thermenbauernladen.com\/online\/wp-json\/wp\/v2\/comments?post=17360"}],"wp:featuredmedia":[{"embeddable":true,"href":"https:\/\/www.thermenbauernladen.com\/online\/wp-json\/wp\/v2\/media\/17361"}],"wp:attachment":[{"href":"https:\/\/www.thermenbauernladen.com\/online\/wp-json\/wp\/v2\/media?parent=17360"}],"wp:term":[{"taxonomy":"product_brand","embeddable":true,"href":"https:\/\/www.thermenbauernladen.com\/online\/wp-json\/wp\/v2\/product_brand?post=17360"},{"taxonomy":"product_cat","embeddable":true,"href":"https:\/\/www.thermenbauernladen.com\/online\/wp-json\/wp\/v2\/product_cat?post=17360"},{"taxonomy":"product_tag","embeddable":true,"href":"https:\/\/www.thermenbauernladen.com\/online\/wp-json\/wp\/v2\/product_tag?post=17360"}],"curies":[{"name":"wp","href":"https:\/\/api.w.org\/{rel}","templated":true}]}}