{"id":17379,"date":"2022-05-24T18:05:44","date_gmt":"2022-05-24T16:05:44","guid":{"rendered":"https:\/\/mygeschenk.at\/?post_type=product&amp;p=17379"},"modified":"2022-05-24T18:05:44","modified_gmt":"2022-05-24T16:05:44","slug":"heckenperle-075l-weinhof-pichler","status":"publish","type":"product","link":"https:\/\/www.thermenbauernladen.com\/online\/produkt\/heckenperle-075l-weinhof-pichler\/","title":{"rendered":"Heckenperle 0,75l &#8211; Weinhof Pichler"},"content":{"rendered":"<h2>Heckenperle 0,75l &#8211; Weinhof Pichler<\/h2>\n<p>&nbsp;<\/p>\n<p>Mit ca. 11% Alkoholgehalt ist der Uhudler ein idealer Sommerwein, der auf eine lange Geschichte zur\u00fcckblicken kann. Bereits um 1860 in Europa kultiviert, hatte der Uhudler aufgrund seines nicht veredelten Rebstocks keinen besonders guten Ruf, bis er schlie\u00dflich Jahrzehnte sp\u00e4ter zum Kultgetr\u00e4nk wurde. Der kr\u00e4ftige Geschmack nach Waldbeeren und Kr\u00e4uter und die feine Zitrusnote machen aus unserem Uhudler einen Klassiker, der besonders w\u00e4hrend der warmen Monate erfrischende Genussmomente verspricht.<\/p>\n<p>&nbsp;<\/p>\n<p><u>Kulinarischer Tipp<\/u><\/p>\n<p>&nbsp;<\/p>\n<p>Schmeckt wunderbar zu Weinkuchen (\u201eBsoffene Liesl\u201c), zu K\u00e4sevariationen mit Fruchtgeeles und zu deftigen Spezialit\u00e4ten wie Verhackertes, Bratelfett, Krautsuppe oder zur Brettljause.<\/p>\n<p>&nbsp;<\/p>\n<hr \/>\n<p>&nbsp;<\/p>\n<table dir=\"ltr\" border=\"0\" cellspacing=\"0\" cellpadding=\"0\" align=\"left\">\n<tbody>\n<tr>\n<td>Charakteristik<\/td>\n<td>halbtrocken, beerig, leicht und bek\u00f6mmlich<\/td>\n<\/tr>\n<tr>\n<td>Vinifikation<\/td>\n<td>Verg\u00e4rung und Lagerung im Stahltank<\/td>\n<\/tr>\n<tr>\n<td>Trinktemperatur<\/td>\n<td>7-10\u00b0C<\/td>\n<\/tr>\n<tr>\n<td>Lage<\/td>\n<td>Leitersdorfberg\/Blumauberg<\/td>\n<\/tr>\n<tr>\n<td>Alkoholgehalt<\/td>\n<td>11,00% Vol. Alk.<\/td>\n<\/tr>\n<tr>\n<td>Passt zu<\/td>\n<td>K\u00e4se, Verhackertes, Bratlfett, Krautsuppe, Brettljause<\/td>\n<\/tr>\n<\/tbody>\n<\/table>\n<hr \/>\n<p>&nbsp;<\/p>\n<hr \/>\n<p>&nbsp;<\/p>\n<div><\/div>\n<p>&nbsp;<\/p>\n<p><u>\u00dcber den Produzenten<\/u><\/p>\n<p>Der Weinhof Pichler hat seine Wurzeln im b\u00e4uerlichen Familienunternehmen, das seit Generationen in Leitersdorf besteht. Auf rund zw\u00f6lf Hektar wachsen die Trauben des Betriebs, die, zu verschiedenen Sorten edler Tropfen verarbeitet, auch Kenner \u00fcberzeugen. Der Schwerpunkt des Weinhofs liegt vor allem bei klassisch-trockenen Weinen.<\/p>\n<p>&nbsp;<\/p>\n<p><u>Fragen zum Produkt<\/u><\/p>\n<p>produkt@thermenbauernladen.at<\/p>\n<p>&nbsp;<\/p>\n<p><u>Herkunft<\/u><\/p>\n<p>Inmitten der Oststeiermark und dem Thermenland gelegen, erstreckt sich die 2-Thermenregion Bad Waltersdorf. Die Region ist nicht nur f\u00fcr ihre landschaftliche, sondern auch f\u00fcr ihre kulinarische Vielfalt bekannt. Vom heimischen Obst und Gem\u00fcse bis hin zu Milchprodukten bietet die Region ihren G\u00e4sten zahlreiche Natursch\u00e4tze.<\/p>\n","protected":false},"excerpt":{"rendered":"<p>Intensiv und belebend \u2013 der erfrischende Kultwein aus der 2-Thermenregion<\/p>\n<p>Ein erdbeer-rosa Uhudler mit einem intensiven Aroma nach Waldbeeren, das am Gaumen lange anh\u00e4lt.<\/p>\n","protected":false},"featured_media":17380,"comment_status":"closed","ping_status":"closed","template":"","meta":[],"product_brand":[],"product_cat":[111,3972],"product_tag":[],"class_list":{"0":"post-17379","1":"product","2":"type-product","3":"status-publish","4":"has-post-thumbnail","6":"product_cat-rose","7":"product_cat-weinhof-pichler","9":"first","10":"instock","11":"taxable","12":"shipping-taxable","13":"product-type-simple"},"_links":{"self":[{"href":"https:\/\/www.thermenbauernladen.com\/online\/wp-json\/wp\/v2\/product\/17379","targetHints":{"allow":["GET"]}}],"collection":[{"href":"https:\/\/www.thermenbauernladen.com\/online\/wp-json\/wp\/v2\/product"}],"about":[{"href":"https:\/\/www.thermenbauernladen.com\/online\/wp-json\/wp\/v2\/types\/product"}],"replies":[{"embeddable":true,"href":"https:\/\/www.thermenbauernladen.com\/online\/wp-json\/wp\/v2\/comments?post=17379"}],"wp:featuredmedia":[{"embeddable":true,"href":"https:\/\/www.thermenbauernladen.com\/online\/wp-json\/wp\/v2\/media\/17380"}],"wp:attachment":[{"href":"https:\/\/www.thermenbauernladen.com\/online\/wp-json\/wp\/v2\/media?parent=17379"}],"wp:term":[{"taxonomy":"product_brand","embeddable":true,"href":"https:\/\/www.thermenbauernladen.com\/online\/wp-json\/wp\/v2\/product_brand?post=17379"},{"taxonomy":"product_cat","embeddable":true,"href":"https:\/\/www.thermenbauernladen.com\/online\/wp-json\/wp\/v2\/product_cat?post=17379"},{"taxonomy":"product_tag","embeddable":true,"href":"https:\/\/www.thermenbauernladen.com\/online\/wp-json\/wp\/v2\/product_tag?post=17379"}],"curies":[{"name":"wp","href":"https:\/\/api.w.org\/{rel}","templated":true}]}}