{"id":17383,"date":"2022-05-24T18:08:18","date_gmt":"2022-05-24T16:08:18","guid":{"rendered":"https:\/\/mygeschenk.at\/?post_type=product&amp;p=17383"},"modified":"2022-05-24T18:08:18","modified_gmt":"2022-05-24T16:08:18","slug":"schilcher-075l-weingut-glatz","status":"publish","type":"product","link":"https:\/\/www.thermenbauernladen.com\/online\/produkt\/schilcher-075l-weingut-glatz\/","title":{"rendered":"Schilcher 0,75l &#8211; Weingut Glatz"},"content":{"rendered":"<h2>Schilcher 0,75l &#8211; Weingut Glatz<\/h2>\n<p>Charakteristik<br \/>\nZartes Hellrosa erstrahlt im Glas, duftende Johannisbeerbl\u00fcte und anregende Zitrus erfreuen die Nase; erfrischende S\u00e4urestruktur begeistert mit gro\u00dfartigem Marzipan-Ribisel Finale<\/p>\n<p>Vinifikation:<br \/>\nTemperaturgesteuerte Verg\u00e4rung , Klassisch im Stahltank<\/p>\n<p>Boden: sandiger Lehmboden<\/p>\n<p>Erntegradation: 16.5\u00b0 KMW<br \/>\nTrinktemperatur: 7-10\u00b0C<br \/>\nAlkoholgehalt: 12,5% Vol. Alk.<br \/>\nRestzucker: 2,7 g\/l RZ<br \/>\nS\u00e4uregehalt: 7,5 g\/l<br \/>\nFlaschengr\u00f6\u00dfe: 0.75 l<\/p>\n","protected":false},"excerpt":{"rendered":"<h2>Schilcher 0,75l &#8211; Weingut Glatz<\/h2>\n","protected":false},"featured_media":17384,"comment_status":"closed","ping_status":"closed","template":"","meta":[],"product_brand":[],"product_cat":[111],"product_tag":[],"class_list":{"0":"post-17383","1":"product","2":"type-product","3":"status-publish","4":"has-post-thumbnail","6":"product_cat-rose","8":"first","9":"instock","10":"taxable","11":"shipping-taxable","12":"product-type-simple"},"_links":{"self":[{"href":"https:\/\/www.thermenbauernladen.com\/online\/wp-json\/wp\/v2\/product\/17383","targetHints":{"allow":["GET"]}}],"collection":[{"href":"https:\/\/www.thermenbauernladen.com\/online\/wp-json\/wp\/v2\/product"}],"about":[{"href":"https:\/\/www.thermenbauernladen.com\/online\/wp-json\/wp\/v2\/types\/product"}],"replies":[{"embeddable":true,"href":"https:\/\/www.thermenbauernladen.com\/online\/wp-json\/wp\/v2\/comments?post=17383"}],"wp:featuredmedia":[{"embeddable":true,"href":"https:\/\/www.thermenbauernladen.com\/online\/wp-json\/wp\/v2\/media\/17384"}],"wp:attachment":[{"href":"https:\/\/www.thermenbauernladen.com\/online\/wp-json\/wp\/v2\/media?parent=17383"}],"wp:term":[{"taxonomy":"product_brand","embeddable":true,"href":"https:\/\/www.thermenbauernladen.com\/online\/wp-json\/wp\/v2\/product_brand?post=17383"},{"taxonomy":"product_cat","embeddable":true,"href":"https:\/\/www.thermenbauernladen.com\/online\/wp-json\/wp\/v2\/product_cat?post=17383"},{"taxonomy":"product_tag","embeddable":true,"href":"https:\/\/www.thermenbauernladen.com\/online\/wp-json\/wp\/v2\/product_tag?post=17383"}],"curies":[{"name":"wp","href":"https:\/\/api.w.org\/{rel}","templated":true}]}}