{"id":17563,"date":"2022-05-27T11:43:08","date_gmt":"2022-05-27T09:43:08","guid":{"rendered":"https:\/\/mygeschenk.at\/?post_type=product&amp;p=17563"},"modified":"2022-05-27T11:43:08","modified_gmt":"2022-05-27T09:43:08","slug":"rotwein-balsamessig-05l-weinhof-pichler","status":"publish","type":"product","link":"https:\/\/www.thermenbauernladen.com\/online\/produkt\/rotwein-balsamessig-05l-weinhof-pichler\/","title":{"rendered":"Rotwein Balsamessig 0,5l, Weinhof Pichler"},"content":{"rendered":"<h2>Rotwein Balsamessig 0,5l, Weinhof Pichler<\/h2>\n<p>&nbsp;<\/p>\n<p>Wer ein weiches, s\u00fc\u00dfes\u00a0Aroma und eine s\u00e4mige Konsistenz im Essig sucht, ist mit Balsamessig sehr gut beraten. Das\u00a0Geheimnis des Balsamico liegt darin, dass dem Weinessig der nat\u00fcrliche und wertvolle Direktsaft der Trauben beigef\u00fcgt wird. Dadurch wird er\u00a0harmonisch, s\u00fc\u00df und aromatisch. Das steckt auch in seinem Namen, denn \u201eBalsam\u201c geht auf das hebr\u00e4ische Wort \u201ebosem\u201c zur\u00fcck, was so viel wie &#8222;wohlriechend&#8220; bedeutet.<\/p>\n<p>&nbsp;<\/p>\n<p><u>Kulinarischer Tipp<\/u><\/p>\n<p>&nbsp;<\/p>\n<p>Unser Balsamico eignet sich sowohl im Salatdressing und in Fleischmarinaden als auch zur Verfeinerung von Desserts wie Vanilleeis mit Erdbeeren, Panna Cotta, kalten Creme- und Schichtdesserts und s\u00fc\u00dfen Aufl\u00e4ufen.<\/p>\n<p>&nbsp;<\/p>\n<hr \/>\n<p>&nbsp;<\/p>\n<table dir=\"ltr\" border=\"0\" cellspacing=\"0\" cellpadding=\"0\" align=\"left\">\n<tbody>\n<tr>\n<td>Zutaten\/Inhaltsstoffe<\/td>\n<td><s>Rotweinessig, Trauben-Direktsaft, 5 % S\u00e4uregehalt<\/s><\/td>\n<\/tr>\n<tr>\n<td>Charakteristik<\/td>\n<td>ausgepr\u00e4gtes, s\u00fc\u00dfes Fruchtarmoma; angenehm runde S\u00e4ure; s\u00e4mige Konsistenz<\/td>\n<\/tr>\n<tr>\n<td>Lagerung<\/td>\n<td>trocken und dunkel;\u00a0<s>5\u00a0Jahre\u00a0Mindesthaltbarkeit<\/s><\/td>\n<\/tr>\n<tr>\n<td>Alkohol<\/td>\n<td>keiner<\/td>\n<\/tr>\n<tr>\n<td>Allergene<\/td>\n<td><s>keine<\/s><\/td>\n<\/tr>\n<tr>\n<td>Passt zu<\/td>\n<td>Fleischmarinaden, Erdbeeren, Panna Cotta, Creme- und Schichtdesserts, s\u00fc\u00dfen Aufl\u00e4ufen<\/td>\n<\/tr>\n<\/tbody>\n<\/table>\n<hr \/>\n<p>&nbsp;<\/p>\n<hr \/>\n<p>&nbsp;<\/p>\n<div><\/div>\n<p>&nbsp;<\/p>\n<p><u>\u00dcber den Produzenten<\/u><\/p>\n<p>Der Weinhof Pichler hat seine Wurzeln im b\u00e4uerlichen Familienunternehmen, das seit Generationen in Leitersdorf besteht. Auf rund zw\u00f6lf Hektar wachsen die Trauben des Betriebs, die, zu verschiedenen Sorten edler Tropfen verarbeitet, auch Kenner \u00fcberzeugen. Der Schwerpunkt des Weinhofs liegt vor allem bei klassisch-trockenen Weinen.<\/p>\n<p>&nbsp;<\/p>\n<p><u>Fragen zum Produkt<\/u><\/p>\n<p>produkt@thermenbauernladen.at<\/p>\n<p>&nbsp;<\/p>\n<p><u>Herkunft<\/u><\/p>\n<p>Inmitten der Oststeiermark und dem Thermenland gelegen, erstreckt sich die 2-Thermenregion Bad Waltersdorf. Die Region ist nicht nur f\u00fcr ihre landschaftliche, sondern auch f\u00fcr ihre kulinarische Vielfalt bekannt. Vom heimischen Obst und Gem\u00fcse bis hin zu Milchprodukten bietet die Region ihren G\u00e4sten zahlreiche Natursch\u00e4tze.<\/p>\n","protected":false},"excerpt":{"rendered":"<p>Rund, weich und aromatisch \u2013 der sanfte Rote unter den Essigen<\/p>\n<p>Ein milder, harmonischer Weinessig mit cremiger Konsistenz und abgerundeter S\u00e4urespitze.<\/p>\n","protected":false},"featured_media":17564,"comment_status":"closed","ping_status":"closed","template":"","meta":[],"product_brand":[],"product_cat":[118,3972],"product_tag":[],"class_list":{"0":"post-17563","1":"product","2":"type-product","3":"status-publish","4":"has-post-thumbnail","6":"product_cat-essigoel","7":"product_cat-weinhof-pichler","9":"first","10":"instock","11":"taxable","12":"shipping-taxable","13":"product-type-simple"},"_links":{"self":[{"href":"https:\/\/www.thermenbauernladen.com\/online\/wp-json\/wp\/v2\/product\/17563","targetHints":{"allow":["GET"]}}],"collection":[{"href":"https:\/\/www.thermenbauernladen.com\/online\/wp-json\/wp\/v2\/product"}],"about":[{"href":"https:\/\/www.thermenbauernladen.com\/online\/wp-json\/wp\/v2\/types\/product"}],"replies":[{"embeddable":true,"href":"https:\/\/www.thermenbauernladen.com\/online\/wp-json\/wp\/v2\/comments?post=17563"}],"wp:featuredmedia":[{"embeddable":true,"href":"https:\/\/www.thermenbauernladen.com\/online\/wp-json\/wp\/v2\/media\/17564"}],"wp:attachment":[{"href":"https:\/\/www.thermenbauernladen.com\/online\/wp-json\/wp\/v2\/media?parent=17563"}],"wp:term":[{"taxonomy":"product_brand","embeddable":true,"href":"https:\/\/www.thermenbauernladen.com\/online\/wp-json\/wp\/v2\/product_brand?post=17563"},{"taxonomy":"product_cat","embeddable":true,"href":"https:\/\/www.thermenbauernladen.com\/online\/wp-json\/wp\/v2\/product_cat?post=17563"},{"taxonomy":"product_tag","embeddable":true,"href":"https:\/\/www.thermenbauernladen.com\/online\/wp-json\/wp\/v2\/product_tag?post=17563"}],"curies":[{"name":"wp","href":"https:\/\/api.w.org\/{rel}","templated":true}]}}