{"id":17575,"date":"2022-05-27T11:51:20","date_gmt":"2022-05-27T09:51:20","guid":{"rendered":"https:\/\/mygeschenk.at\/?post_type=product&amp;p=17575"},"modified":"2022-05-27T11:51:20","modified_gmt":"2022-05-27T09:51:20","slug":"apfelessig-1l-naturparkbauerhof-poeltl","status":"publish","type":"product","link":"https:\/\/www.thermenbauernladen.com\/online\/produkt\/apfelessig-1l-naturparkbauerhof-poeltl\/","title":{"rendered":"Apfelessig 1l &#8211; Naturparkbauerhof P\u00f6ltl"},"content":{"rendered":"<h2>Apfelessig 1l &#8211; Naturparkbauerhof P\u00f6ltl<\/h2>\n<p>&nbsp;<\/p>\n<p>Der Apfelessig der Familie P\u00f6ltl wird\u00a0aus dem besten Obst\u00a0regionaler Streuobstwiesen schonend und mit viel Sorgfalt zubereitet, und l\u00e4sst sich wunderbar f\u00fcr den allt\u00e4glichen Gebrauch nutzen.<\/p>\n<p>&nbsp;<\/p>\n<p><u>Kulinarischer Tipp<\/u><\/p>\n<p>&nbsp;<\/p>\n<p>Ob zum\u00a0Salat oder zur besonderen W\u00fcrze verschiedener Saucen, der Apfelessig kann vielseitig Verwendung finden.<\/p>\n<p>&nbsp;<\/p>\n<hr \/>\n<p>&nbsp;<\/p>\n<table dir=\"ltr\" border=\"0\" cellspacing=\"0\" cellpadding=\"0\" align=\"left\">\n<tbody>\n<tr>\n<td>Zutaten\/Inhaltsstoffe<\/td>\n<td><\/td>\n<\/tr>\n<tr>\n<td>Charakteristik<\/td>\n<td>fruchtig frisches Aroma, angenehmer S\u00e4uregehalt<\/td>\n<\/tr>\n<tr>\n<td>Lagerung<\/td>\n<td><\/td>\n<\/tr>\n<tr>\n<td>Alkohol<\/td>\n<td>keiner<\/td>\n<\/tr>\n<tr>\n<td>Allergene<\/td>\n<td><\/td>\n<\/tr>\n<tr>\n<td>Passt zu<\/td>\n<td>Salat, Saucen, Dips<\/td>\n<\/tr>\n<\/tbody>\n<\/table>\n<hr \/>\n<p>&nbsp;<\/p>\n<hr \/>\n<p>&nbsp;<\/p>\n<div><\/div>\n<p>&nbsp;<\/p>\n<p><u>\u00dcber den Produzenten<\/u><\/p>\n<p>Die Familie P\u00f6ltl produziert f\u00fcr ihren G\u00fctesiegel-Bauernladen in P\u00f6llau neben ihren ber\u00fchmten Hirschbirn-Produkten auch Brot aus dem Holzofen, Aufstriche und Wurstwaren, und wurde mit dem \u201eLandessieg f\u00fcr den Hirschbirnenbrand\u201c und drei Mal mit einer\u00a0\u201eAuszeichnung der Bauernladen-Genusspakete\u201c\u00a0geehrt.<\/p>\n","protected":false},"excerpt":{"rendered":"<p>Fruchtig frisch &#8211; der Apfelessig aus P\u00f6llau<\/p>\n<p>Ein Klassiker f\u00fcr den t\u00e4glichen Gebrauch\u00a0aus den saftigen \u00c4pfeln des Naturparks P\u00f6llauer Tal<\/p>\n","protected":false},"featured_media":17576,"comment_status":"closed","ping_status":"closed","template":"","meta":[],"product_brand":[],"product_cat":[118],"product_tag":[],"class_list":{"0":"post-17575","1":"product","2":"type-product","3":"status-publish","4":"has-post-thumbnail","6":"product_cat-essigoel","8":"first","9":"instock","10":"taxable","11":"shipping-taxable","12":"product-type-simple"},"_links":{"self":[{"href":"https:\/\/www.thermenbauernladen.com\/online\/wp-json\/wp\/v2\/product\/17575","targetHints":{"allow":["GET"]}}],"collection":[{"href":"https:\/\/www.thermenbauernladen.com\/online\/wp-json\/wp\/v2\/product"}],"about":[{"href":"https:\/\/www.thermenbauernladen.com\/online\/wp-json\/wp\/v2\/types\/product"}],"replies":[{"embeddable":true,"href":"https:\/\/www.thermenbauernladen.com\/online\/wp-json\/wp\/v2\/comments?post=17575"}],"wp:featuredmedia":[{"embeddable":true,"href":"https:\/\/www.thermenbauernladen.com\/online\/wp-json\/wp\/v2\/media\/17576"}],"wp:attachment":[{"href":"https:\/\/www.thermenbauernladen.com\/online\/wp-json\/wp\/v2\/media?parent=17575"}],"wp:term":[{"taxonomy":"product_brand","embeddable":true,"href":"https:\/\/www.thermenbauernladen.com\/online\/wp-json\/wp\/v2\/product_brand?post=17575"},{"taxonomy":"product_cat","embeddable":true,"href":"https:\/\/www.thermenbauernladen.com\/online\/wp-json\/wp\/v2\/product_cat?post=17575"},{"taxonomy":"product_tag","embeddable":true,"href":"https:\/\/www.thermenbauernladen.com\/online\/wp-json\/wp\/v2\/product_tag?post=17575"}],"curies":[{"name":"wp","href":"https:\/\/api.w.org\/{rel}","templated":true}]}}