{"id":17698,"date":"2022-05-27T17:31:07","date_gmt":"2022-05-27T15:31:07","guid":{"rendered":"https:\/\/mygeschenk.at\/?post_type=product&amp;p=17698"},"modified":"2022-05-27T17:31:07","modified_gmt":"2022-05-27T15:31:07","slug":"honig-mit-wabenstuecke-250g-kurz-werner","status":"publish","type":"product","link":"https:\/\/www.thermenbauernladen.com\/online\/produkt\/honig-mit-wabenstuecke-250g-kurz-werner\/","title":{"rendered":"Honig mit Wabenst\u00fccke 250g &#8211; Kurz Werner"},"content":{"rendered":"<h2>Honig mit Wabenst\u00fccke 250g &#8211; Kurz Werner<\/h2>\n<p>&nbsp;<\/p>\n<p>Die nat\u00fcrlichste und zugleich delikateste Art, Honig zu genie\u00dfen. Die kristallin-goldene Optik der in s\u00fc\u00dfem Honig eingebetteten Wabenst\u00fccke ist sowohl ein Hingucker als auch ein echter und sehr gesunder Genuss. Das Wachs aus der Wabe enth\u00e4lt wichtige Inhaltsstoffe, die im Honig nicht enthalten sind und sch\u00fctzt zugleich alle nahrhaften Spurenelemente und Proteine.<\/p>\n<p>&nbsp;<\/p>\n<p><u>Kulinarischer Tipp<\/u><\/p>\n<p>&nbsp;<\/p>\n<p>Zerkleinern Sie das Wachs und genie\u00dfen Sie es in kleinen Scheiben zusammen mit dem s\u00fc\u00dfen Honig auf dunklem Bauernbrot oder wei\u00dfem Wecken. Sie k\u00f6nnen die Wabenst\u00fccke aber auch einfach nur kauen. Nicht umsonst bezeichnet man sie auch als \u201eNat\u00fcrlichen Kaugummi\u201c. Durch das Kauen werden Inhaltsstoffe freigesetzt, die nur im Wachs enthalten sind und die gesunden Eigenschaften des Honigs erst richtig zur Entfaltung bringen. Beliebt ist unser Honig mit Wabenst\u00fccken auch als Mitbringsel und Geschenk. Seine nat\u00fcrliche Optik und das verf\u00fchrerisch kristalline Gold der Wabe sind einfach bestechend.<\/p>\n<p>&nbsp;<\/p>\n<hr \/>\n<p>&nbsp;<\/p>\n<table dir=\"ltr\" border=\"0\" cellspacing=\"0\" cellpadding=\"0\" align=\"left\">\n<tbody>\n<tr>\n<td>Zutaten\/Inhaltsstoffe<\/td>\n<td><\/td>\n<\/tr>\n<tr>\n<td>Charakteristik<\/td>\n<td>dunkelgoldene Farbe; charakteristisches und nat\u00fcrliches Honigaroma<\/td>\n<\/tr>\n<tr>\n<td>Lagerung<\/td>\n<td>trocken, dunkel und eher k\u00fchl<\/td>\n<\/tr>\n<tr>\n<td>Alkohol<\/td>\n<td>keiner<\/td>\n<\/tr>\n<tr>\n<td>Allergene<\/td>\n<td><\/td>\n<\/tr>\n<tr>\n<td>Passt zu<\/td>\n<td>Bauernbrot,\u00a0Wei\u00dfbrot<\/td>\n<\/tr>\n<\/tbody>\n<\/table>\n<hr \/>\n<p>&nbsp;<\/p>\n<hr \/>\n<p>&nbsp;<\/p>\n<div><\/div>\n<p>\u201eUbi apis, ibi salus.\u201c<\/p>\n<p>&#8211; Wo Bienen sind, dort ist Gesundheit.<\/p>\n<p>&nbsp;<\/p>\n<p>Schon dieses altr\u00f6mische Sprichwort besagt, dass die Biene nicht nur f\u00fcr besondere Gaumenfreuden sorgt, sondern auch f\u00fcr unsere Gesundheit und das Gleichgewicht der Natur. Kurz, was die Biene ist und tut, ist Balsam f\u00fcr uns und unsere Erde.<\/p>\n<p>&#8222;Die Biene macht den Honig.&#8220; Das erkennt\u00a0auch unser\u00a0preisgekr\u00f6nter\u00a0Imkermeister Werner Kurz an, der das von der Biene in die Wabe eingetragene Aroma aus Nektar, Pollen und Honigtau mit aller Sorgfalt und Liebe veredelt. Wussten Sie, dass die kleinen Umweltschoner f\u00fcr 1 kg Honig insgesamt mehr als 100.000 Ausfl\u00fcge machen m\u00fcssen, im Zuge derer sie wiederum etwa 15 Mio. Bl\u00fcten besuchen? Hier ist also die Natur eifrig am Werk, bevor unser\u00a0Imkermeister seine\u00a0jahrelange Erfahrung zum Einsatz bringt. Ob traditioneller Honig wie Bl\u00fcten-, Kastanien- und Raps-Honig, oder der besondere Honig mit Himbeeren, K\u00fcrbiskernen oder Haseln\u00fcssen, der\u00a0erfahrene\u00a0Imker kreiert\u00a0die s\u00fc\u00dfesten Freuden aus dem Nektar, den ihm seine\u00a0Bienen bereitwillig zur Hand tragen.<\/p>\n<p>Heilsam, gesund und gut \u2013 das sind zweifelsohne die drei Kerneigenschaften eines nat\u00fcrlichen Honigs, wie er bei uns im Thermenland erzeugt wird.<\/p>\n<p>&nbsp;<\/p>\n<hr \/>\n<p>&nbsp;<\/p>\n<p><u>\u00dcber den Produzenten<\/u><\/p>\n<p>&nbsp;<\/p>\n<p>Der Imkermeister Werner Kurz produziert seinen Honig in seiner Imkerei nahe der Heiltherme Bad Waltersdorf und der H2O Erlebnistherme Sebersdorf. Seine Honigsorten vers\u00fc\u00dfen die k\u00f6stlichen Fr\u00fchst\u00fcckbuffets der renommiertesten Hotels.<\/p>\n<p>&nbsp;<\/p>\n<p><u>Herkunft<\/u><\/p>\n<p>Inmitten der Oststeiermark und dem Thermenland gelegen, erstreckt sich die 2-Thermenregion Bad Waltersdorf. Die Region ist nicht nur f\u00fcr ihre landschaftliche, sondern auch f\u00fcr ihre kulinarische Vielfalt bekannt. Vom heimischen Obst und Gem\u00fcse bis hin zu Milchprodukten bietet die Region ihren G\u00e4sten zahlreiche Natursch\u00e4tze.<\/p>\n","protected":false},"excerpt":{"rendered":"<p>Nat\u00fcrlich und charakteristisch &#8211; die\u00a0Delikatesse mit dem goldenen Herzen<\/p>\n<p>Delikater, aromatischer Honig mit feinen St\u00fccken aus der Wabe.<\/p>\n","protected":false},"featured_media":17699,"comment_status":"closed","ping_status":"closed","template":"","meta":[],"product_brand":[],"product_cat":[122,3956],"product_tag":[],"class_list":{"0":"post-17698","1":"product","2":"type-product","3":"status-publish","4":"has-post-thumbnail","6":"product_cat-honig","7":"product_cat-imkerei-kurz","9":"first","10":"instock","11":"taxable","12":"shipping-taxable","13":"product-type-simple"},"_links":{"self":[{"href":"https:\/\/www.thermenbauernladen.com\/online\/wp-json\/wp\/v2\/product\/17698","targetHints":{"allow":["GET"]}}],"collection":[{"href":"https:\/\/www.thermenbauernladen.com\/online\/wp-json\/wp\/v2\/product"}],"about":[{"href":"https:\/\/www.thermenbauernladen.com\/online\/wp-json\/wp\/v2\/types\/product"}],"replies":[{"embeddable":true,"href":"https:\/\/www.thermenbauernladen.com\/online\/wp-json\/wp\/v2\/comments?post=17698"}],"wp:featuredmedia":[{"embeddable":true,"href":"https:\/\/www.thermenbauernladen.com\/online\/wp-json\/wp\/v2\/media\/17699"}],"wp:attachment":[{"href":"https:\/\/www.thermenbauernladen.com\/online\/wp-json\/wp\/v2\/media?parent=17698"}],"wp:term":[{"taxonomy":"product_brand","embeddable":true,"href":"https:\/\/www.thermenbauernladen.com\/online\/wp-json\/wp\/v2\/product_brand?post=17698"},{"taxonomy":"product_cat","embeddable":true,"href":"https:\/\/www.thermenbauernladen.com\/online\/wp-json\/wp\/v2\/product_cat?post=17698"},{"taxonomy":"product_tag","embeddable":true,"href":"https:\/\/www.thermenbauernladen.com\/online\/wp-json\/wp\/v2\/product_tag?post=17698"}],"curies":[{"name":"wp","href":"https:\/\/api.w.org\/{rel}","templated":true}]}}