{"id":17703,"date":"2022-05-27T17:34:19","date_gmt":"2022-05-27T15:34:19","guid":{"rendered":"https:\/\/mygeschenk.at\/?post_type=product&#038;p=17703"},"modified":"2024-11-22T21:49:48","modified_gmt":"2024-11-22T20:49:48","slug":"honig-mit-haselnuessen-240g-kurz-werner","status":"publish","type":"product","link":"https:\/\/www.thermenbauernladen.com\/online\/produkt\/honig-mit-haselnuessen-240g-kurz-werner\/","title":{"rendered":"Honig mit Haseln\u00fcssen 240g &#8211; Kurz Werner"},"content":{"rendered":"<h2>Honig mit Haseln\u00fcssen 240g &#8211; Kurz Werner<\/h2>\n<p>&nbsp;<\/p>\n<p>Diese Honigspezialit\u00e4t ist eine Besonderheit f\u00fcr jeden, der gerne s\u00fc\u00df genie\u00dft. Er begeistert nicht nur als Brotaufstrich, sondern auch im Joghurt, dem M\u00fcsli oder als Verfeinerer von S\u00fc\u00dfspeisen wie Germteig-Geb\u00e4ck und Pl\u00e4tzchen.<\/p>\n<p>&nbsp;<\/p>\n<p><u>Kulinarischer Tipp<\/u><\/p>\n<p>&nbsp;<\/p>\n<p>Unser Honig mit Haseln\u00fcssen sollte auf keinem Fr\u00fchst\u00fcckstisch fehlen, der mit au\u00dfergew\u00f6hnlichen K\u00f6stlichkeiten gedeckt ist. Er ist aber nicht nur auf dem Brot oder Semmerl ein Genuss, auch aus Ihrem Joghurt, M\u00fcsli oder dem hei\u00dfen Kakao zaubert er im Handumdrehen eine nussig-s\u00fc\u00dfe Besonderheit. Als S\u00fc\u00dfspeisen-Verfeinerer macht er ebenfalls eine auffallend gute Figur. Veredeln Sie Ihr Germteig-Geb\u00e4ck wie Honig-Reingerl und Nussschnecken einfach mit unserem Haselnuss-Honig und freuen Sie sich \u00fcber das verf\u00fchrerische Ergebnis. Zur Weihnachtszeit macht sich die s\u00fc\u00dfe Mischung aus Bl\u00fctenhonig und N\u00fcssen auch auf Brat\u00e4pfeln ganz wunderbar.<\/p>\n<p>&nbsp;<\/p>\n<hr \/>\n<p>&nbsp;<\/p>\n<table dir=\"ltr\" border=\"0\" cellspacing=\"0\" cellpadding=\"0\" align=\"left\">\n<tbody>\n<tr>\n<td>Zutaten\/Inhaltsstoffe<\/td>\n<td><\/td>\n<\/tr>\n<tr>\n<td>Charakteristik<\/td>\n<td>kr\u00e4ftig-s\u00fc\u00dfes Honigaroma; voller, nussiger Geschmack echter Haseln\u00fcsse<\/td>\n<\/tr>\n<tr>\n<td>Lagerung<\/td>\n<td>trocken, dunkel und eher k\u00fchl<\/td>\n<\/tr>\n<tr>\n<td>Alkohol<\/td>\n<td>keiner<\/td>\n<\/tr>\n<tr>\n<td>Allergene<\/td>\n<td><\/td>\n<\/tr>\n<tr>\n<td>Passt zu<\/td>\n<td>Bauernbrot,\u00a0Smoothies, Kakao, M\u00fcsli, Joghurt, Salatmarinaden, Germteig-Geb\u00e4ck<\/td>\n<\/tr>\n<\/tbody>\n<\/table>\n<hr \/>\n<p>&nbsp;<\/p>\n<hr \/>\n<p>&nbsp;<\/p>\n<div><\/div>\n<p>\u201eUbi apis, ibi salus.\u201c<\/p>\n<p>&#8211; Wo Bienen sind, dort ist Gesundheit.<\/p>\n<p>&nbsp;<\/p>\n<p>Schon dieses altr\u00f6mische Sprichwort besagt, dass die Biene nicht nur f\u00fcr besondere Gaumenfreuden sorgt, sondern auch f\u00fcr unsere Gesundheit und das Gleichgewicht der Natur. Kurz, was die Biene ist und tut, ist Balsam f\u00fcr uns und unsere Erde.<\/p>\n<p>&#8222;Die Biene macht den Honig.&#8220; Das erkennt\u00a0auch unser\u00a0preisgekr\u00f6nter\u00a0Imkermeister Werner Kurz an, der das von der Biene in die Wabe eingetragene Aroma aus Nektar, Pollen und Honigtau mit aller Sorgfalt und Liebe veredelt. Wussten Sie, dass die kleinen Umweltschoner f\u00fcr 1 kg Honig insgesamt mehr als 100.000 Ausfl\u00fcge machen m\u00fcssen, im Zuge derer sie wiederum etwa 15 Mio. Bl\u00fcten besuchen? Hier ist also die Natur eifrig am Werk, bevor unser\u00a0Imkermeister seine\u00a0jahrelange Erfahrung zum Einsatz bringt. Ob traditioneller Honig wie Bl\u00fcten-, Kastanien- und Raps-Honig, oder der besondere Honig mit Himbeeren, K\u00fcrbiskernen oder Haseln\u00fcssen, der\u00a0erfahrene\u00a0Imker kreiert\u00a0die s\u00fc\u00dfesten Freuden aus dem Nektar, den ihm seine\u00a0Bienen bereitwillig zur Hand tragen.<\/p>\n<p>Heilsam, gesund und gut \u2013 das sind zweifelsohne die drei Kerneigenschaften eines nat\u00fcrlichen Honigs, wie er bei uns im Thermenland erzeugt wird.<\/p>\n<p>&nbsp;<\/p>\n<hr \/>\n<p>&nbsp;<\/p>\n<p><u>\u00dcber den Produzenten<\/u><\/p>\n<p>&nbsp;<\/p>\n<p>Der Imkermeister Werner Kurz produziert seinen Honig in seiner Imkerei nahe der Heiltherme Bad Waltersdorf und der H2O Erlebnistherme Sebersdorf. Seine Honigsorten vers\u00fc\u00dfen die k\u00f6stlichen Fr\u00fchst\u00fcckbuffets der renommiertesten Hotels.<\/p>\n<p>&nbsp;<\/p>\n<p><u>Herkunft<\/u><\/p>\n<p>Inmitten der Oststeiermark und dem Thermenland gelegen, erstreckt sich die 2-Thermenregion Bad Waltersdorf. Die Region ist nicht nur f\u00fcr ihre landschaftliche, sondern auch f\u00fcr ihre kulinarische Vielfalt bekannt. Vom heimischen Obst und Gem\u00fcse bis hin zu Milchprodukten bietet die Region ihren G\u00e4sten zahlreiche Natursch\u00e4tze.<\/p>\n","protected":false},"excerpt":{"rendered":"<p>Nussig und cremig &#8211; der Honig f\u00fcr Schleckerm\u00e4ulchen<\/p>\n<p>Nussig-s\u00fc\u00dfe Mischung aus Creme-Honig und Haseln\u00fcssen<\/p>\n","protected":false},"featured_media":17705,"comment_status":"closed","ping_status":"closed","template":"","meta":[],"product_brand":[],"product_cat":[122,3956],"product_tag":[],"class_list":{"0":"post-17703","1":"product","2":"type-product","3":"status-publish","4":"has-post-thumbnail","6":"product_cat-honig","7":"product_cat-imkerei-kurz","9":"first","10":"instock","11":"taxable","12":"shipping-taxable","13":"product-type-simple"},"_links":{"self":[{"href":"https:\/\/www.thermenbauernladen.com\/online\/wp-json\/wp\/v2\/product\/17703","targetHints":{"allow":["GET"]}}],"collection":[{"href":"https:\/\/www.thermenbauernladen.com\/online\/wp-json\/wp\/v2\/product"}],"about":[{"href":"https:\/\/www.thermenbauernladen.com\/online\/wp-json\/wp\/v2\/types\/product"}],"replies":[{"embeddable":true,"href":"https:\/\/www.thermenbauernladen.com\/online\/wp-json\/wp\/v2\/comments?post=17703"}],"wp:featuredmedia":[{"embeddable":true,"href":"https:\/\/www.thermenbauernladen.com\/online\/wp-json\/wp\/v2\/media\/17705"}],"wp:attachment":[{"href":"https:\/\/www.thermenbauernladen.com\/online\/wp-json\/wp\/v2\/media?parent=17703"}],"wp:term":[{"taxonomy":"product_brand","embeddable":true,"href":"https:\/\/www.thermenbauernladen.com\/online\/wp-json\/wp\/v2\/product_brand?post=17703"},{"taxonomy":"product_cat","embeddable":true,"href":"https:\/\/www.thermenbauernladen.com\/online\/wp-json\/wp\/v2\/product_cat?post=17703"},{"taxonomy":"product_tag","embeddable":true,"href":"https:\/\/www.thermenbauernladen.com\/online\/wp-json\/wp\/v2\/product_tag?post=17703"}],"curies":[{"name":"wp","href":"https:\/\/api.w.org\/{rel}","templated":true}]}}