{"id":17708,"date":"2022-05-27T17:36:39","date_gmt":"2022-05-27T15:36:39","guid":{"rendered":"https:\/\/mygeschenk.at\/?post_type=product&amp;p=17708"},"modified":"2022-05-27T17:36:39","modified_gmt":"2022-05-27T15:36:39","slug":"cremehonig-1kg-obsthof-fuchs","status":"publish","type":"product","link":"https:\/\/www.thermenbauernladen.com\/online\/produkt\/cremehonig-1kg-obsthof-fuchs\/","title":{"rendered":"Cremehonig 1kg &#8211; Obsthof Fuchs"},"content":{"rendered":"<h2>Cremehonig 1kg &#8211; Obsthof Fuchs<\/h2>\n<p>&nbsp;<\/p>\n<p>Der Cremehonig ist weich, s\u00fc\u00df und hell. Zur Freude aller, die Honig gerne klassisch als Aufstrich genie\u00dfen, bleibt er, wo er hingeh\u00f6rt, auf dem Brot &#8211;\u00a0 ein Reingewinn f\u00fcr alle Eltern, weil unsere lieben Kleinen erstens saubere Finger behalten und sich zweitens gesund ern\u00e4hren.<\/p>\n<p>&nbsp;<\/p>\n<p><u>Kulinarischer Tipp<\/u><\/p>\n<p>&nbsp;<\/p>\n<p>Der Cremehonig ist der geborene Brotaufstrich und somit ein idealer Fr\u00fchst\u00fccksbegleiter. Ob auf dem Semmerl, dem Toast oder auf frischem Bauernbrot, er macht den Morgen s\u00fc\u00dfer und den Start in den Tag energiegeladener. Auch zum S\u00fc\u00dfen von Hei\u00dfgetr\u00e4nken wie z. B. Tee oder warmer Milch l\u00e4sst er sich wunderbar verwenden, denn sobald er sich erw\u00e4rmt, verfl\u00fcssigt er sich und entfaltet sein volles Aroma. Damit macht er dem Zucker ernsthaft Konkurrenz. Immerhin stecken im Honig die verschiedensten Aromen der Bl\u00fctenpollen unserer heimischen Obstb\u00e4ume. Mit einem Wort &#8211;\u00a0<em>gesund und gut!\u00a0<\/em>Und das sp\u00fcrt und schmeckt man auch.<\/p>\n<p>&nbsp;<\/p>\n<hr \/>\n<p>&nbsp;<\/p>\n<table dir=\"ltr\" border=\"0\" cellspacing=\"0\" cellpadding=\"0\" align=\"left\">\n<tbody>\n<tr>\n<td>Zutaten\/Inhaltsstoffe<\/td>\n<td><\/td>\n<\/tr>\n<tr>\n<td>Charakteristik<\/td>\n<td>wei\u00dfgelb; kr\u00e4ftiges, sehr s\u00fc\u00dfes Aroma<\/td>\n<\/tr>\n<tr>\n<td>Lagerung<\/td>\n<td>trocken, dunkel und eher k\u00fchl<\/td>\n<\/tr>\n<tr>\n<td>Alkohol<\/td>\n<td>keiner<\/td>\n<\/tr>\n<tr>\n<td>Allergene<\/td>\n<td><\/td>\n<\/tr>\n<tr>\n<td>Passt zu<\/td>\n<td>Bauernbrot, Wei\u00dfbrot, Toast,\u00a0Tee<\/td>\n<\/tr>\n<\/tbody>\n<\/table>\n<hr \/>\n<p>&nbsp;<\/p>\n<hr \/>\n<p>&nbsp;<\/p>\n<div><\/div>\n<p>\u201eUbi apis, ibi salus.\u201c<\/p>\n<p>&#8211; Wo Bienen sind, dort ist Gesundheit.<\/p>\n<p>&nbsp;<\/p>\n<p>Schon dieses altr\u00f6mische Sprichwort besagt, dass die Biene nicht nur f\u00fcr besondere Gaumenfreuden sorgt, sondern auch f\u00fcr unsere Gesundheit und das Gleichgewicht der Natur. Kurz, was die Biene ist und tut, ist Balsam f\u00fcr uns und unsere Erde.<\/p>\n<p>&#8222;Die Biene macht den Honig.&#8220; Das erkennen auch unsere preisgekr\u00f6nten\u00a0Imkermeister\u00a0an, die\u00a0das von der Biene in die Wabe eingetragene Aroma aus Nektar, Pollen und Honigtau mit aller Sorgfalt und Liebe veredeln. Wussten Sie, dass die kleinen Umweltschoner f\u00fcr 1 kg Honig insgesamt mehr als 100.000 Ausfl\u00fcge machen m\u00fcssen, im Zuge derer sie wiederum etwa 15 Mio. Bl\u00fcten besuchen? Hier ist also die Natur eifrig am Werk, bevor unsere Imkermeister ihre\u00a0jahrelange Erfahrung zum Einsatz bringt. Ob traditioneller Honig wie Bl\u00fcten-, Kastanien- und Raps-Honig, oder der besondere Honig mit Himbeeren, K\u00fcrbiskernen oder Haseln\u00fcssen, die\u00a0erfahrenen Imker kreieren\u00a0die s\u00fc\u00dfesten Freuden aus dem Nektar, den ihnen\u00a0ihre\u00a0Bienen bereitwillig zur Hand tragen.<\/p>\n<p>Heilsam, gesund und gut \u2013 das sind zweifelsohne die drei Kerneigenschaften eines nat\u00fcrlichen Honigs, wie er bei uns im Thermenland erzeugt wird.<\/p>\n<p>&nbsp;<\/p>\n<hr \/>\n<p>&nbsp;<\/p>\n<p><u>\u00dcber den Produzenten<\/u><\/p>\n<p>&nbsp;<\/p>\n<p>Schon in der dritten Generation wird in der Familie Fuchs Obstbau betrieben. Die Liebe zur Natur, das \u00fcberlieferte Wissen und ein moderner Ansatz sind die Erfolgsfaktoren ihrer oststeirischen Landwirtschaft, die durch die erdige Kraft der Thermenregion die besten Fr\u00fcchte hervorbringt.<\/p>\n<p>&nbsp;<\/p>\n<p><u>Herkunft<\/u><\/p>\n<p>Inmitten der Oststeiermark und dem Thermenland gelegen, erstreckt sich die 2-Thermenregion Bad Waltersdorf. Die Region ist nicht nur f\u00fcr ihre landschaftliche, sondern auch f\u00fcr ihre kulinarische Vielfalt bekannt. Vom heimischen Obst und Gem\u00fcse bis hin zu Milchprodukten bietet die Region ihren G\u00e4sten zahlreiche Natursch\u00e4tze.<\/p>\n","protected":false},"excerpt":{"rendered":"<p>S\u00fc\u00df und cremig &#8211; der Honig f\u00fcr\u2019s traditionelle Honigbrot<\/p>\n<p>Cremig ger\u00fchrter, aromatischer Honig aus den Bl\u00fctenpollen verschiedener Obstsorten unserer regionalen Streuobst-Wiesen<\/p>\n","protected":false},"featured_media":17709,"comment_status":"closed","ping_status":"closed","template":"","meta":[],"product_brand":[],"product_cat":[122,3961],"product_tag":[],"class_list":{"0":"post-17708","1":"product","2":"type-product","3":"status-publish","4":"has-post-thumbnail","6":"product_cat-honig","7":"product_cat-obsthof-fuchs","9":"first","10":"instock","11":"taxable","12":"shipping-taxable","13":"product-type-simple"},"_links":{"self":[{"href":"https:\/\/www.thermenbauernladen.com\/online\/wp-json\/wp\/v2\/product\/17708","targetHints":{"allow":["GET"]}}],"collection":[{"href":"https:\/\/www.thermenbauernladen.com\/online\/wp-json\/wp\/v2\/product"}],"about":[{"href":"https:\/\/www.thermenbauernladen.com\/online\/wp-json\/wp\/v2\/types\/product"}],"replies":[{"embeddable":true,"href":"https:\/\/www.thermenbauernladen.com\/online\/wp-json\/wp\/v2\/comments?post=17708"}],"wp:featuredmedia":[{"embeddable":true,"href":"https:\/\/www.thermenbauernladen.com\/online\/wp-json\/wp\/v2\/media\/17709"}],"wp:attachment":[{"href":"https:\/\/www.thermenbauernladen.com\/online\/wp-json\/wp\/v2\/media?parent=17708"}],"wp:term":[{"taxonomy":"product_brand","embeddable":true,"href":"https:\/\/www.thermenbauernladen.com\/online\/wp-json\/wp\/v2\/product_brand?post=17708"},{"taxonomy":"product_cat","embeddable":true,"href":"https:\/\/www.thermenbauernladen.com\/online\/wp-json\/wp\/v2\/product_cat?post=17708"},{"taxonomy":"product_tag","embeddable":true,"href":"https:\/\/www.thermenbauernladen.com\/online\/wp-json\/wp\/v2\/product_tag?post=17708"}],"curies":[{"name":"wp","href":"https:\/\/api.w.org\/{rel}","templated":true}]}}