{"id":17917,"date":"2022-05-27T19:31:33","date_gmt":"2022-05-27T17:31:33","guid":{"rendered":"https:\/\/mygeschenk.at\/?post_type=product&amp;p=17917"},"modified":"2022-05-27T19:31:33","modified_gmt":"2022-05-27T17:31:33","slug":"apfelmost-1l-maluhof","status":"publish","type":"product","link":"https:\/\/www.thermenbauernladen.com\/online\/produkt\/apfelmost-1l-maluhof\/","title":{"rendered":"Apfelmost 1l &#8211; Maluhof"},"content":{"rendered":"<h2>Apfelmost 1l &#8211; Maluhof<\/h2>\n<p>&nbsp;<\/p>\n<p>Die Zubereitung von Most ist nicht weniger anspruchsvoll als die Herstellung von gutem Wein. Deshalb werden die \u00c4pfel f\u00fcr unseren Apfel-Most auch zur rechten Reifezeit von Hand gelesen und danach sorgf\u00e4ltig gewaschen und gepresst. So bleibt der nat\u00fcrliche Fruchtgenuss erhalten.<\/p>\n<p>&nbsp;<\/p>\n<p><u>Kulinarischer Tipp<\/u><\/p>\n<p>&nbsp;<\/p>\n<p>Unser Apfelmost eignet sich mit seinem fruchtigen Geschmack und seiner Spritzigkeit wunderbar als Begleiter zur steirischen Brettljause und\u00a0zu deftigen warmen Speisen wie Rindsgulasch oder Wiener Schnitzel.<\/p>\n<p>&nbsp;<\/p>\n<hr \/>\n<p>&nbsp;<\/p>\n<table dir=\"ltr\" border=\"0\" cellspacing=\"0\" cellpadding=\"0\" align=\"left\">\n<tbody>\n<tr>\n<td>Zutaten\/Inhaltsstoffe<\/td>\n<td><\/td>\n<\/tr>\n<tr>\n<td>Charakteristik<\/td>\n<td>w\u00fcrzig-fruchtiges Apfel-Aroma; spritzige S\u00e4ure<\/td>\n<\/tr>\n<tr>\n<td>Lagerung<\/td>\n<td>k\u00fchl und dunkel<\/td>\n<\/tr>\n<tr>\n<td>Alkohol<\/td>\n<td><\/td>\n<\/tr>\n<tr>\n<td>Allergene<\/td>\n<td>keine<\/td>\n<\/tr>\n<tr>\n<td>Passt zu<\/td>\n<td>Brettljause, deftigen Gerichten<\/td>\n<\/tr>\n<\/tbody>\n<\/table>\n<hr \/>\n<p>&nbsp;<\/p>\n<hr \/>\n<p>&nbsp;<\/p>\n<div><\/div>\n<p>&nbsp;<\/p>\n<p><u>\u00dcber den Produzenten<\/u><\/p>\n<p>&nbsp;<\/p>\n<p>In der seit 30 Jahren als Familienbetrieb gef\u00fchrten Buschenschank mit wundersch\u00f6ner Aussicht bietet die Familie Pichler steirische Weine und Edelbr\u00e4nde aus dem eigenen Weingut, typisch steirische Spezialit\u00e4ten, frische Obsts\u00e4fte und hausgemachte Mehlspeisen.<\/p>\n<p>&nbsp;<\/p>\n<p><u>Fragen zum Produkt<\/u><\/p>\n<p>&nbsp;<\/p>\n<p>produkt@thermenbauernladen.at<\/p>\n","protected":false},"excerpt":{"rendered":"<p>Spritzig und fruchtig \u2013 der beliebte Durstl\u00f6scher aus der 2-Thermenregion<\/p>\n<p>Ein Speisenbegleiter, der vor allem durch seine Spritzigkeit und sein frisches Apfelaroma besticht<\/p>\n","protected":false},"featured_media":17918,"comment_status":"closed","ping_status":"closed","template":"","meta":[],"product_brand":[],"product_cat":[108],"product_tag":[],"class_list":{"0":"post-17917","1":"product","2":"type-product","3":"status-publish","4":"has-post-thumbnail","6":"product_cat-most-cider","8":"first","9":"instock","10":"taxable","11":"shipping-taxable","12":"product-type-simple"},"_links":{"self":[{"href":"https:\/\/www.thermenbauernladen.com\/online\/wp-json\/wp\/v2\/product\/17917","targetHints":{"allow":["GET"]}}],"collection":[{"href":"https:\/\/www.thermenbauernladen.com\/online\/wp-json\/wp\/v2\/product"}],"about":[{"href":"https:\/\/www.thermenbauernladen.com\/online\/wp-json\/wp\/v2\/types\/product"}],"replies":[{"embeddable":true,"href":"https:\/\/www.thermenbauernladen.com\/online\/wp-json\/wp\/v2\/comments?post=17917"}],"wp:featuredmedia":[{"embeddable":true,"href":"https:\/\/www.thermenbauernladen.com\/online\/wp-json\/wp\/v2\/media\/17918"}],"wp:attachment":[{"href":"https:\/\/www.thermenbauernladen.com\/online\/wp-json\/wp\/v2\/media?parent=17917"}],"wp:term":[{"taxonomy":"product_brand","embeddable":true,"href":"https:\/\/www.thermenbauernladen.com\/online\/wp-json\/wp\/v2\/product_brand?post=17917"},{"taxonomy":"product_cat","embeddable":true,"href":"https:\/\/www.thermenbauernladen.com\/online\/wp-json\/wp\/v2\/product_cat?post=17917"},{"taxonomy":"product_tag","embeddable":true,"href":"https:\/\/www.thermenbauernladen.com\/online\/wp-json\/wp\/v2\/product_tag?post=17917"}],"curies":[{"name":"wp","href":"https:\/\/api.w.org\/{rel}","templated":true}]}}