{"id":17990,"date":"2022-05-27T21:43:08","date_gmt":"2022-05-27T19:43:08","guid":{"rendered":"https:\/\/mygeschenk.at\/?post_type=product&amp;p=17990"},"modified":"2022-05-27T21:43:08","modified_gmt":"2022-05-27T19:43:08","slug":"2-gewuerzsalze-als-praesent","status":"publish","type":"product","link":"https:\/\/www.thermenbauernladen.com\/online\/produkt\/2-gewuerzsalze-als-praesent\/","title":{"rendered":"2 Gew\u00fcrzsalze als Pr\u00e4sent"},"content":{"rendered":"<h2>2 Gew\u00fcrzsalze als Pr\u00e4sent<\/h2>\n<p>Das Geschenk aus und um die 2-Thermenregion.<\/p>\n<p>Inhalt:<\/p>\n<p>2 sorten Gew\u00fcrzsalze als Geschenk sch\u00f6n Verpackt.<\/p>\n<p>Bei besonderen W\u00fcnschen oder fixe Sortenwahl bwz. \u00c4nderung im Geschenk, geben Sie uns bitte bescheid. Sie k\u00f6nnen uns dazu im Kommentarfeld bei Abschluss der Onlinebestellung, per Email uner:\u00a0<a href=\"mailto:bestellung@thermenbauernladen.at\">bestellung@thermenbauernladen.at<\/a>\u00a0oder Telefonisch +43 3333 26410 erreichen. Vielen Dank f\u00fcr Ihre Bestellung!<\/p>\n<p>&nbsp;<\/p>\n<p><u>Herkunft<\/u><\/p>\n<p>Inmitten der Oststeiermark und dem Thermenland gelegen, erstreckt sich die 2-Thermenregion Bad Waltersdorf. Die Region ist nicht nur f\u00fcr ihre landschaftliche, sondern auch f\u00fcr ihre kulinarische Vielfalt bekannt. Vom heimischen Obst und Gem\u00fcse bis hin zu Milchprodukten bietet die Region ihren G\u00e4sten zahlreiche Natursch\u00e4tze.<\/p>\n","protected":false},"excerpt":{"rendered":"<p>Echt steirische Geschenke &#8211; das Geschenk mit dem Besten, was das Gr\u00fcne Herz zu bieten hat<\/p>\n<p>Ein Genuss Geschenk aus steirischen Originalen, als allseits beliebtes kleines Pr\u00e4sent.<\/p>\n","protected":false},"featured_media":17991,"comment_status":"closed","ping_status":"closed","template":"","meta":[],"product_brand":[],"product_cat":[85],"product_tag":[],"class_list":{"0":"post-17990","1":"product","2":"type-product","3":"status-publish","4":"has-post-thumbnail","6":"product_cat-geschenke","8":"first","9":"instock","10":"taxable","11":"shipping-taxable","12":"product-type-simple"},"_links":{"self":[{"href":"https:\/\/www.thermenbauernladen.com\/online\/wp-json\/wp\/v2\/product\/17990","targetHints":{"allow":["GET"]}}],"collection":[{"href":"https:\/\/www.thermenbauernladen.com\/online\/wp-json\/wp\/v2\/product"}],"about":[{"href":"https:\/\/www.thermenbauernladen.com\/online\/wp-json\/wp\/v2\/types\/product"}],"replies":[{"embeddable":true,"href":"https:\/\/www.thermenbauernladen.com\/online\/wp-json\/wp\/v2\/comments?post=17990"}],"wp:featuredmedia":[{"embeddable":true,"href":"https:\/\/www.thermenbauernladen.com\/online\/wp-json\/wp\/v2\/media\/17991"}],"wp:attachment":[{"href":"https:\/\/www.thermenbauernladen.com\/online\/wp-json\/wp\/v2\/media?parent=17990"}],"wp:term":[{"taxonomy":"product_brand","embeddable":true,"href":"https:\/\/www.thermenbauernladen.com\/online\/wp-json\/wp\/v2\/product_brand?post=17990"},{"taxonomy":"product_cat","embeddable":true,"href":"https:\/\/www.thermenbauernladen.com\/online\/wp-json\/wp\/v2\/product_cat?post=17990"},{"taxonomy":"product_tag","embeddable":true,"href":"https:\/\/www.thermenbauernladen.com\/online\/wp-json\/wp\/v2\/product_tag?post=17990"}],"curies":[{"name":"wp","href":"https:\/\/api.w.org\/{rel}","templated":true}]}}