{"id":18010,"date":"2022-05-28T07:38:24","date_gmt":"2022-05-28T05:38:24","guid":{"rendered":"https:\/\/www.thermenbauernladen.com\/online\/?post_type=product&#038;p=18010"},"modified":"2022-05-28T07:38:27","modified_gmt":"2022-05-28T05:38:27","slug":"geschenk-box-geniesser-2","status":"publish","type":"product","link":"https:\/\/www.thermenbauernladen.com\/online\/produkt\/geschenk-box-geniesser-2\/","title":{"rendered":"Geschenk Box Genie\u00dfer"},"content":{"rendered":"<h2 style=\"text-align: center;\">Inhalt Deiner &#8222;Genie\u00dfer&#8220; Geschenk Box<\/h2>\n<p><strong>Dinkelkeks, 1 Stk.<\/strong>Der beliebte Dinkelkeks ist eine kleine Besonderheit, erstens, weil dieser unglaublich gut schmecken und, zweitens, auch noch eine beruhigende Wirkung haben k\u00f6nnten. Der Dinkelkeks ist mit Marmelade gef\u00fcllt und wird per Handarbeit nach alten und nach traditionellem Familienrezept gebacken. Der Dinkelkeks schmecken besonders gut zu hei\u00dfem Tee oder einfach als Knabberei f\u00fcr Zwischendurch.<strong>Bl\u00fctenhonig vom Imkermeister, 40g<\/strong>Goldgelb und kr\u00e4ftig-s\u00fc\u00df &#8211; der Klassiker unter den Honigsorten. Aromatischer Honig aus den Bl\u00fctenpollen verschiedener Obstsorten und Blumen unserer regionalen Streuobst-Wiesen.<\/p>\n<p><strong>Apfelringe, 20g<\/strong>Der unvergleichliche Geschmack der Steirischen \u00c4pfel als getrocknete Snack. Besonders beliebt bei Kindern und allen die gerne \u00c4pfel essen. Apfelringe enthalten viele Ballaststoffe, schmecken k\u00f6stlich und sind gesund und fantastisch zum knabbern.<\/p>\n<p><strong>Lik\u00f6r\/Eierlik\u00f6r, 0,10l<\/strong>Der fein, sahnige Geschmack des Eierlik\u00f6rs passt zu jedem Anlass. Der sonnengelbe Lik\u00f6r mit cremigen Geschmack f\u00fcr den perfekten Genuss. Der Eierlik\u00f6r schmeckt urspr\u00fcnglich und original und wird nach traditioneller Art hergestellt. Ein ganz besonderes Highlight ergibt der Eierlik\u00f6r zusammen mit Vanilleeis. Aber auch verschiedene Creme-Desserts und andere S\u00fc\u00dfspeisen lassen sich wunderbar mit ihm verfeinern. <strong>Lik\u00f6r\/Bratapfel, 0,20l<\/strong>Der Bratapfellik\u00f6r ist die perfekte Lik\u00f6rspezialit\u00e4t f\u00fcr die k\u00e4ltere Jahreszeit. Feine auserw\u00e4hlte, frische \u00c4pfeln und Gew\u00fcrze bringen den einzigartigen besonderen winterlichen und weihnachtlichen Geschmack. Ein ganz besonderes Highlight f\u00fcr den besonderen Gaumen. Auf traditioneller Art hergestellt.<\/p>\n<p><strong>K\u00fcrbiskerne mit Vollmilchschokolade, 70g<\/strong>Knackig und gesund \u2013 die Knabberkerne aus dem ber\u00fchmten Steirischen \u00d6lk\u00fcrbis. Nur im Steirischen \u00d6lk\u00fcrbis findet man schalenlose Kerne. Und genau diese Besonderheit macht den einmaligen Geschmack der Kerne aus. Der K\u00fcrbis selbst besteht aus 95 % Wasser, hochwertigem Eiwei\u00df, Vitaminen, Mineralstoffen und Spurenelementen. Eine Knabberei, wie sie ges\u00fcnder und steirischer nicht sein kann mit Vollmilchschokolade \u00fcberzogen.<\/p>\n<h2 style=\"text-align: center;\">Deine &#8222;Genie\u00dfer&#8220; Geschenk Box&nbsp;<\/h2>\n<p style=\"text-align: center;\">Dein Genuss Geschenk aus \u00d6sterreich<\/p>\n<ul>\n<li>  <span>100% Beste Regionale Premium Qualit\u00e4t<\/span><\/li>\n<li>  <span>Gratis Versand<\/span><\/li>\n<li>  <span>Umweltfreundliches Geschenk Verpackungssystem<\/span><\/li>\n<li>  <span>Heute bestellt, in 1-3 Tagen geliefert<\/span><\/li>\n<li>  <span>Tausende, zufriedene Kunden vertrauen uns&nbsp;<\/span><\/li>\n<\/ul>\n","protected":false},"excerpt":{"rendered":"<p>Inhalt Deiner &#8222;Genie\u00dfer&#8220; Geschenk Box Dinkelkeks, 1 Stk.Der beliebte Dinkelkeks ist eine kleine Besonderheit, erstens, weil dieser unglaublich gut schmecken und, zweitens, auch noch eine beruhigende Wirkung haben k\u00f6nnten. Der Dinkelkeks ist mit Marmelade gef\u00fcllt und wird per Handarbeit nach alten und nach traditionellem Familienrezept gebacken. Der Dinkelkeks schmecken besonders gut zu hei\u00dfem Tee oder [&#8230;]\n","protected":false},"featured_media":18042,"comment_status":"closed","ping_status":"closed","template":"","meta":[],"product_brand":[],"product_cat":[85],"product_tag":[],"class_list":{"0":"post-18010","1":"product","2":"type-product","3":"status-publish","4":"has-post-thumbnail","6":"product_cat-geschenke","8":"first","9":"instock","10":"taxable","11":"shipping-taxable","12":"purchasable","13":"product-type-simple"},"_links":{"self":[{"href":"https:\/\/www.thermenbauernladen.com\/online\/wp-json\/wp\/v2\/product\/18010","targetHints":{"allow":["GET"]}}],"collection":[{"href":"https:\/\/www.thermenbauernladen.com\/online\/wp-json\/wp\/v2\/product"}],"about":[{"href":"https:\/\/www.thermenbauernladen.com\/online\/wp-json\/wp\/v2\/types\/product"}],"replies":[{"embeddable":true,"href":"https:\/\/www.thermenbauernladen.com\/online\/wp-json\/wp\/v2\/comments?post=18010"}],"wp:featuredmedia":[{"embeddable":true,"href":"https:\/\/www.thermenbauernladen.com\/online\/wp-json\/wp\/v2\/media\/18042"}],"wp:attachment":[{"href":"https:\/\/www.thermenbauernladen.com\/online\/wp-json\/wp\/v2\/media?parent=18010"}],"wp:term":[{"taxonomy":"product_brand","embeddable":true,"href":"https:\/\/www.thermenbauernladen.com\/online\/wp-json\/wp\/v2\/product_brand?post=18010"},{"taxonomy":"product_cat","embeddable":true,"href":"https:\/\/www.thermenbauernladen.com\/online\/wp-json\/wp\/v2\/product_cat?post=18010"},{"taxonomy":"product_tag","embeddable":true,"href":"https:\/\/www.thermenbauernladen.com\/online\/wp-json\/wp\/v2\/product_tag?post=18010"}],"curies":[{"name":"wp","href":"https:\/\/api.w.org\/{rel}","templated":true}]}}