{"id":18013,"date":"2022-05-28T07:38:24","date_gmt":"2022-05-28T05:38:24","guid":{"rendered":"https:\/\/www.thermenbauernladen.com\/online\/?post_type=product&#038;p=18013"},"modified":"2022-05-28T07:38:28","modified_gmt":"2022-05-28T05:38:28","slug":"geschenk-box-veganer-genuss-2","status":"publish","type":"product","link":"https:\/\/www.thermenbauernladen.com\/online\/produkt\/geschenk-box-veganer-genuss-2\/","title":{"rendered":"Geschenk Box Veganer Genuss"},"content":{"rendered":"<br \/>\n<h2 style=\"text-align: center;\">Inhalt Deiner &#8222;Veganer Genuss&#8220; Geschenke Box<\/h2>\n<p><strong>Steirer Erdn Dose, 50g (BIO-Qualit\u00e4t)<\/strong>Die steirisch-bodenst\u00e4ndige Gew\u00fcrzmischung zum W\u00fcrzen von Fisch-, Fleisch- und Gem\u00fcsespeisen nach Lust und Laune. F\u00fcr diese geschmackvolle Gew\u00fcrz-Komposition werden nur 100% heimische, biologische Zutaten h\u00f6chster G\u00fcte verwendet. <strong>K\u00fcrbiskerne natur, 80g<\/strong>Knackig und gesund \u2013 die Knabberkerne aus dem ber\u00fchmten Steirischen \u00d6lk\u00fcrbis. Nur im Steirischen \u00d6lk\u00fcrbis findet man schalenlose Kerne. Und genau diese Besonderheit macht den einmaligen Geschmack der Kerne aus. Der K\u00fcrbis selbst besteht aus 95 % Wasser, hochwertigem Eiwei\u00df, Vitaminen, Mineralstoffen und Spurenelementen. Eine Knabberei, wie sie ges\u00fcnder und steirischer nicht sein kann.<\/p>\n<p><strong>Lik\u00f6r\/Himbeere 0,20l<\/strong>Der Himbeerlik\u00f6r ist die perfekte Lik\u00f6rspezialit\u00e4t f\u00fcr den fruchtigen Gaumen. Feine auserw\u00e4hlte, frische Himbeeren und Gew\u00fcrze bringen den einzigartigen Geschmack. Ein ganz besonderes Highlight f\u00fcr den besonderen Gaumen. Auf traditioneller Art hergestellt.<\/p>\n<p><strong>Zotter Schokolade, Himbeer-Kokos, 1 Stk. (BIO-Vegan Qualit\u00e4t)<\/strong>Exotisch-fruchtig und v\u00f6llig vegan: eine geniale Kreation von Julia Zotter. Gemixt aus wei\u00dfer Kokoskuvert\u00fcre und ganz vielen Himbeeren. Die tolle Farbe und der l\u00e4ssige Geschmack entstehen ganz nat\u00fcrlich durch Beeren und Kokosraspeln. Mit einem Spritzer Zitrone aufgepeppt und mit reiner Kakaobutter schmelzend vollendet.<\/p>\n<p><strong>Bio Dinkel Kr\u00e4uter Nudeln, 300g (BIO-Qualit\u00e4t)<\/strong><\/p>\n<p><strong>Bio Kr\u00e4utertee (Zaubertrank), 40g<\/strong><\/p>\n<h2 style=\"text-align: center;\">Deine &#8222;Veganer Genuss&#8220; Geschenke Box<\/h2>\n<p style=\"text-align: center;\">Dein Genuss Geschenk aus \u00d6sterreich<\/p>\n<ul>\n<li>  <span>100% Beste Regionale Premium Qualit\u00e4t<\/span><\/li>\n<li>  <span>Gratis Versand<\/span><\/li>\n<li>  <span>Umweltfreundliches Geschenk Verpackungssystem<\/span><\/li>\n<li>  <span>Heute bestellt, in 1-3 Tagen geliefert<\/span><\/li>\n<li>  <span>Tausende, zufriedene Kunden vertrauen uns&nbsp;<\/span><\/li>\n<\/ul>\n","protected":false},"excerpt":{"rendered":"<p>Inhalt Deiner &#8222;Veganer Genuss&#8220; Geschenke Box Steirer Erdn Dose, 50g (BIO-Qualit\u00e4t)Die steirisch-bodenst\u00e4ndige Gew\u00fcrzmischung zum W\u00fcrzen von Fisch-, Fleisch- und Gem\u00fcsespeisen nach Lust und Laune. F\u00fcr diese geschmackvolle Gew\u00fcrz-Komposition werden nur 100% heimische, biologische Zutaten h\u00f6chster G\u00fcte verwendet. K\u00fcrbiskerne natur, 80gKnackig und gesund \u2013 die Knabberkerne aus dem ber\u00fchmten Steirischen \u00d6lk\u00fcrbis. Nur im Steirischen \u00d6lk\u00fcrbis findet [&#8230;]\n","protected":false},"featured_media":18047,"comment_status":"closed","ping_status":"closed","template":"","meta":[],"product_brand":[],"product_cat":[85],"product_tag":[],"class_list":{"0":"post-18013","1":"product","2":"type-product","3":"status-publish","4":"has-post-thumbnail","6":"product_cat-geschenke","8":"first","9":"instock","10":"taxable","11":"shipping-taxable","12":"purchasable","13":"product-type-simple"},"_links":{"self":[{"href":"https:\/\/www.thermenbauernladen.com\/online\/wp-json\/wp\/v2\/product\/18013","targetHints":{"allow":["GET"]}}],"collection":[{"href":"https:\/\/www.thermenbauernladen.com\/online\/wp-json\/wp\/v2\/product"}],"about":[{"href":"https:\/\/www.thermenbauernladen.com\/online\/wp-json\/wp\/v2\/types\/product"}],"replies":[{"embeddable":true,"href":"https:\/\/www.thermenbauernladen.com\/online\/wp-json\/wp\/v2\/comments?post=18013"}],"wp:featuredmedia":[{"embeddable":true,"href":"https:\/\/www.thermenbauernladen.com\/online\/wp-json\/wp\/v2\/media\/18047"}],"wp:attachment":[{"href":"https:\/\/www.thermenbauernladen.com\/online\/wp-json\/wp\/v2\/media?parent=18013"}],"wp:term":[{"taxonomy":"product_brand","embeddable":true,"href":"https:\/\/www.thermenbauernladen.com\/online\/wp-json\/wp\/v2\/product_brand?post=18013"},{"taxonomy":"product_cat","embeddable":true,"href":"https:\/\/www.thermenbauernladen.com\/online\/wp-json\/wp\/v2\/product_cat?post=18013"},{"taxonomy":"product_tag","embeddable":true,"href":"https:\/\/www.thermenbauernladen.com\/online\/wp-json\/wp\/v2\/product_tag?post=18013"}],"curies":[{"name":"wp","href":"https:\/\/api.w.org\/{rel}","templated":true}]}}