{"id":18015,"date":"2022-05-28T07:38:24","date_gmt":"2022-05-28T05:38:24","guid":{"rendered":"https:\/\/www.thermenbauernladen.com\/online\/?post_type=product&#038;p=18015"},"modified":"2024-03-27T19:23:09","modified_gmt":"2024-03-27T18:23:09","slug":"steirer-box-junior-test-nicht-bestellbar-2","status":"publish","type":"product","link":"https:\/\/www.thermenbauernladen.com\/online\/produkt\/steirer-box-junior-test-nicht-bestellbar-2\/","title":{"rendered":"Steirer Box Junior (Test &#8211; nicht bestellbar!)"},"content":{"rendered":"<h2 style=\"text-align: center;\">Inhalt Deiner &#8222;Steirer Junior&#8220; Geschenk Box<\/h2>\n<p><strong>Steirische K\u00fcrbiskern\u00f6l g.g.A, 0,1l<\/strong>Pr\u00e4miert 2020, Gr\u00fcn, stark und steirisch \u2013 das Original und \u00e4u\u00dferst beliebte und mit Gold pr\u00e4mierte Delikatessen-\u00d6l aus der Steiermark f\u00fcr den t\u00e4glichen Genuss in der g.g.A zertifizierten Flasche mit Ursprungsbezeichnung.<strong>Bl\u00fctenhonig vom Imkermeister, 40g<\/strong>Goldgelb und kr\u00e4ftig-s\u00fc\u00df &#8211; der Klassiker unter den Honigsorten. Aromatischer Honig aus den Bl\u00fctenpollen verschiedener Obstsorten und Blumen unserer regionalen Streuobst-Wiesen.<strong>K\u00fcrbiskerne Vollmilch Schokolade, 70g<\/strong>Knackig und gesund \u2013 die Knabberkerne aus dem ber\u00fchmten Steirischen \u00d6lk\u00fcrbis. Nur im Steirischen \u00d6lk\u00fcrbis findet man schalenlose Kerne. Und genau diese Besonderheit macht den einmaligen Geschmack der Kerne aus. Der K\u00fcrbis selbst besteht aus 95 % Wasser, hochwertigem Eiwei\u00df, Vitaminen, Mineralstoffen und Spurenelementen. Eine Knabberei, wie sie ges\u00fcnder und steirischer nicht sein kann<strong>Apfelessig, 0,10l<\/strong>Fruchtig frisch ist der Apfelessig aus der Steiermark. Der Apfelessig wird aus dem besten Obst regionaler Streuobstwiesen schonend und mit viel Sorgfalt zubereitet, und l\u00e4sst sich wunderbar f\u00fcr den allt\u00e4glichen Gebrauch nutzen.<\/p>\n<p><strong>Zotter Schokolade, Gr\u00fc\u00dfe aus der Steiermark, 1 Stk.<\/strong>Josef Zotter komponiert aus zwei echt steirischen Spezialit\u00e4ten \u2013 Schilcher und K\u00fcrbiskerne \u2013 eine einmalige dunkle Milchschokolade mit urigen 60 % Kakaoanteil.<\/p>\n<h2 style=\"text-align: center;\">Deine Steirer Box &#8222;Junior&#8220;<\/h2>\n<p style=\"text-align: center;\">Dein Genuss Geschenk aus der Steiermark<\/p>\n<ul>\n<li>100% Beste Regionale Premium Qualit\u00e4t<\/li>\n<li>Gratis Versand<\/li>\n<li>Umweltfreundliches Geschenk Verpackungssystem<\/li>\n<li>Heute bestellt, in 1-3 Tagen geliefert<\/li>\n<li>Tausende, zufriedene Kunden vertrauen uns<\/li>\n<\/ul>\n","protected":false},"excerpt":{"rendered":"<p>Inhalt Deiner &#8222;Steirer Junior&#8220; Geschenk Box Steirische K\u00fcrbiskern\u00f6l g.g.A, 0,1lPr\u00e4miert 2020, Gr\u00fcn, stark und steirisch \u2013 das Original und \u00e4u\u00dferst beliebte und mit Gold pr\u00e4mierte Delikatessen-\u00d6l aus der Steiermark f\u00fcr den t\u00e4glichen Genuss in der g.g.A zertifizierten Flasche mit Ursprungsbezeichnung.Bl\u00fctenhonig vom Imkermeister, 40gGoldgelb und kr\u00e4ftig-s\u00fc\u00df &#8211; der Klassiker unter den Honigsorten. Aromatischer Honig aus den [&#8230;]\n","protected":false},"featured_media":18046,"comment_status":"closed","ping_status":"closed","template":"","meta":[],"product_brand":[],"product_cat":[85],"product_tag":[],"class_list":{"0":"post-18015","1":"product","2":"type-product","3":"status-publish","4":"has-post-thumbnail","6":"product_cat-geschenke","8":"first","9":"instock","10":"taxable","11":"shipping-taxable","12":"product-type-simple"},"_links":{"self":[{"href":"https:\/\/www.thermenbauernladen.com\/online\/wp-json\/wp\/v2\/product\/18015","targetHints":{"allow":["GET"]}}],"collection":[{"href":"https:\/\/www.thermenbauernladen.com\/online\/wp-json\/wp\/v2\/product"}],"about":[{"href":"https:\/\/www.thermenbauernladen.com\/online\/wp-json\/wp\/v2\/types\/product"}],"replies":[{"embeddable":true,"href":"https:\/\/www.thermenbauernladen.com\/online\/wp-json\/wp\/v2\/comments?post=18015"}],"wp:featuredmedia":[{"embeddable":true,"href":"https:\/\/www.thermenbauernladen.com\/online\/wp-json\/wp\/v2\/media\/18046"}],"wp:attachment":[{"href":"https:\/\/www.thermenbauernladen.com\/online\/wp-json\/wp\/v2\/media?parent=18015"}],"wp:term":[{"taxonomy":"product_brand","embeddable":true,"href":"https:\/\/www.thermenbauernladen.com\/online\/wp-json\/wp\/v2\/product_brand?post=18015"},{"taxonomy":"product_cat","embeddable":true,"href":"https:\/\/www.thermenbauernladen.com\/online\/wp-json\/wp\/v2\/product_cat?post=18015"},{"taxonomy":"product_tag","embeddable":true,"href":"https:\/\/www.thermenbauernladen.com\/online\/wp-json\/wp\/v2\/product_tag?post=18015"}],"curies":[{"name":"wp","href":"https:\/\/api.w.org\/{rel}","templated":true}]}}