{"id":18070,"date":"2022-05-28T07:38:48","date_gmt":"2022-05-28T05:38:48","guid":{"rendered":"https:\/\/www.thermenbauernladen.com\/online\/?post_type=product&#038;p=18070"},"modified":"2022-05-28T07:38:52","modified_gmt":"2022-05-28T05:38:52","slug":"apfel-kirsch-frizzante-075l-maluhof","status":"publish","type":"product","link":"https:\/\/www.thermenbauernladen.com\/online\/produkt\/apfel-kirsch-frizzante-075l-maluhof\/","title":{"rendered":"Apfel-Kirsch Frizzante 0,75l &#8211; Maluhof"},"content":{"rendered":"<p>Der belebende Geschmack nach Kirschen und \u00c4pfeln ergeben zusammen mit dem w\u00fcrzigen Kr\u00e4uteraroma das beliebte Zwischengetr\u00e4nk f\u00fcr Partys und Festivit\u00e4ten. Besonders prickelnd und fruchtig schmeckt der Frizzante bei einer Trinktemperatur von 10\u00b0 bis 12\u00b0C.<\/p>\n<p><u>Kulinarischer Tipp<\/u><\/p>\n<p>Unser Apfel-Kirsch Frizzante ist ein feiner Begleiter zum Brunch, ein beliebter Aperitif und wunderbar geeignet zum Zwischendurch-Genie\u00dfen.<\/p>\n<hr \/>\n<table class=\" cke_show_border\" dir=\"ltr\" border=\"0\" cellspacing=\"0\" cellpadding=\"0\" align=\"left\">\n<tbody>\n<tr>\n<td>Charakteristik<\/td>\n<td>trocken, spritzig, fruchtig<\/td>\n<\/tr>\n<tr>\n<td>Vinifikation<\/td>\n<td><\/td>\n<\/tr>\n<tr>\n<td>Trinktemperatur<\/td>\n<td>10-12\u00b0<\/td>\n<\/tr>\n<tr>\n<td>Lage<\/td>\n<td><\/td>\n<\/tr>\n<tr>\n<td>Alkoholgehalt<\/td>\n<td><\/td>\n<\/tr>\n<tr>\n<td>Passt zu<\/td>\n<td>Brunch<\/td>\n<\/tr>\n<\/tbody>\n<\/table>\n<hr \/>\n<hr \/>\n<div class=\"cke_pagebreak\" title=\"Seitenumbruch einf\u00fcgen\" data-cke-display-name=\"pagebreak\" aria-label=\"Seitenumbruch einf\u00fcgen\"><\/div>\n<p><u>\u00dcber den Produzenten<\/u><\/p>\n<p>In der seit 30 Jahren als Familienbetrieb gef\u00fchrten Buschenschank mit wundersch\u00f6ner Aussicht bietet die Familie Pichler steirische Weine und Edelbr\u00e4nde aus dem eigenen Weingut, typisch steirische Spezialit\u00e4ten, frische Obsts\u00e4fte und hausgemachte Mehlspeisen.<\/p>\n<p><u>Fragen zum Produkt<\/u><\/p>\n<p>produkt@thermenbauernladen.at<\/p>\n<p><u>Herkunft<\/u><\/p>\n<p>Inmitten der Oststeiermark und dem Thermenland gelegen, erstreckt sich die 2-Thermenregion Bad Waltersdorf. Die Region ist nicht nur f\u00fcr ihre landschaftliche, sondern auch f\u00fcr ihre kulinarische Vielfalt bekannt. Vom heimischen Obst und Gem\u00fcse bis hin zu Milchprodukten bietet die Region ihren G\u00e4sten zahlreiche Natursch\u00e4tze.<\/p>\n","protected":false},"excerpt":{"rendered":"<p>Kirschrot und spritzig \u2013 der prickelnde Frizzante aus \u00c4pfeln und Kirschen<\/p>\n<p>Ein erfrischender, halbsch\u00e4umender Perlwein mit kr\u00e4ftiger Farbe und lange anhaltendem Apfel-Kirsch-Aroma<\/p>\n","protected":false},"featured_media":18097,"comment_status":"closed","ping_status":"closed","template":"","meta":[],"product_brand":[],"product_cat":[142,136],"product_tag":[102,104,105,106],"class_list":{"0":"post-18070","1":"product","2":"type-product","3":"status-publish","4":"has-post-thumbnail","6":"product_cat-frizzante-secco-wein-vinothek-destillerie","7":"product_cat-maluhof","8":"product_tag-bad-waltersdorf","9":"product_tag-maluhof","10":"product_tag-maluhof-at","11":"product_tag-wagerberg","13":"first","14":"instock","15":"taxable","16":"shipping-taxable","17":"product-type-simple"},"_links":{"self":[{"href":"https:\/\/www.thermenbauernladen.com\/online\/wp-json\/wp\/v2\/product\/18070","targetHints":{"allow":["GET"]}}],"collection":[{"href":"https:\/\/www.thermenbauernladen.com\/online\/wp-json\/wp\/v2\/product"}],"about":[{"href":"https:\/\/www.thermenbauernladen.com\/online\/wp-json\/wp\/v2\/types\/product"}],"replies":[{"embeddable":true,"href":"https:\/\/www.thermenbauernladen.com\/online\/wp-json\/wp\/v2\/comments?post=18070"}],"wp:featuredmedia":[{"embeddable":true,"href":"https:\/\/www.thermenbauernladen.com\/online\/wp-json\/wp\/v2\/media\/18097"}],"wp:attachment":[{"href":"https:\/\/www.thermenbauernladen.com\/online\/wp-json\/wp\/v2\/media?parent=18070"}],"wp:term":[{"taxonomy":"product_brand","embeddable":true,"href":"https:\/\/www.thermenbauernladen.com\/online\/wp-json\/wp\/v2\/product_brand?post=18070"},{"taxonomy":"product_cat","embeddable":true,"href":"https:\/\/www.thermenbauernladen.com\/online\/wp-json\/wp\/v2\/product_cat?post=18070"},{"taxonomy":"product_tag","embeddable":true,"href":"https:\/\/www.thermenbauernladen.com\/online\/wp-json\/wp\/v2\/product_tag?post=18070"}],"curies":[{"name":"wp","href":"https:\/\/api.w.org\/{rel}","templated":true}]}}