{"id":18113,"date":"2022-05-28T07:39:05","date_gmt":"2022-05-28T05:39:05","guid":{"rendered":"https:\/\/www.thermenbauernladen.com\/online\/?post_type=product&#038;p=18113"},"modified":"2022-05-28T07:39:08","modified_gmt":"2022-05-28T05:39:08","slug":"bierlikoer-02l-toni-braeu-2","status":"publish","type":"product","link":"https:\/\/www.thermenbauernladen.com\/online\/produkt\/bierlikoer-02l-toni-braeu-2\/","title":{"rendered":"Bierlik\u00f6r 0,2l &#8211; Toni Br\u00e4u"},"content":{"rendered":"<p>Toni-Br\u00e4u produziert nur nat\u00fcrlich gebrautes Bier, welches ausschlie\u00dflich mit Zutaten von zertifizierten Produkten aus der Region hergestellt wird. Der feinw\u00fcrzige Bierlik\u00f6r ist auch f\u00fcr Genie\u00dfer geeignet, die eigentlich kein Bier m\u00f6gen, denn die Malzextrakte s\u00fc\u00dfen den Lik\u00f6r auf nat\u00fcrliche Weise und die feine, bierige Note tritt in den Hintergrund.<\/p>\n<div class=\"single_inside_content\">\n<div><\/div>\n<\/div>\n<p><u>Kulinarischer Tipp<\/u><\/p>\n<p>Genie\u00dfen Sie Ihren Bierlik\u00f6r zu deftigen und herzhaften Speisen oder einfach beim gem\u00fctlichen Zusammensein mit Freunden.<\/p>\n<hr \/>\n<table class=\" cke_show_border\" dir=\"ltr\" border=\"0\" cellspacing=\"0\" cellpadding=\"0\" align=\"left\">\n<tbody>\n<tr>\n<td><\/td>\n<td><\/td>\n<\/tr>\n<tr>\n<td>Charakteristik<\/td>\n<td>cremig; leicht s\u00fc\u00df, zartherb und malzig<\/td>\n<\/tr>\n<tr>\n<td>Lagerung<\/td>\n<td>k\u00fchl und dunkel<\/td>\n<\/tr>\n<tr>\n<td>Alkohol<\/td>\n<td><\/td>\n<\/tr>\n<tr>\n<td>Allergene<\/td>\n<td><\/td>\n<\/tr>\n<tr>\n<td>Passt zu<\/td>\n<td>deftigen, herzhaften Speisen<\/td>\n<\/tr>\n<\/tbody>\n<\/table>\n<hr \/>\n<hr \/>\n<div class=\"cke_pagebreak\" title=\"Seitenumbruch einf\u00fcgen\" contenteditable=\"false\" data-cke-display-name=\"pagebreak\" aria-label=\"Seitenumbruch einf\u00fcgen\"><\/div>\n<p><u>\u00dcber den Produzenten<\/u><\/p>\n<p>Toni Hofer funktionierte eine alte K\u00e4serei in eine Brauerei um, die 2002 er\u00f6ffnet wurde. Mittlerweile ist der Familienbetrieb bekannt f\u00fcr sein nicht filtriertes, nicht pasteurisiertes\u00a0Naturbier \u201eTONI BR\u00c4U\u201c, das aus Wasser, Hopfen, Malz und etwas ganz Besonderem besteht.\u00a0Im Zentrum des Betriebs steht \u00f6kologisches Handeln und eine 100% klimaneutrale Produktion.<\/p>\n<p><u>Fragen zum Produkt<\/u><\/p>\n<p>produkt@thermenbauernladen.at<\/p>\n<p><u>Herkunft<\/u><\/p>\n<p>Inmitten der Oststeiermark und dem Thermenland gelegen, erstreckt sich die 2-Thermenregion Bad Waltersdorf. Die Region ist nicht nur f\u00fcr ihre landschaftliche, sondern auch f\u00fcr ihre kulinarische Vielfalt bekannt. Vom heimischen Obst und Gem\u00fcse bis hin zu Milchprodukten bietet die Region ihren G\u00e4sten zahlreiche Natursch\u00e4tze.<\/p>\n","protected":false},"excerpt":{"rendered":"<p>Feinherb und malzig &#8211; der Lik\u00f6r aus dem beliebten &#8222;Toni Br\u00e4u&#8220;<\/p>\n<p>Ein reifer, leicht s\u00fc\u00dfer\u00a0Bierlik\u00f6r mit malzigen\u00a0Komponenten und zartherber Hopfennote<\/p>\n","protected":false},"featured_media":18138,"comment_status":"closed","ping_status":"closed","template":"","meta":[],"product_brand":[],"product_cat":[148],"product_tag":[],"class_list":{"0":"post-18113","1":"product","2":"type-product","3":"status-publish","4":"has-post-thumbnail","6":"product_cat-likoer-vinothek-destillerie","8":"first","9":"instock","10":"taxable","11":"shipping-taxable","12":"product-type-simple"},"_links":{"self":[{"href":"https:\/\/www.thermenbauernladen.com\/online\/wp-json\/wp\/v2\/product\/18113","targetHints":{"allow":["GET"]}}],"collection":[{"href":"https:\/\/www.thermenbauernladen.com\/online\/wp-json\/wp\/v2\/product"}],"about":[{"href":"https:\/\/www.thermenbauernladen.com\/online\/wp-json\/wp\/v2\/types\/product"}],"replies":[{"embeddable":true,"href":"https:\/\/www.thermenbauernladen.com\/online\/wp-json\/wp\/v2\/comments?post=18113"}],"wp:featuredmedia":[{"embeddable":true,"href":"https:\/\/www.thermenbauernladen.com\/online\/wp-json\/wp\/v2\/media\/18138"}],"wp:attachment":[{"href":"https:\/\/www.thermenbauernladen.com\/online\/wp-json\/wp\/v2\/media?parent=18113"}],"wp:term":[{"taxonomy":"product_brand","embeddable":true,"href":"https:\/\/www.thermenbauernladen.com\/online\/wp-json\/wp\/v2\/product_brand?post=18113"},{"taxonomy":"product_cat","embeddable":true,"href":"https:\/\/www.thermenbauernladen.com\/online\/wp-json\/wp\/v2\/product_cat?post=18113"},{"taxonomy":"product_tag","embeddable":true,"href":"https:\/\/www.thermenbauernladen.com\/online\/wp-json\/wp\/v2\/product_tag?post=18113"}],"curies":[{"name":"wp","href":"https:\/\/api.w.org\/{rel}","templated":true}]}}