{"id":18171,"date":"2022-05-28T07:39:16","date_gmt":"2022-05-28T05:39:16","guid":{"rendered":"https:\/\/www.thermenbauernladen.com\/online\/?post_type=product&#038;p=18171"},"modified":"2022-05-28T07:39:20","modified_gmt":"2022-05-28T05:39:20","slug":"desinfektionsmittel-fuer-flaeche-koma-3","status":"publish","type":"product","link":"https:\/\/www.thermenbauernladen.com\/online\/produkt\/desinfektionsmittel-fuer-flaeche-koma-3\/","title":{"rendered":"Desinfektionsmittel f\u00fcr Fl\u00e4che &#8211; KOMA"},"content":{"rendered":"","protected":false},"excerpt":{"rendered":"<p>F\u00e4chendesinfektion im praktischer 1l Flasche<\/p>\n","protected":false},"featured_media":0,"comment_status":"closed","ping_status":"closed","template":"","meta":[],"product_brand":[],"product_cat":[152],"product_tag":[],"class_list":{"0":"post-18171","1":"product","2":"type-product","3":"status-publish","5":"product_cat-koma-mobile-werkstaette-kaufinbadwaltersdorf","7":"first","8":"instock","9":"taxable","10":"shipping-taxable","11":"product-type-simple"},"_links":{"self":[{"href":"https:\/\/www.thermenbauernladen.com\/online\/wp-json\/wp\/v2\/product\/18171","targetHints":{"allow":["GET"]}}],"collection":[{"href":"https:\/\/www.thermenbauernladen.com\/online\/wp-json\/wp\/v2\/product"}],"about":[{"href":"https:\/\/www.thermenbauernladen.com\/online\/wp-json\/wp\/v2\/types\/product"}],"replies":[{"embeddable":true,"href":"https:\/\/www.thermenbauernladen.com\/online\/wp-json\/wp\/v2\/comments?post=18171"}],"wp:attachment":[{"href":"https:\/\/www.thermenbauernladen.com\/online\/wp-json\/wp\/v2\/media?parent=18171"}],"wp:term":[{"taxonomy":"product_brand","embeddable":true,"href":"https:\/\/www.thermenbauernladen.com\/online\/wp-json\/wp\/v2\/product_brand?post=18171"},{"taxonomy":"product_cat","embeddable":true,"href":"https:\/\/www.thermenbauernladen.com\/online\/wp-json\/wp\/v2\/product_cat?post=18171"},{"taxonomy":"product_tag","embeddable":true,"href":"https:\/\/www.thermenbauernladen.com\/online\/wp-json\/wp\/v2\/product_tag?post=18171"}],"curies":[{"name":"wp","href":"https:\/\/api.w.org\/{rel}","templated":true}]}}