{"id":18188,"date":"2022-05-28T07:39:21","date_gmt":"2022-05-28T05:39:21","guid":{"rendered":"https:\/\/www.thermenbauernladen.com\/online\/?post_type=product&#038;p=18188"},"modified":"2022-05-28T07:39:26","modified_gmt":"2022-05-28T05:39:26","slug":"bohnapfel-brand-035l-schalk-ewald-2","status":"publish","type":"product","link":"https:\/\/www.thermenbauernladen.com\/online\/produkt\/bohnapfel-brand-035l-schalk-ewald-2\/","title":{"rendered":"Bohnapfel Brand 0,35l &#8211; Schalk Ewald*"},"content":{"rendered":"<p>*Produkt wird auf Rechnung und im Auftrag des Produzenten vermittelt!<br \/>\nKeine Lieferung au\u00dferhalb von \u00d6sterreich<\/p>\n<p>Der sortenreine Bohnapfel-Brand wird\u00a0aus den vollreifen \u00c4pfeln unserer regionalen Streuobstwiesen hergestellt und\u00a0zeichnet sich durch eine klassisch k\u00fchle Linie und eine klare, kernige\u00a0Fruchtigkeit aus.<\/p>\n<div class=\"single_inside_content\">\n<div><\/div>\n<\/div>\n<p><u>Kulinarischer Tipp<\/u><\/p>\n<p>Der Bohnapfel-Brand passt wunderbar zur regionalen K\u00fcche und zu S\u00fcspeisen wie Apfelstrudel oder Zimtschnecken.<\/p>\n<hr \/>\n<table class=\" cke_show_border\" dir=\"ltr\" border=\"0\" cellspacing=\"0\" cellpadding=\"0\" align=\"left\">\n<tbody>\n<tr>\n<td>Zutaten\/Inhaltsstoffe<\/td>\n<td><\/td>\n<\/tr>\n<tr>\n<td>Charakteristik<\/td>\n<td>klar und farblos; sortentypisches Fruchtaroma; k\u00fchle Stilistik<\/td>\n<\/tr>\n<tr>\n<td>Lagerung<\/td>\n<td>k\u00fchl und dunkel<\/td>\n<\/tr>\n<tr>\n<td>Alkohol<\/td>\n<td>39,00% Vol. Alk.<\/td>\n<\/tr>\n<tr>\n<td>Allergene<\/td>\n<td><\/td>\n<\/tr>\n<tr>\n<td>Passt zu<\/td>\n<td>regionaler K\u00fcche, S\u00fc\u00dfspeisen mit Apfel oder Zimt<\/td>\n<\/tr>\n<\/tbody>\n<\/table>\n<hr \/>\n<hr \/>\n<div class=\"cke_pagebreak\" title=\"Seitenumbruch einf\u00fcgen\" contenteditable=\"false\" data-cke-display-name=\"pagebreak\" aria-label=\"Seitenumbruch einf\u00fcgen\"><\/div>\n<p><u>\u00dcber den Produzenten<\/u><\/p>\n<p>In Ewald Schalks Schnapsothek in Bad Waltersdorf findet man \u00fcber 40 Sorten Edelbr\u00e4nde und Lik\u00f6re, die auch in ausf\u00fchrlichen Degustationen vorgestellt werden.<\/p>\n<p><u>Fragen zum Produkt<\/u><\/p>\n<p>produkt@thermenbauernladen.at<\/p>\n<p><u>Herkunft<\/u><\/p>\n<p>Inmitten der Oststeiermark und dem Thermenland gelegen, erstreckt sich die 2-Thermenregion Bad Waltersdorf. Die Region ist nicht nur f\u00fcr ihre landschaftliche, sondern auch f\u00fcr ihre kulinarische Vielfalt bekannt. Vom heimischen Obst und Gem\u00fcse bis hin zu Milchprodukten bietet die Region ihren G\u00e4sten zahlreiche Natursch\u00e4tze.<\/p>\n","protected":false},"excerpt":{"rendered":"<p>K\u00fchl und kr\u00e4ftig &#8211; der\u00a0Edelbrand aus dem klassischen\u00a0Bohnapfel<\/p>\n<p>Ein klarer, fruchtiger Apfelbrand in\u00a0k\u00fchler Stilistik, der mit kernig-kr\u00e4ftigem Aroma aufwartet<\/p>\n","protected":false},"featured_media":18213,"comment_status":"closed","ping_status":"closed","template":"","meta":[],"product_brand":[],"product_cat":[156],"product_tag":[],"class_list":{"0":"post-18188","1":"product","2":"type-product","3":"status-publish","4":"has-post-thumbnail","6":"product_cat-edelbraende-destillerie-vinothek-destillerie","8":"first","9":"instock","10":"taxable","11":"shipping-taxable","12":"product-type-simple"},"_links":{"self":[{"href":"https:\/\/www.thermenbauernladen.com\/online\/wp-json\/wp\/v2\/product\/18188","targetHints":{"allow":["GET"]}}],"collection":[{"href":"https:\/\/www.thermenbauernladen.com\/online\/wp-json\/wp\/v2\/product"}],"about":[{"href":"https:\/\/www.thermenbauernladen.com\/online\/wp-json\/wp\/v2\/types\/product"}],"replies":[{"embeddable":true,"href":"https:\/\/www.thermenbauernladen.com\/online\/wp-json\/wp\/v2\/comments?post=18188"}],"wp:featuredmedia":[{"embeddable":true,"href":"https:\/\/www.thermenbauernladen.com\/online\/wp-json\/wp\/v2\/media\/18213"}],"wp:attachment":[{"href":"https:\/\/www.thermenbauernladen.com\/online\/wp-json\/wp\/v2\/media?parent=18188"}],"wp:term":[{"taxonomy":"product_brand","embeddable":true,"href":"https:\/\/www.thermenbauernladen.com\/online\/wp-json\/wp\/v2\/product_brand?post=18188"},{"taxonomy":"product_cat","embeddable":true,"href":"https:\/\/www.thermenbauernladen.com\/online\/wp-json\/wp\/v2\/product_cat?post=18188"},{"taxonomy":"product_tag","embeddable":true,"href":"https:\/\/www.thermenbauernladen.com\/online\/wp-json\/wp\/v2\/product_tag?post=18188"}],"curies":[{"name":"wp","href":"https:\/\/api.w.org\/{rel}","templated":true}]}}