{"id":18194,"date":"2022-05-28T07:39:22","date_gmt":"2022-05-28T05:39:22","guid":{"rendered":"https:\/\/www.thermenbauernladen.com\/online\/?post_type=product&#038;p=18194"},"modified":"2022-05-28T07:39:30","modified_gmt":"2022-05-28T05:39:30","slug":"walnuss-likoer-035l-schalk-ewald-2","status":"publish","type":"product","link":"https:\/\/www.thermenbauernladen.com\/online\/produkt\/walnuss-likoer-035l-schalk-ewald-2\/","title":{"rendered":"Walnuss Lik\u00f6r 0,35l &#8211; Schalk Ewald*"},"content":{"rendered":"<p>*Produkt wird auf Rechnung und im Auftrag des Produzenten vermittelt!<br \/>\nKeine Lieferung au\u00dferhalb von \u00d6sterreich<\/p>\n<p>Nussig, karamellig und cremig &#8211; das ist der edle Nusslik\u00f6r aus der Brennerei Ewald Schalks!\u00a0Der naturbelassene Lik\u00f6r begeistert durch sein vollmundiges Walnussaroma, das er der Qualit\u00e4t halbreifer, gr\u00fcner Waln\u00fcsse verdankt, und seinen zarten Karamell-Geschmack &#8211; beides veredelt durch ausgew\u00e4hlte Gew\u00fcrze der Region.<\/p>\n<div class=\"single_inside_content\">\n<div><\/div>\n<\/div>\n<p><u>Kulinarischer Tipp<\/u><\/p>\n<p>Ob zum Dessert oder als Digestif, dieser nussige Tropfen passt zu verschiedenen Gelegenheiten und schenkt einem kalten Herbsttag das n\u00f6tige Qu\u00e4ntchen an Gem\u00fctlichkeit. Auch zum Vanilleeis schmeckt der Walnusslik\u00f6r ganz wunderbar.<\/p>\n<hr \/>\n<table class=\" cke_show_border\" dir=\"ltr\" border=\"0\" cellspacing=\"0\" cellpadding=\"0\" align=\"left\">\n<tbody>\n<tr>\n<td>Zutaten\/Inhaltsstoffe<\/td>\n<td><\/td>\n<\/tr>\n<tr>\n<td>Charakteristik<\/td>\n<td>schokofarben; nussig mit feinem Karamellaroma<\/td>\n<\/tr>\n<tr>\n<td>Lagerung<\/td>\n<td>k\u00fchl und dunkel<\/td>\n<\/tr>\n<tr>\n<td>Alkohol<\/td>\n<td>25,00% Vol. Alk.<\/td>\n<\/tr>\n<tr>\n<td>Allergene<\/td>\n<td><\/td>\n<\/tr>\n<tr>\n<td>Passt zu<\/td>\n<td>verschiedenen Desserts, Vanilleeis<\/td>\n<\/tr>\n<\/tbody>\n<\/table>\n<hr \/>\n<hr \/>\n<div class=\"cke_pagebreak\" title=\"Seitenumbruch einf\u00fcgen\" contenteditable=\"false\" data-cke-display-name=\"pagebreak\" aria-label=\"Seitenumbruch einf\u00fcgen\"><\/div>\n<p><u>\u00dcber den Produzenten<\/u><\/p>\n<p>In Ewald Schalks Schnapsothek in Bad Waltersdorf findet man \u00fcber 40 Sorten Edelbr\u00e4nde und Lik\u00f6re, die auch in ausf\u00fchrlichen Degustationen vorgestellt werden.<\/p>\n<p><u>Fragen zum Produkt<\/u><\/p>\n<p>produkt@thermenbauernladen.at<\/p>\n<p><u>Herkunft<\/u><\/p>\n<p>Inmitten der Oststeiermark und dem Thermenland gelegen, erstreckt sich die 2-Thermenregion Bad Waltersdorf. Die Region ist nicht nur f\u00fcr ihre landschaftliche, sondern auch f\u00fcr ihre kulinarische Vielfalt bekannt. Vom heimischen Obst und Gem\u00fcse bis hin zu Milchprodukten bietet die Region ihren G\u00e4sten zahlreiche Natursch\u00e4tze.<\/p>\n","protected":false},"excerpt":{"rendered":"<p>Nussig und karamellig &#8211; der vollmundige Nusslik\u00f6r aus dem Hause Schalk<\/p>\n<p>Ein edler Lik\u00f6r aus Waln\u00fcssen, der sich mit seiner verf\u00fchrerisch zarten S\u00fc\u00dfe besonders f\u00fcr die kalte Jahreszeit eignet und auch als Begleiter zu\u00a0warmen Mehlspeisen herrlich schmeckt<\/p>\n","protected":false},"featured_media":18218,"comment_status":"closed","ping_status":"closed","template":"","meta":[],"product_brand":[],"product_cat":[148],"product_tag":[],"class_list":{"0":"post-18194","1":"product","2":"type-product","3":"status-publish","4":"has-post-thumbnail","6":"product_cat-likoer-vinothek-destillerie","8":"first","9":"instock","10":"taxable","11":"shipping-taxable","12":"product-type-simple"},"_links":{"self":[{"href":"https:\/\/www.thermenbauernladen.com\/online\/wp-json\/wp\/v2\/product\/18194","targetHints":{"allow":["GET"]}}],"collection":[{"href":"https:\/\/www.thermenbauernladen.com\/online\/wp-json\/wp\/v2\/product"}],"about":[{"href":"https:\/\/www.thermenbauernladen.com\/online\/wp-json\/wp\/v2\/types\/product"}],"replies":[{"embeddable":true,"href":"https:\/\/www.thermenbauernladen.com\/online\/wp-json\/wp\/v2\/comments?post=18194"}],"wp:featuredmedia":[{"embeddable":true,"href":"https:\/\/www.thermenbauernladen.com\/online\/wp-json\/wp\/v2\/media\/18218"}],"wp:attachment":[{"href":"https:\/\/www.thermenbauernladen.com\/online\/wp-json\/wp\/v2\/media?parent=18194"}],"wp:term":[{"taxonomy":"product_brand","embeddable":true,"href":"https:\/\/www.thermenbauernladen.com\/online\/wp-json\/wp\/v2\/product_brand?post=18194"},{"taxonomy":"product_cat","embeddable":true,"href":"https:\/\/www.thermenbauernladen.com\/online\/wp-json\/wp\/v2\/product_cat?post=18194"},{"taxonomy":"product_tag","embeddable":true,"href":"https:\/\/www.thermenbauernladen.com\/online\/wp-json\/wp\/v2\/product_tag?post=18194"}],"curies":[{"name":"wp","href":"https:\/\/api.w.org\/{rel}","templated":true}]}}