{"id":18197,"date":"2022-05-28T07:39:22","date_gmt":"2022-05-28T05:39:22","guid":{"rendered":"https:\/\/www.thermenbauernladen.com\/online\/?post_type=product&#038;p=18197"},"modified":"2022-05-28T07:39:31","modified_gmt":"2022-05-28T05:39:31","slug":"laercherl-likoer-035l-schalk-ewald-2","status":"publish","type":"product","link":"https:\/\/www.thermenbauernladen.com\/online\/produkt\/laercherl-likoer-035l-schalk-ewald-2\/","title":{"rendered":"L\u00e4rcher&#8217;l Lik\u00f6r 0,35l &#8211; Schalk Ewald*"},"content":{"rendered":"<p>*Produkt wird auf Rechnung und im Auftrag des Produzenten vermittelt!<br \/>\nKeine Lieferung au\u00dferhalb von \u00d6sterreich<\/p>\n<p>F\u00fcr\u00b4s L\u00e4rcherl werden Anfang Mai die buschigen Jungtriebe von Hand gepfl\u00fcckt, nach traditioneller Methode angesetzt und mit steirischem Honig ges\u00fcsst. Das L\u00e4rcherl verf\u00fchrt mit seiner duftenden Waldnote und einem kr\u00e4ftigen, harzigen Geschmack.<\/p>\n<div class=\"single_inside_content\">\n<div><\/div>\n<\/div>\n<p><u>Kulinarischer Tipp<\/u><\/p>\n<p>Der L\u00e4rcher&#8217;l Lik\u00f6r\u00a0aus dem Hause Schalk passt wunderbar zur steirischen K\u00fcche.<\/p>\n<hr \/>\n<table class=\" cke_show_border\" dir=\"ltr\" border=\"0\" cellspacing=\"0\" cellpadding=\"0\" align=\"left\">\n<tbody>\n<tr>\n<td>Zutaten\/Inhaltsstoffe<\/td>\n<td><\/td>\n<\/tr>\n<tr>\n<td>Charakteristik<\/td>\n<td>godfarben; harzig-herbes Aroma mit leichter S\u00fc\u00dfe<\/td>\n<\/tr>\n<tr>\n<td>Lagerung<\/td>\n<td>k\u00fchl und dunkel<\/td>\n<\/tr>\n<tr>\n<td>Alkohol<\/td>\n<td>20,00% Vol. Alk.<\/td>\n<\/tr>\n<tr>\n<td>Allergene<\/td>\n<td><\/td>\n<\/tr>\n<tr>\n<td>Passt zu<\/td>\n<td>steirischer K\u00fcche<\/td>\n<\/tr>\n<\/tbody>\n<\/table>\n<hr \/>\n<hr \/>\n<div class=\"cke_pagebreak\" title=\"Seitenumbruch einf\u00fcgen\" contenteditable=\"false\" data-cke-display-name=\"pagebreak\" aria-label=\"Seitenumbruch einf\u00fcgen\"><\/div>\n<p><u>\u00dcber den Produzenten<\/u><\/p>\n<p>In Ewald Schalks Schnapsothek in Bad Waltersdorf findet man \u00fcber 40 Sorten Edelbr\u00e4nde und Lik\u00f6re, die auch in ausf\u00fchrlichen Degustationen vorgestellt werden.<\/p>\n<p><u>Fragen zum Produkt<\/u><\/p>\n<p>produkt@thermenbauernladen.at<\/p>\n<p><u>Herkunft<\/u><\/p>\n<p>Inmitten der Oststeiermark und dem Thermenland gelegen, erstreckt sich die 2-Thermenregion Bad Waltersdorf. Die Region ist nicht nur f\u00fcr ihre landschaftliche, sondern auch f\u00fcr ihre kulinarische Vielfalt bekannt. Vom heimischen Obst und Gem\u00fcse bis hin zu Milchprodukten bietet die Region ihren G\u00e4sten zahlreiche Natursch\u00e4tze.<\/p>\n","protected":false},"excerpt":{"rendered":"<p>Harzig und herb &#8211; das beliebte L\u00e4rcherl aus der 2-Thermenregion<\/p>\n<p>Ein goldfarbener, harziger Lik\u00f6r mit leichter S\u00fc\u00dfe, der sich sehr gut zur steirischen K\u00fcche macht<\/p>\n","protected":false},"featured_media":18220,"comment_status":"closed","ping_status":"closed","template":"","meta":[],"product_brand":[],"product_cat":[148],"product_tag":[],"class_list":{"0":"post-18197","1":"product","2":"type-product","3":"status-publish","4":"has-post-thumbnail","6":"product_cat-likoer-vinothek-destillerie","8":"first","9":"instock","10":"taxable","11":"shipping-taxable","12":"product-type-simple"},"_links":{"self":[{"href":"https:\/\/www.thermenbauernladen.com\/online\/wp-json\/wp\/v2\/product\/18197","targetHints":{"allow":["GET"]}}],"collection":[{"href":"https:\/\/www.thermenbauernladen.com\/online\/wp-json\/wp\/v2\/product"}],"about":[{"href":"https:\/\/www.thermenbauernladen.com\/online\/wp-json\/wp\/v2\/types\/product"}],"replies":[{"embeddable":true,"href":"https:\/\/www.thermenbauernladen.com\/online\/wp-json\/wp\/v2\/comments?post=18197"}],"wp:featuredmedia":[{"embeddable":true,"href":"https:\/\/www.thermenbauernladen.com\/online\/wp-json\/wp\/v2\/media\/18220"}],"wp:attachment":[{"href":"https:\/\/www.thermenbauernladen.com\/online\/wp-json\/wp\/v2\/media?parent=18197"}],"wp:term":[{"taxonomy":"product_brand","embeddable":true,"href":"https:\/\/www.thermenbauernladen.com\/online\/wp-json\/wp\/v2\/product_brand?post=18197"},{"taxonomy":"product_cat","embeddable":true,"href":"https:\/\/www.thermenbauernladen.com\/online\/wp-json\/wp\/v2\/product_cat?post=18197"},{"taxonomy":"product_tag","embeddable":true,"href":"https:\/\/www.thermenbauernladen.com\/online\/wp-json\/wp\/v2\/product_tag?post=18197"}],"curies":[{"name":"wp","href":"https:\/\/api.w.org\/{rel}","templated":true}]}}