{"id":18364,"date":"2022-05-28T07:40:03","date_gmt":"2022-05-28T05:40:03","guid":{"rendered":"https:\/\/www.thermenbauernladen.com\/online\/?post_type=product&#038;p=18364"},"modified":"2022-05-28T07:40:21","modified_gmt":"2022-05-28T05:40:21","slug":"steirisches-kernoel-pesto-90g-oelmuehle-hoefler-2","status":"publish","type":"product","link":"https:\/\/www.thermenbauernladen.com\/online\/produkt\/steirisches-kernoel-pesto-90g-oelmuehle-hoefler-2\/","title":{"rendered":"Steirisches Kernoel Pesto 90g &#8211; \u00d6lm\u00fchle H\u00f6fler"},"content":{"rendered":"<h1 class=\"designation\">Steirisches Kernoel Pesto 90g &#8211; \u00d6lm\u00fchle H\u00f6fler<\/h1>\n","protected":false},"excerpt":{"rendered":"<h1 class=\"designation\">Steirisches Kernoel Pesto 90g &#8211; \u00d6lm\u00fchle H\u00f6fler<\/h1>\n","protected":false},"featured_media":18379,"comment_status":"closed","ping_status":"closed","template":"","meta":[],"product_brand":[],"product_cat":[130],"product_tag":[],"class_list":{"0":"post-18364","1":"product","2":"type-product","3":"status-publish","4":"has-post-thumbnail","6":"product_cat-aufstriche-fleisch-kulinarik","8":"first","9":"instock","10":"taxable","11":"shipping-taxable","12":"product-type-simple"},"_links":{"self":[{"href":"https:\/\/www.thermenbauernladen.com\/online\/wp-json\/wp\/v2\/product\/18364","targetHints":{"allow":["GET"]}}],"collection":[{"href":"https:\/\/www.thermenbauernladen.com\/online\/wp-json\/wp\/v2\/product"}],"about":[{"href":"https:\/\/www.thermenbauernladen.com\/online\/wp-json\/wp\/v2\/types\/product"}],"replies":[{"embeddable":true,"href":"https:\/\/www.thermenbauernladen.com\/online\/wp-json\/wp\/v2\/comments?post=18364"}],"wp:featuredmedia":[{"embeddable":true,"href":"https:\/\/www.thermenbauernladen.com\/online\/wp-json\/wp\/v2\/media\/18379"}],"wp:attachment":[{"href":"https:\/\/www.thermenbauernladen.com\/online\/wp-json\/wp\/v2\/media?parent=18364"}],"wp:term":[{"taxonomy":"product_brand","embeddable":true,"href":"https:\/\/www.thermenbauernladen.com\/online\/wp-json\/wp\/v2\/product_brand?post=18364"},{"taxonomy":"product_cat","embeddable":true,"href":"https:\/\/www.thermenbauernladen.com\/online\/wp-json\/wp\/v2\/product_cat?post=18364"},{"taxonomy":"product_tag","embeddable":true,"href":"https:\/\/www.thermenbauernladen.com\/online\/wp-json\/wp\/v2\/product_tag?post=18364"}],"curies":[{"name":"wp","href":"https:\/\/api.w.org\/{rel}","templated":true}]}}