{"id":18414,"date":"2022-05-28T07:40:27","date_gmt":"2022-05-28T05:40:27","guid":{"rendered":"https:\/\/www.thermenbauernladen.com\/online\/?post_type=product&#038;p=18414"},"modified":"2022-05-28T07:40:43","modified_gmt":"2022-05-28T05:40:43","slug":"morillon-075l-weinhof-pichler-2","status":"publish","type":"product","link":"https:\/\/www.thermenbauernladen.com\/online\/produkt\/morillon-075l-weinhof-pichler-2\/","title":{"rendered":"Morillon 0,75l &#8211; Weinhof Pichler"},"content":{"rendered":"<h2>Morillon 0,75l &#8211; Weinhof Pichler<\/h2>\n<p>Ein brillantes Strohgelb mit feinen Reflexen. Ein anregender Duft nach Birnen, Quitten, Wiesenkr\u00e4utern unterlegt mit einen eleganten Ton und feiner Hefearomatik. Ein ausgewogener, fruchtbetonter Wein ausgestattet mit einer eleganten F\u00fclle und eine angenehm sp\u00fcrbare S\u00e4ure ist am Gaumen zu vernehmen. Reifes, gelbes, heimisches Obst gepaart mit Melonen und etwas Zitrusfr\u00fcchte, eingebettet in eine feine Kr\u00e4uterw\u00fcrze und Mineralik. Ein bemerkenswertes Finale mit harmonischer S\u00e4ure und einem langen fruchtigen Nachhall, zeichnen diesen sehr fein vinifizierten Morillon aus.<\/p>\n<p>Speiseempfehlung: Gefl\u00fcgelgerichte oder Geschnetzeltes vom hellen Fleisch mit feinen Saucen und Fr\u00fcchten.<\/p>\n<p>Lage: Wolfegg\/Blumauberg<br \/>\nVinifikation: Verg\u00e4rung und Lagerung im Stahltank teilweise Malolaktik<br \/>\nTrinktemperatur: 12-14\u00b0C<br \/>\nTrinkreife : ab sofort<br \/>\nCharakteristik: halbtrocken<\/p>\n<p>Alkoholgehalt: 12,50% Vol. Alk.<br \/>\nRestzucker: 8,90 g\/l RZ<br \/>\nS\u00e4uregehalt: 6,00 g\/l tbS<br \/>\nFlaschengr\u00f6\u00dfe: 0,75 l<\/p>\n<p>&nbsp;<\/p>\n<p>~~\u00dcber den Produzenten<\/p>\n<p>Der Weinhof Pichler hat seine Wurzeln im b\u00e4uerlichen Familienunternehmen, das seit Generationen in Leitersdorf besteht. Auf rund zw\u00f6lf Hektar wachsen die Trauben des Betriebs, die, zu verschiedenen Sorten edler Tropfen verarbeitet, auch Kenner \u00fcberzeugen. Der Schwerpunkt des Weinhofs liegt vor allem bei klassisch-trockenen Weinen.<\/p>\n<p>&nbsp;<\/p>\n<p>Fragen zum Produkt<\/p>\n<p>produkt@thermenbauernladen.at<\/p>\n<p>&nbsp;<\/p>\n<p>Herkunft<\/p>\n<p>Inmitten der Oststeiermark und dem Thermenland gelegen, erstreckt sich die 2-Thermenregion Bad Waltersdorf. Die Region ist nicht nur f\u00fcr ihre landschaftliche, sondern auch f\u00fcr ihre kulinarische Vielfalt bekannt. Vom heimischen Obst und Gem\u00fcse bis hin zu Milchprodukten bietet die Region ihren G\u00e4sten zahlreiche Natursch\u00e4tze.<\/p>\n","protected":false},"excerpt":{"rendered":"<h1 class=\"designation\">Morillon 0,75l &#8211; Weinhof Pichler<\/h1>\n<div class=\"product-review\"><\/div>\n","protected":false},"featured_media":18447,"comment_status":"closed","ping_status":"closed","template":"","meta":[],"product_brand":[],"product_cat":[139],"product_tag":[],"class_list":{"0":"post-18414","1":"product","2":"type-product","3":"status-publish","4":"has-post-thumbnail","6":"product_cat-weisswein-wein-vinothek-destillerie","8":"first","9":"instock","10":"taxable","11":"shipping-taxable","12":"product-type-simple"},"_links":{"self":[{"href":"https:\/\/www.thermenbauernladen.com\/online\/wp-json\/wp\/v2\/product\/18414","targetHints":{"allow":["GET"]}}],"collection":[{"href":"https:\/\/www.thermenbauernladen.com\/online\/wp-json\/wp\/v2\/product"}],"about":[{"href":"https:\/\/www.thermenbauernladen.com\/online\/wp-json\/wp\/v2\/types\/product"}],"replies":[{"embeddable":true,"href":"https:\/\/www.thermenbauernladen.com\/online\/wp-json\/wp\/v2\/comments?post=18414"}],"wp:featuredmedia":[{"embeddable":true,"href":"https:\/\/www.thermenbauernladen.com\/online\/wp-json\/wp\/v2\/media\/18447"}],"wp:attachment":[{"href":"https:\/\/www.thermenbauernladen.com\/online\/wp-json\/wp\/v2\/media?parent=18414"}],"wp:term":[{"taxonomy":"product_brand","embeddable":true,"href":"https:\/\/www.thermenbauernladen.com\/online\/wp-json\/wp\/v2\/product_brand?post=18414"},{"taxonomy":"product_cat","embeddable":true,"href":"https:\/\/www.thermenbauernladen.com\/online\/wp-json\/wp\/v2\/product_cat?post=18414"},{"taxonomy":"product_tag","embeddable":true,"href":"https:\/\/www.thermenbauernladen.com\/online\/wp-json\/wp\/v2\/product_tag?post=18414"}],"curies":[{"name":"wp","href":"https:\/\/api.w.org\/{rel}","templated":true}]}}