{"id":18416,"date":"2022-05-28T07:40:27","date_gmt":"2022-05-28T05:40:27","guid":{"rendered":"https:\/\/www.thermenbauernladen.com\/online\/?post_type=product&#038;p=18416"},"modified":"2022-05-28T07:40:46","modified_gmt":"2022-05-28T05:40:46","slug":"welschriesling-075l-weingut-glatz-2","status":"publish","type":"product","link":"https:\/\/www.thermenbauernladen.com\/online\/produkt\/welschriesling-075l-weingut-glatz-2\/","title":{"rendered":"Welschriesling 0,75l &#8211; Weingut Glatz"},"content":{"rendered":"<h2>Welschriesling 0,75l &#8211; Weingut Glatz<\/h2>\n<p>&nbsp;<\/p>\n<p>Der Welschriesling 2017 aus dem Weingut Glatz verzaubert mit seinem Duftkorb aus bunten Wiesenkr\u00e4utern und saftiger Limette. Ein\u00a0Hauch von gr\u00fcnem\u00a0Apfel, eine belebende S\u00e4urestruktur sowie\u00a0die\u00a0feine Kr\u00e4uterw\u00fcrze sorgen f\u00fcr die charaketeristische\u00a0Frische und\u00a0begeistern mit mineralischem Finish.<\/p>\n<p>&nbsp;<\/p>\n<p><u>Kulinarischer Tipp<\/u><\/p>\n<p>&nbsp;<\/p>\n<p>Der Welschriesling passt hevorragend zu Fisch und Gefl\u00fcgel.<\/p>\n<p>&nbsp;<\/p>\n<hr \/>\n<p>&nbsp;<\/p>\n<table dir=\"ltr\" border=\"0\" cellspacing=\"0\" cellpadding=\"0\" align=\"left\">\n<tbody>\n<tr>\n<td>Charakteristik<\/td>\n<td>belebende S\u00e4urestruktur; feines Aroma nach gr\u00fcnem Apfel und Limette<\/td>\n<\/tr>\n<tr>\n<td>Vinifikation<\/td>\n<td>klassisch ausgebaut im Stahltank<\/td>\n<\/tr>\n<tr>\n<td>Trinktemperatur<\/td>\n<td>7-9\u00b0C<\/td>\n<\/tr>\n<tr>\n<td>Lage<\/td>\n<td><\/td>\n<\/tr>\n<tr>\n<td>Alkoholgehalt<\/td>\n<td>12,0 % Vol. Alk<\/td>\n<\/tr>\n<tr>\n<td>Passt zu<\/td>\n<td>Fisch, Gefl\u00fcgel<\/td>\n<\/tr>\n<\/tbody>\n<\/table>\n<hr \/>\n<p>&nbsp;<\/p>\n<hr \/>\n<p>&nbsp;<\/p>\n<div><\/div>\n<p>&nbsp;<\/p>\n<p><u>\u00dcber den Produzenten<\/u><\/p>\n<p>1969 legten Karl und Anna Glatz den Grundstein f\u00fcr das heutige Weingut. Der damals seiner Zeit weit vorausdenkende Winzer errichtete einen f\u00fcr die Oststeiermark typischen Vierkanthof, der auch heute noch der Hauptsitz\u00a0ist. Die Enkelin Katharina Glatz \u00fcbernahm das\u00a0Weingut 1989 und baute es mit ihrem Lebensgef\u00e4hrten Karl N\u00f6hrer zur heutigen Gr\u00f6\u00dfe aus.<\/p>\n<p>&nbsp;<\/p>\n<p><u>Fragen zum Produkt<\/u><\/p>\n<p>produkt@thermenbauernladen.at<\/p>\n<p>&nbsp;<\/p>\n<p><u>Herkunft<\/u><\/p>\n<p>Inmitten der Oststeiermark und dem Thermenland gelegen, erstreckt sich die 2-Thermenregion Bad Waltersdorf. Die Region ist nicht nur f\u00fcr ihre landschaftliche, sondern auch f\u00fcr ihre kulinarische Vielfalt bekannt. Vom heimischen Obst und Gem\u00fcse bis hin zu Milchprodukten bietet die Region ihren G\u00e4sten zahlreiche Natursch\u00e4tze.<\/p>\n","protected":false},"excerpt":{"rendered":"<p>Frisch und belebend &#8211; der Welschriesling f\u00fcr den besonderen Genussmoment<\/p>\n<p>Ein typisch steirischer Welschriesling mit der Frische des gr\u00fcnen Apfels vom mehrfach pr\u00e4mierten Weingut Glatz<\/p>\n","protected":false},"featured_media":18451,"comment_status":"closed","ping_status":"closed","template":"","meta":[],"product_brand":[],"product_cat":[139],"product_tag":[],"class_list":{"0":"post-18416","1":"product","2":"type-product","3":"status-publish","4":"has-post-thumbnail","6":"product_cat-weisswein-wein-vinothek-destillerie","8":"first","9":"instock","10":"taxable","11":"shipping-taxable","12":"product-type-simple"},"_links":{"self":[{"href":"https:\/\/www.thermenbauernladen.com\/online\/wp-json\/wp\/v2\/product\/18416","targetHints":{"allow":["GET"]}}],"collection":[{"href":"https:\/\/www.thermenbauernladen.com\/online\/wp-json\/wp\/v2\/product"}],"about":[{"href":"https:\/\/www.thermenbauernladen.com\/online\/wp-json\/wp\/v2\/types\/product"}],"replies":[{"embeddable":true,"href":"https:\/\/www.thermenbauernladen.com\/online\/wp-json\/wp\/v2\/comments?post=18416"}],"wp:featuredmedia":[{"embeddable":true,"href":"https:\/\/www.thermenbauernladen.com\/online\/wp-json\/wp\/v2\/media\/18451"}],"wp:attachment":[{"href":"https:\/\/www.thermenbauernladen.com\/online\/wp-json\/wp\/v2\/media?parent=18416"}],"wp:term":[{"taxonomy":"product_brand","embeddable":true,"href":"https:\/\/www.thermenbauernladen.com\/online\/wp-json\/wp\/v2\/product_brand?post=18416"},{"taxonomy":"product_cat","embeddable":true,"href":"https:\/\/www.thermenbauernladen.com\/online\/wp-json\/wp\/v2\/product_cat?post=18416"},{"taxonomy":"product_tag","embeddable":true,"href":"https:\/\/www.thermenbauernladen.com\/online\/wp-json\/wp\/v2\/product_tag?post=18416"}],"curies":[{"name":"wp","href":"https:\/\/api.w.org\/{rel}","templated":true}]}}