{"id":18462,"date":"2022-05-28T07:40:51","date_gmt":"2022-05-28T05:40:51","guid":{"rendered":"https:\/\/www.thermenbauernladen.com\/online\/?post_type=product&#038;p=18462"},"modified":"2022-05-28T07:41:03","modified_gmt":"2022-05-28T05:41:03","slug":"grauburgunder-075l-weingut-glatz-2","status":"publish","type":"product","link":"https:\/\/www.thermenbauernladen.com\/online\/produkt\/grauburgunder-075l-weingut-glatz-2\/","title":{"rendered":"Grauburgunder 0,75l &#8211; Weingut Glatz"},"content":{"rendered":"<h2>Grauburgunder 0,75l &#8211; Weingut Glatz<\/h2>\n<p>Charakteristik<br \/>\nDelikate Birne und vornehme Zitrus verschmelzen mit zartherben Mandelnuancen und einem Hauch Waldhonig; wunderbare Extrakts\u00fc\u00dfe umgarnt den Gaumen und verspicht in nussig-fruchtiges Vergn\u00fcgen.<\/p>\n<p>Vinifikation:<br \/>\nVergoren im temperaturgesteuerten Stahltank, weiterer Ausbau im Stahltank mit Malolaktikg\u00e4rung.<\/p>\n<p>Boden: Lehm-Sand Mischboden<\/p>\n<p>Erntegradation: 19\u00b0 KMW<br \/>\nTrinktemperatur: 10 &#8211; 13\u00b0 C<br \/>\nTrinkreife: 2018-2021<br \/>\nAlkoholgehalt: 13,5% Vol. Alk.<br \/>\nRestzucker: 4,0 g\/l RZ<br \/>\nS\u00e4uregehalt: 4,4 g\/l<br \/>\nFlaschengr\u00f6\u00dfe: 0.75 l<\/p>\n","protected":false},"excerpt":{"rendered":"<h2>Grauburgunder 0,75l &#8211; Weingut Glatz<\/h2>\n","protected":false},"featured_media":18494,"comment_status":"closed","ping_status":"closed","template":"","meta":[],"product_brand":[],"product_cat":[139],"product_tag":[],"class_list":{"0":"post-18462","1":"product","2":"type-product","3":"status-publish","4":"has-post-thumbnail","6":"product_cat-weisswein-wein-vinothek-destillerie","8":"first","9":"instock","10":"taxable","11":"shipping-taxable","12":"product-type-simple"},"_links":{"self":[{"href":"https:\/\/www.thermenbauernladen.com\/online\/wp-json\/wp\/v2\/product\/18462","targetHints":{"allow":["GET"]}}],"collection":[{"href":"https:\/\/www.thermenbauernladen.com\/online\/wp-json\/wp\/v2\/product"}],"about":[{"href":"https:\/\/www.thermenbauernladen.com\/online\/wp-json\/wp\/v2\/types\/product"}],"replies":[{"embeddable":true,"href":"https:\/\/www.thermenbauernladen.com\/online\/wp-json\/wp\/v2\/comments?post=18462"}],"wp:featuredmedia":[{"embeddable":true,"href":"https:\/\/www.thermenbauernladen.com\/online\/wp-json\/wp\/v2\/media\/18494"}],"wp:attachment":[{"href":"https:\/\/www.thermenbauernladen.com\/online\/wp-json\/wp\/v2\/media?parent=18462"}],"wp:term":[{"taxonomy":"product_brand","embeddable":true,"href":"https:\/\/www.thermenbauernladen.com\/online\/wp-json\/wp\/v2\/product_brand?post=18462"},{"taxonomy":"product_cat","embeddable":true,"href":"https:\/\/www.thermenbauernladen.com\/online\/wp-json\/wp\/v2\/product_cat?post=18462"},{"taxonomy":"product_tag","embeddable":true,"href":"https:\/\/www.thermenbauernladen.com\/online\/wp-json\/wp\/v2\/product_tag?post=18462"}],"curies":[{"name":"wp","href":"https:\/\/api.w.org\/{rel}","templated":true}]}}