{"id":18469,"date":"2022-05-28T07:40:51","date_gmt":"2022-05-28T05:40:51","guid":{"rendered":"https:\/\/www.thermenbauernladen.com\/online\/?post_type=product&#038;p=18469"},"modified":"2022-05-28T07:41:11","modified_gmt":"2022-05-28T05:41:11","slug":"blauer-zweigelt-barrique-075l-derpieber-2","status":"publish","type":"product","link":"https:\/\/www.thermenbauernladen.com\/online\/produkt\/blauer-zweigelt-barrique-075l-derpieber-2\/","title":{"rendered":"Blauer Zweigelt Barrique 0,75l &#8211; derPieber"},"content":{"rendered":"<h2>Blauer Zweigelt Barrique 0,75l &#8211; derPieber<\/h2>\n<p>Speisenempfehlung:<\/p>\n<p>Wild- Lamm-Rindfleischgerichte, Zartbitterschokolade, oder zu K\u00e4sevariationen.<\/p>\n","protected":false},"excerpt":{"rendered":"<p>Tiefdunkle Farbe; im Duft ein Duett von Kirschen und Schokolade, im Nachhall leicht zarte rauchige r\u00f6st Noten und elegante Tannine pr\u00e4gen den weich samtigen K\u00f6rper. Ausgebaut in kleinen Eichenholzf\u00e4ssern.<\/p>\n","protected":false},"featured_media":18505,"comment_status":"closed","ping_status":"closed","template":"","meta":[],"product_brand":[],"product_cat":[149],"product_tag":[],"class_list":{"0":"post-18469","1":"product","2":"type-product","3":"status-publish","4":"has-post-thumbnail","6":"product_cat-rotwein-wein-vinothek-destillerie","8":"first","9":"instock","10":"taxable","11":"shipping-taxable","12":"product-type-simple"},"_links":{"self":[{"href":"https:\/\/www.thermenbauernladen.com\/online\/wp-json\/wp\/v2\/product\/18469","targetHints":{"allow":["GET"]}}],"collection":[{"href":"https:\/\/www.thermenbauernladen.com\/online\/wp-json\/wp\/v2\/product"}],"about":[{"href":"https:\/\/www.thermenbauernladen.com\/online\/wp-json\/wp\/v2\/types\/product"}],"replies":[{"embeddable":true,"href":"https:\/\/www.thermenbauernladen.com\/online\/wp-json\/wp\/v2\/comments?post=18469"}],"wp:featuredmedia":[{"embeddable":true,"href":"https:\/\/www.thermenbauernladen.com\/online\/wp-json\/wp\/v2\/media\/18505"}],"wp:attachment":[{"href":"https:\/\/www.thermenbauernladen.com\/online\/wp-json\/wp\/v2\/media?parent=18469"}],"wp:term":[{"taxonomy":"product_brand","embeddable":true,"href":"https:\/\/www.thermenbauernladen.com\/online\/wp-json\/wp\/v2\/product_brand?post=18469"},{"taxonomy":"product_cat","embeddable":true,"href":"https:\/\/www.thermenbauernladen.com\/online\/wp-json\/wp\/v2\/product_cat?post=18469"},{"taxonomy":"product_tag","embeddable":true,"href":"https:\/\/www.thermenbauernladen.com\/online\/wp-json\/wp\/v2\/product_tag?post=18469"}],"curies":[{"name":"wp","href":"https:\/\/api.w.org\/{rel}","templated":true}]}}