{"id":18475,"date":"2022-05-28T07:40:52","date_gmt":"2022-05-28T05:40:52","guid":{"rendered":"https:\/\/www.thermenbauernladen.com\/online\/?post_type=product&#038;p=18475"},"modified":"2022-05-28T07:41:18","modified_gmt":"2022-05-28T05:41:18","slug":"kuerbis-secco-piccolo-250ml-oelmuehle-hoefler-2","status":"publish","type":"product","link":"https:\/\/www.thermenbauernladen.com\/online\/produkt\/kuerbis-secco-piccolo-250ml-oelmuehle-hoefler-2\/","title":{"rendered":"K\u00fcrbis-Secco Piccolo 250ml &#8211; \u00d6lm\u00fchle H\u00f6fler"},"content":{"rendered":"<h2>K\u00fcrbis-Secco Piccolo 250ml &#8211; \u00d6lm\u00fchle H\u00f6fler<\/h2>\n<p>&nbsp;<\/p>\n<p>Der K\u00fcrbis-Secco ist ein spritziges und\u00a0trockenes Weingetr\u00e4nk, das\u00a0aus sonnenreifen\u00a0Hokkaido-K\u00fcrbissen gewonnen wird, was sich auch in\u00a0der\u00a0goldenen\u00a0Farbe widerspiegelt. Der Secco verspricht die\u00a0pure, prickelnde Lebensfreude!<\/p>\n<p>&nbsp;<\/p>\n<p><u>Kulinarischer Tipp<\/u><\/p>\n<p>&nbsp;<\/p>\n<p>Der K\u00fcrbis-Secco eignet sich hervorragend als Aperitif und als Begleiter zu leichten Speisen.<\/p>\n","protected":false},"excerpt":{"rendered":"<p>Aromatisch und golden &#8211; der spritzige\u00a0Secco mit k\u00fcrbis-fruchtiger\u00a0Seele<\/p>\n<p>Aromatisierter, weinhaltiger Aperitif aus sonnengereiften Hokkaido-K\u00fcrbissen<\/p>\n","protected":false},"featured_media":18532,"comment_status":"closed","ping_status":"closed","template":"","meta":[],"product_brand":[],"product_cat":[142],"product_tag":[],"class_list":{"0":"post-18475","1":"product","2":"type-product","3":"status-publish","4":"has-post-thumbnail","6":"product_cat-frizzante-secco-wein-vinothek-destillerie","8":"first","9":"instock","10":"taxable","11":"shipping-taxable","12":"product-type-simple"},"_links":{"self":[{"href":"https:\/\/www.thermenbauernladen.com\/online\/wp-json\/wp\/v2\/product\/18475","targetHints":{"allow":["GET"]}}],"collection":[{"href":"https:\/\/www.thermenbauernladen.com\/online\/wp-json\/wp\/v2\/product"}],"about":[{"href":"https:\/\/www.thermenbauernladen.com\/online\/wp-json\/wp\/v2\/types\/product"}],"replies":[{"embeddable":true,"href":"https:\/\/www.thermenbauernladen.com\/online\/wp-json\/wp\/v2\/comments?post=18475"}],"wp:featuredmedia":[{"embeddable":true,"href":"https:\/\/www.thermenbauernladen.com\/online\/wp-json\/wp\/v2\/media\/18532"}],"wp:attachment":[{"href":"https:\/\/www.thermenbauernladen.com\/online\/wp-json\/wp\/v2\/media?parent=18475"}],"wp:term":[{"taxonomy":"product_brand","embeddable":true,"href":"https:\/\/www.thermenbauernladen.com\/online\/wp-json\/wp\/v2\/product_brand?post=18475"},{"taxonomy":"product_cat","embeddable":true,"href":"https:\/\/www.thermenbauernladen.com\/online\/wp-json\/wp\/v2\/product_cat?post=18475"},{"taxonomy":"product_tag","embeddable":true,"href":"https:\/\/www.thermenbauernladen.com\/online\/wp-json\/wp\/v2\/product_tag?post=18475"}],"curies":[{"name":"wp","href":"https:\/\/api.w.org\/{rel}","templated":true}]}}