{"id":18612,"date":"2022-05-28T07:42:05","date_gmt":"2022-05-28T05:42:05","guid":{"rendered":"https:\/\/www.thermenbauernladen.com\/online\/?post_type=product&#038;p=18612"},"modified":"2022-05-28T07:42:40","modified_gmt":"2022-05-28T05:42:40","slug":"suhudler-balsamessig-05l-weingut-glatz-2","status":"publish","type":"product","link":"https:\/\/www.thermenbauernladen.com\/online\/produkt\/suhudler-balsamessig-05l-weingut-glatz-2\/","title":{"rendered":"S&#8217;Uhudler Balsamessig 0,5l, Weingut Glatz"},"content":{"rendered":"<h2>S&#8217;Uhudler Balsamessig 0,5l, Weingut Glatz<\/h2>\n<p>&nbsp;<\/p>\n<p>&nbsp;<\/p>\n<p>Der S&#8217;Uhudler-Balsamessig zeichnet sich einerseits durch die typische Cremigkeit und die feine, abgerundete S\u00e4ure des Balsams aus und andererseits durch die fruchtige S\u00fc\u00dfe des S&#8217;Uhudlers. Ein delikater Essig, der vielseitig Verwendung finden kann.<\/p>\n<p>&nbsp;<\/p>\n<p><u>Kulinarischer Tipp<\/u><\/p>\n<p>&nbsp;<\/p>\n<p>Der S&#8217;Uhudler-Balsamessig eignet sich sowohl zur Verfeinerung aller Arten von Salaten als auch s\u00fc\u00dfer Desserts. Auch in dunklen\u00a0Saucen macht sich die feine S\u00e4ure mit s\u00fc\u00dfem Touch sehr gut.<\/p>\n<p>&nbsp;<\/p>\n<hr \/>\n<p>&nbsp;<\/p>\n<table dir=\"ltr\" border=\"0\" cellspacing=\"0\" cellpadding=\"0\" align=\"left\">\n<tbody>\n<tr>\n<td>Zutaten\/Inhaltsstoffe<\/td>\n<td><s>???<\/s><\/td>\n<\/tr>\n<tr>\n<td>Charakteristik<\/td>\n<td>weich, s\u00fc\u00df, cremig<\/td>\n<\/tr>\n<tr>\n<td>Lagerung<\/td>\n<td>trocken und dunkel;\u00a0<s>2 Jahre\u00a0Mindesthaltbarkeit<\/s><\/td>\n<\/tr>\n<tr>\n<td>Alkohol<\/td>\n<td>keiner<\/td>\n<\/tr>\n<tr>\n<td>Allergene<\/td>\n<td><s>keine<\/s><\/td>\n<\/tr>\n<tr>\n<td>Passt zu<\/td>\n<td>Salat, Desserts, dunklen Saucen<\/td>\n<\/tr>\n<\/tbody>\n<\/table>\n<hr \/>\n<p>&nbsp;<\/p>\n<hr \/>\n<p>&nbsp;<\/p>\n<div><\/div>\n<p>&nbsp;<\/p>\n<p><u>\u00dcber den Produzenten<\/u><\/p>\n<p>1969 legten Karl und Anna Glatz den Grundstein f\u00fcr das heutige Weingut Glatz. Die damals seiner Zeit weit vorausdenkenden Winzer errichteten einen f\u00fcr die Oststeiermark typischen Vierkanthof, der auch heute noch der Hauptsitz ist. Die Enkelin Katharina Glatz \u00fcbernahm das Weingut 1989 und baute es mit ihrem Lebensgef\u00e4hrten Karl N\u00f6hrer zur heutigen Gr\u00f6\u00dfe aus.<\/p>\n<p>&nbsp;<\/p>\n<p><u>Fragen zum Produkt<\/u><\/p>\n<p>produkt@thermenbauernladen.at<\/p>\n<p>&nbsp;<\/p>\n<p><u>Herkunft<\/u><\/p>\n<p>Inmitten der Oststeiermark und dem Thermenland gelegen, erstreckt sich die 2-Thermenregion Bad Waltersdorf. Die Region ist nicht nur f\u00fcr ihre landschaftliche, sondern auch f\u00fcr ihre kulinarische Vielfalt bekannt. Vom heimischen Obst und Gem\u00fcse bis hin zu Milchprodukten bietet die Region ihren G\u00e4sten zahlreiche Natursch\u00e4tze.<\/p>\n","protected":false},"excerpt":{"rendered":"<p>Dunkel und s\u00fc\u00df &#8211; der S&#8217;Uhudler-Balsamessig aus dem pr\u00e4mierten Weingut Glatz<\/p>\n<p>Ein dunkler Essig, dessen feine S\u00fc\u00dfe auch perfekt mit Desserts harmoniert<\/p>\n","protected":false},"featured_media":18693,"comment_status":"closed","ping_status":"closed","template":"","meta":[],"product_brand":[],"product_cat":[135],"product_tag":[],"class_list":{"0":"post-18612","1":"product","2":"type-product","3":"status-publish","4":"has-post-thumbnail","6":"product_cat-essigoel-spezialitaeten","8":"first","9":"instock","10":"taxable","11":"shipping-taxable","12":"product-type-simple"},"_links":{"self":[{"href":"https:\/\/www.thermenbauernladen.com\/online\/wp-json\/wp\/v2\/product\/18612","targetHints":{"allow":["GET"]}}],"collection":[{"href":"https:\/\/www.thermenbauernladen.com\/online\/wp-json\/wp\/v2\/product"}],"about":[{"href":"https:\/\/www.thermenbauernladen.com\/online\/wp-json\/wp\/v2\/types\/product"}],"replies":[{"embeddable":true,"href":"https:\/\/www.thermenbauernladen.com\/online\/wp-json\/wp\/v2\/comments?post=18612"}],"wp:featuredmedia":[{"embeddable":true,"href":"https:\/\/www.thermenbauernladen.com\/online\/wp-json\/wp\/v2\/media\/18693"}],"wp:attachment":[{"href":"https:\/\/www.thermenbauernladen.com\/online\/wp-json\/wp\/v2\/media?parent=18612"}],"wp:term":[{"taxonomy":"product_brand","embeddable":true,"href":"https:\/\/www.thermenbauernladen.com\/online\/wp-json\/wp\/v2\/product_brand?post=18612"},{"taxonomy":"product_cat","embeddable":true,"href":"https:\/\/www.thermenbauernladen.com\/online\/wp-json\/wp\/v2\/product_cat?post=18612"},{"taxonomy":"product_tag","embeddable":true,"href":"https:\/\/www.thermenbauernladen.com\/online\/wp-json\/wp\/v2\/product_tag?post=18612"}],"curies":[{"name":"wp","href":"https:\/\/api.w.org\/{rel}","templated":true}]}}