{"id":18865,"date":"2022-05-28T07:44:08","date_gmt":"2022-05-28T05:44:08","guid":{"rendered":"https:\/\/www.thermenbauernladen.com\/online\/?post_type=product&#038;p=18865"},"modified":"2022-05-28T07:44:42","modified_gmt":"2022-05-28T05:44:42","slug":"holunderbluetensaft-075l-obsthof-fuchs-2","status":"publish","type":"product","link":"https:\/\/www.thermenbauernladen.com\/online\/produkt\/holunderbluetensaft-075l-obsthof-fuchs-2\/","title":{"rendered":"Holunderbl\u00fctensaft 0,75l, Obsthof Fuchs"},"content":{"rendered":"<h2>Holunderbl\u00fctensaft 0,75l, Obsthof Fuchs<\/h2>\n<p>&nbsp;<\/p>\n<p>Der Holunder\u00a0ist nicht nur sehr aromatisch, sondern auch gesund. Das wussten schon unsere Gro\u00dfm\u00fctter, die den Wert des Strauches hochsch\u00e4tzten. Holunder enth\u00e4lt n\u00e4mlich reichlich Vitamin C, Vitamin B und \u00e4therische \u00d6le. Der herrlich duftende Saft aus Holunderbl\u00fcten ist eine neue Besonderheit aus dem Obsthof Fuchs und im Mischverh\u00e4ltnis 1:1 mit Wasser zu genie\u00dfen.<\/p>\n<p>&nbsp;<\/p>\n<p><u>Kulinarischer Tipp<\/u><\/p>\n<p>&nbsp;<\/p>\n<p>Der Holunderbl\u00fctensaft ist ein blumig-fruchtiger Trinkgenuss und schmeckt auch herrlich im Sekt oder Prosecco.<\/p>\n<p>&nbsp;<\/p>\n<hr \/>\n<p>&nbsp;<\/p>\n<table dir=\"ltr\" border=\"0\" cellspacing=\"0\" cellpadding=\"0\" align=\"left\">\n<tbody>\n<tr>\n<td>Zutaten\/Inhaltsstoffe<\/td>\n<td><\/td>\n<\/tr>\n<tr>\n<td>Charakteristik<\/td>\n<td>blumig; nat\u00fcrliches Holunderbl\u00fctenaroma<\/td>\n<\/tr>\n<tr>\n<td>Lagerung<\/td>\n<td><\/td>\n<\/tr>\n<tr>\n<td>Alkohol<\/td>\n<td>keiner<\/td>\n<\/tr>\n<tr>\n<td>Allergene<\/td>\n<td><\/td>\n<\/tr>\n<tr>\n<td>Passt zu<\/td>\n<td>Sekt, Prosecco<\/td>\n<\/tr>\n<\/tbody>\n<\/table>\n<hr \/>\n<p>&nbsp;<\/p>\n<hr \/>\n<p>&nbsp;<\/p>\n<div><\/div>\n<p><u>\u00dcber den Produzenten<\/u><\/p>\n<p>&nbsp;<\/p>\n<p>Schon in der dritten Generation wird in der Familie Fuchs Obstbau betrieben. Die Liebe zur Natur, das \u00fcberlieferte Wissen und ein moderner Ansatz sind die Erfolgsfaktoren ihrer oststeirischen Landwirtschaft, die durch die erdige Kraft der Thermenregion die besten Fr\u00fcchte hervorbringt.<\/p>\n<p>&nbsp;<\/p>\n<p><u>Herkunft<\/u><\/p>\n<p>Inmitten der Oststeiermark und dem Thermenland gelegen, erstreckt sich die 2-Thermenregion Bad Waltersdorf. Die Region ist nicht nur f\u00fcr ihre landschaftliche, sondern auch f\u00fcr ihre kulinarische Vielfalt bekannt. Vom heimischen Obst und Gem\u00fcse bis hin zu Milchprodukten bietet die Region ihren G\u00e4sten zahlreiche Natursch\u00e4tze.<\/p>\n","protected":false},"excerpt":{"rendered":"<p>Blumig und fruchtig- der Holunderbl\u00fctensaft aus der 2-Thermenregion<\/p>\n<p>Der Saft aus duftenden Holunderbl\u00fcten ist eine neue Besonderheit aus dem\u00a0preisgekr\u00f6nten Obsthof Fuchs<\/p>\n","protected":false},"featured_media":18937,"comment_status":"closed","ping_status":"closed","template":"","meta":[],"product_brand":[],"product_cat":[143],"product_tag":[],"class_list":{"0":"post-18865","1":"product","2":"type-product","3":"status-publish","4":"has-post-thumbnail","6":"product_cat-saefte-getraenke","8":"first","9":"instock","10":"taxable","11":"shipping-taxable","12":"product-type-simple"},"_links":{"self":[{"href":"https:\/\/www.thermenbauernladen.com\/online\/wp-json\/wp\/v2\/product\/18865","targetHints":{"allow":["GET"]}}],"collection":[{"href":"https:\/\/www.thermenbauernladen.com\/online\/wp-json\/wp\/v2\/product"}],"about":[{"href":"https:\/\/www.thermenbauernladen.com\/online\/wp-json\/wp\/v2\/types\/product"}],"replies":[{"embeddable":true,"href":"https:\/\/www.thermenbauernladen.com\/online\/wp-json\/wp\/v2\/comments?post=18865"}],"wp:featuredmedia":[{"embeddable":true,"href":"https:\/\/www.thermenbauernladen.com\/online\/wp-json\/wp\/v2\/media\/18937"}],"wp:attachment":[{"href":"https:\/\/www.thermenbauernladen.com\/online\/wp-json\/wp\/v2\/media?parent=18865"}],"wp:term":[{"taxonomy":"product_brand","embeddable":true,"href":"https:\/\/www.thermenbauernladen.com\/online\/wp-json\/wp\/v2\/product_brand?post=18865"},{"taxonomy":"product_cat","embeddable":true,"href":"https:\/\/www.thermenbauernladen.com\/online\/wp-json\/wp\/v2\/product_cat?post=18865"},{"taxonomy":"product_tag","embeddable":true,"href":"https:\/\/www.thermenbauernladen.com\/online\/wp-json\/wp\/v2\/product_tag?post=18865"}],"curies":[{"name":"wp","href":"https:\/\/api.w.org\/{rel}","templated":true}]}}