{"id":18956,"date":"2022-05-28T07:44:57","date_gmt":"2022-05-28T05:44:57","guid":{"rendered":"https:\/\/www.thermenbauernladen.com\/online\/?post_type=product&#038;p=18956"},"modified":"2022-05-28T07:45:04","modified_gmt":"2022-05-28T05:45:04","slug":"hirschbirnensaft-1l-naturparkbauerhof-poeltl-2","status":"publish","type":"product","link":"https:\/\/www.thermenbauernladen.com\/online\/produkt\/hirschbirnensaft-1l-naturparkbauerhof-poeltl-2\/","title":{"rendered":"Hirschbirnensaft 1l &#8211; Naturparkbauerhof P\u00f6ltl"},"content":{"rendered":"<h2>Hirschbirnensaft 1l &#8211; Naturparkbauerhof P\u00f6ltl<\/h2>\n<p>&nbsp;<\/p>\n<p>Der S\u00e4mling der saftigen Hirschbirne stammt urspr\u00fcnglich aus dem Herzen \u00d6sterreichs, genauer, aus der heutigen Genussregion P\u00f6llau. Die Hirschbirn ist also eine waschechte P\u00f6llauerin.\u00a0Die Familie P\u00f6ltl hat die schmackhafte Birne f\u00fcr Sie auf sortentypischen Hochglanz gebracht. Mit Pr\u00e4dikaten wie \u201esauber\u201c, \u201ekletzig\u201c und \u201efrisch\u201c zeichnete die Landwirtschaftskammer Steiermark ihren Saft aus der Birne mit Gold in steirischer Landesbewertung aus.<\/p>\n<p>&nbsp;<\/p>\n<p><u>Kulinarischer Tipp<\/u><\/p>\n<p>&nbsp;<\/p>\n<p>Mit Leitungs- oder Mineralwasser gespritzt ist der Hirschbirnensaft bei Erwachsenen wie Kindern als hervorragender Durstl\u00f6scher beliebt. Wir empfehlen Ihnen unseren Hirschbirnensaft nicht nur zur deftigen Brettljause, sondern auch zu Rindfleisch- und Wildgerichten, da der Geschmack der Birne mit dunklem Fleisch besonders gut harmoniert.<\/p>\n<p>&nbsp;<\/p>\n<table dir=\"ltr\" border=\"0\" cellspacing=\"0\" cellpadding=\"0\" align=\"left\">\n<tbody>\n<tr>\n<td>Zutaten\/Inhaltsstoffe<\/td>\n<td>hochwertiger Direktsaft aus der Hirschbirne<\/td>\n<\/tr>\n<tr>\n<td>Charakteristik<\/td>\n<td>fruchtig, vollmundig; harmonische Zucker-S\u00e4ure-Struktur, feine Karamellnote; frischer und kletziger Geschmack<\/td>\n<\/tr>\n<tr>\n<td>Lagerung<\/td>\n<td>trocken, dunkel und eher k\u00fchl<\/td>\n<\/tr>\n<tr>\n<td>Alkohol<\/td>\n<td>keiner<\/td>\n<\/tr>\n<tr>\n<td>Allergene<\/td>\n<td><\/td>\n<\/tr>\n<tr>\n<td>Passt zu<\/td>\n<td>Brettljause, Rindfleisch- und Wildgerichten<\/td>\n<\/tr>\n<\/tbody>\n<\/table>\n<hr \/>\n<p>&nbsp;<\/p>\n<hr \/>\n<p>&nbsp;<\/p>\n<div><\/div>\n<p>Wer \u201eHirschbirne\u201c sagt, meint \u201eP\u00f6llau\u201c!<\/p>\n<p>&nbsp;<\/p>\n<p>Manche behaupten ja, die Hirschbirne sei mit Napoleons Truppen aus Frankreich zu uns gekommen, aber, mit Verlaub, nicht alles, was Genuss ist, kommt aus Frankreich. Vielmehr stammt der S\u00e4mling der saftigen Birne urspr\u00fcnglich aus dem Herzen \u00d6sterreichs, genauer, aus der heutigen Genussregion P\u00f6llau.<\/p>\n<p>Damit wir aus der Frucht einen Saft gewinnen, der nicht nur ein wunderbarer Durstl\u00f6scher, sondern auch ein einmaliges Genuss-Erlebnis ist, greifen wir auf jahrelange Erfahrung zur\u00fcck und stecken h\u00f6chste Sorgfalt in die Pflege unserer Streuobstwiesen, die Auslese und zu guter Letzt in die Saftgewinnung selbst.<\/p>\n<p>&nbsp;<\/p>\n<p><em>Bist g\u2019sund, bleibst schen &#8230;<\/em><\/p>\n<p>&nbsp;<\/p>\n<p>Was die Hirschbirne so einzigartig macht, ist die Tatsache, dass sie einen hohen Zuckergehalt, aber nur wenig Gerbs\u00e4ure hat, wodurch sie zum perfekten Energielieferanten wird. Der P\u00f6llauer Hirschbirne spricht man au\u00dferdem eine cholesterinsenkende Wirkung nebst hohem Ballaststoffanteil zu \u2013 ein steirisches \u201eKraftpaket\u201c also, das Sie sowohl kulinarisch verw\u00f6hnt, als auch gesund und munter in Ihren Alltag gehen l\u00e4sst.<\/p>\n<p>&nbsp;<\/p>\n<hr \/>\n<p>&nbsp;<\/p>\n<p><u>\u00dcber den Produzenten<\/u><\/p>\n<p>Die Familie P\u00f6ltl produziert f\u00fcr ihren G\u00fctesiegel-Bauernladen in P\u00f6llau neben Hirschbirn-Produkten auch Brot aus dem Holzofen, Selchfleisch, Aufstriche und Wurstwaren. Die Familie wurde mit dem \u201eLandessieg f\u00fcr den Hirschbirnenbrand\u201c und drei Mal mit einer\u00a0\u201eAuszeichnung der Bauernladen-Genusspakete\u201c\u00a0geehrt und erhielt das\u00a0Qualit\u00e4tsg\u00fctesiegel \u201e4 Blumen\u201c.<\/p>\n","protected":false},"excerpt":{"rendered":"<p>Frisch und kletzig &#8211; der pr\u00e4mierte Saft aus der beliebten P\u00f6llauer Hirschbirn<\/p>\n<p>Ein vollmundiger, fruchtiger Birnensaft, der nicht nur ein herrlicher Durstl\u00f6scher ist, sondern auch ein perfekter Energielieferant<\/p>\n","protected":false},"featured_media":18987,"comment_status":"closed","ping_status":"closed","template":"","meta":[],"product_brand":[],"product_cat":[143],"product_tag":[],"class_list":{"0":"post-18956","1":"product","2":"type-product","3":"status-publish","4":"has-post-thumbnail","6":"product_cat-saefte-getraenke","8":"first","9":"instock","10":"taxable","11":"shipping-taxable","12":"product-type-simple"},"_links":{"self":[{"href":"https:\/\/www.thermenbauernladen.com\/online\/wp-json\/wp\/v2\/product\/18956","targetHints":{"allow":["GET"]}}],"collection":[{"href":"https:\/\/www.thermenbauernladen.com\/online\/wp-json\/wp\/v2\/product"}],"about":[{"href":"https:\/\/www.thermenbauernladen.com\/online\/wp-json\/wp\/v2\/types\/product"}],"replies":[{"embeddable":true,"href":"https:\/\/www.thermenbauernladen.com\/online\/wp-json\/wp\/v2\/comments?post=18956"}],"wp:featuredmedia":[{"embeddable":true,"href":"https:\/\/www.thermenbauernladen.com\/online\/wp-json\/wp\/v2\/media\/18987"}],"wp:attachment":[{"href":"https:\/\/www.thermenbauernladen.com\/online\/wp-json\/wp\/v2\/media?parent=18956"}],"wp:term":[{"taxonomy":"product_brand","embeddable":true,"href":"https:\/\/www.thermenbauernladen.com\/online\/wp-json\/wp\/v2\/product_brand?post=18956"},{"taxonomy":"product_cat","embeddable":true,"href":"https:\/\/www.thermenbauernladen.com\/online\/wp-json\/wp\/v2\/product_cat?post=18956"},{"taxonomy":"product_tag","embeddable":true,"href":"https:\/\/www.thermenbauernladen.com\/online\/wp-json\/wp\/v2\/product_tag?post=18956"}],"curies":[{"name":"wp","href":"https:\/\/api.w.org\/{rel}","templated":true}]}}