{"id":19030,"date":"2022-05-28T07:45:35","date_gmt":"2022-05-28T05:45:35","guid":{"rendered":"https:\/\/www.thermenbauernladen.com\/online\/?post_type=product&#038;p=19030"},"modified":"2022-05-28T07:45:50","modified_gmt":"2022-05-28T05:45:50","slug":"weinpackerl-2-thermenregion-2","status":"publish","type":"product","link":"https:\/\/www.thermenbauernladen.com\/online\/produkt\/weinpackerl-2-thermenregion-2\/","title":{"rendered":"Weinpackerl 2-Thermenregion"},"content":{"rendered":"<h2>Weinpackerl 2-Thermenregion<\/h2>\n<p>Das Weinpackerl aus der 2-Thermenregion beinhaltet einen\u00a0Muskateller Wein vom Weinhof Pichler und einen S\u00dahudler Wein vom\u00a0Weingut Glatz. Auf dem Weinglas ist die &#8222;2-Thermenregion&#8220; eingraviert. Das Weinpackerl kann nach Ihren individuellen W\u00fcnschen verpackt und ausgestaltet werden.<\/p>\n<p>&nbsp;<\/p>\n<p><u>Kulinarischer Tipp<\/u><\/p>\n<p>&nbsp;<\/p>\n<p>Beide Weine harmonieren besonders gut mit Fisch, hellem Fleisch und Desserts.<\/p>\n<p>&nbsp;<\/p>\n<hr \/>\n<p>&nbsp;<\/p>\n<table dir=\"ltr\" border=\"0\" cellspacing=\"0\" cellpadding=\"0\" align=\"left\">\n<tbody>\n<tr>\n<td>Zutaten\/Inhaltsstoffe<\/td>\n<td><\/td>\n<\/tr>\n<tr>\n<td>Charakteristik<\/td>\n<td><\/td>\n<\/tr>\n<tr>\n<td>Lagerung<\/td>\n<td>k\u00fchl und dunkel<\/td>\n<\/tr>\n<tr>\n<td>Alkohol<\/td>\n<td>12,00% Vol. Alk.; 11,00% Vol.Alk.<\/td>\n<\/tr>\n<tr>\n<td>Allergene<\/td>\n<td><\/td>\n<\/tr>\n<tr>\n<td>Passt zu<\/td>\n<td>Fisch, hellem Fleisch, Desserts<\/td>\n<\/tr>\n<\/tbody>\n<\/table>\n<hr \/>\n<p>&nbsp;<\/p>\n<hr \/>\n<p>&nbsp;<\/p>\n<div><\/div>\n<p>&nbsp;<\/p>\n<p><u>\u00dcber den Produzenten<\/u><\/p>\n<p>&nbsp;<\/p>\n<p>Weingut Glatz:<\/p>\n<p>1969 legten Karl und Anna Glatz den Grundstein f\u00fcr das heutige Weingut Glatz. Die damals seiner Zeit weit vorausdenkenden Winzer errichteten einen f\u00fcr die Oststeiermark typischen Vierkanthof, der auch heute noch der Hauptsitz ist. Die Enkelin Katharina Glatz \u00fcbernahm das Weingut 1989 und baute es mit ihrem Lebensgef\u00e4hrten Karl N\u00f6hrer zur heutigen Gr\u00f6\u00dfe aus.<\/p>\n<p>Weinhof Pichler:<\/p>\n<p>Der Weinhof Pichler hat seine Wurzeln im b\u00e4uerlichen Familienunternehmen, das seit Generationen in Leitersdorf besteht. Auf rund zw\u00f6lf Hektar wachsen die Trauben des Betriebs, die, zu verschiedenen Sorten edler Tropfen verarbeitet, auch Kenner \u00fcberzeugen. Der Schwerpunkt des Weinhofs liegt vor allem bei klassisch-trockenen Weinen.<\/p>\n<p>&nbsp;<\/p>\n<p><u>Herkunft<\/u><\/p>\n<p>Inmitten der Oststeiermark und dem Thermenland gelegen, erstreckt sich die 2-Thermenregion Bad Waltersdorf. Die Region ist nicht nur f\u00fcr ihre landschaftliche, sondern auch f\u00fcr ihre kulinarische Vielfalt bekannt. Vom heimischen Obst und Gem\u00fcse bis hin zu Milchprodukten bietet die Region ihren G\u00e4sten zahlreiche Natursch\u00e4tze.<\/p>\n","protected":false},"excerpt":{"rendered":"<p>Sinnlich und prickelnd &#8211; das Wein-Packerl mit Weinglas\u00a0aus der 2-Thermenregion<\/p>\n<p>Ein herrlich fruchtiger Muskateller und ein prickelnd-beeriger S&#8217;Uhudler aus den mehrfach pr\u00e4mierten Weing\u00fctern Pichler und Glatz<\/p>\n","protected":false},"featured_media":19065,"comment_status":"closed","ping_status":"closed","template":"","meta":[],"product_brand":[],"product_cat":[85],"product_tag":[],"class_list":{"0":"post-19030","1":"product","2":"type-product","3":"status-publish","4":"has-post-thumbnail","6":"product_cat-geschenke","8":"first","9":"instock","10":"taxable","11":"shipping-taxable","12":"product-type-simple"},"_links":{"self":[{"href":"https:\/\/www.thermenbauernladen.com\/online\/wp-json\/wp\/v2\/product\/19030","targetHints":{"allow":["GET"]}}],"collection":[{"href":"https:\/\/www.thermenbauernladen.com\/online\/wp-json\/wp\/v2\/product"}],"about":[{"href":"https:\/\/www.thermenbauernladen.com\/online\/wp-json\/wp\/v2\/types\/product"}],"replies":[{"embeddable":true,"href":"https:\/\/www.thermenbauernladen.com\/online\/wp-json\/wp\/v2\/comments?post=19030"}],"wp:featuredmedia":[{"embeddable":true,"href":"https:\/\/www.thermenbauernladen.com\/online\/wp-json\/wp\/v2\/media\/19065"}],"wp:attachment":[{"href":"https:\/\/www.thermenbauernladen.com\/online\/wp-json\/wp\/v2\/media?parent=19030"}],"wp:term":[{"taxonomy":"product_brand","embeddable":true,"href":"https:\/\/www.thermenbauernladen.com\/online\/wp-json\/wp\/v2\/product_brand?post=19030"},{"taxonomy":"product_cat","embeddable":true,"href":"https:\/\/www.thermenbauernladen.com\/online\/wp-json\/wp\/v2\/product_cat?post=19030"},{"taxonomy":"product_tag","embeddable":true,"href":"https:\/\/www.thermenbauernladen.com\/online\/wp-json\/wp\/v2\/product_tag?post=19030"}],"curies":[{"name":"wp","href":"https:\/\/api.w.org\/{rel}","templated":true}]}}