{"id":19031,"date":"2022-05-28T07:45:35","date_gmt":"2022-05-28T05:45:35","guid":{"rendered":"https:\/\/www.thermenbauernladen.com\/online\/?post_type=product&#038;p=19031"},"modified":"2022-05-28T07:45:51","modified_gmt":"2022-05-28T05:45:51","slug":"uhudlerpackerl-2","status":"publish","type":"product","link":"https:\/\/www.thermenbauernladen.com\/online\/produkt\/uhudlerpackerl-2\/","title":{"rendered":"Uhudlerpackerl"},"content":{"rendered":"<h2>Uhudlerpackerl<\/h2>\n<p>&nbsp;<\/p>\n<p>Das Uhudlerpackerl aus und um die 2-Thermenregion beinhaltet eine Heckenperle der Familie Pieber, einen S\u00dahudler Frizzante vom Weingut Glatz, einen Uhudlerlik\u00f6r der Genusswerkstatt Schweighofer und einer Uhudlermarmelade vom Marmeladeparadies.<\/p>\n<p>&nbsp;<\/p>\n<p><u>Kulinarischer Tipp<\/u><\/p>\n<p>&nbsp;<\/p>\n<p>Die Heckenperle und der Frizzante eignen sich sehr gut als Aperitif, als Genuss f\u00fcr Zwischendurch oder als Begleiter f\u00fcr Fisch und fruchtige\u00a0Desserts. Der Lik\u00f6r schmeckt wunderbar zu S\u00fc\u00dfsspeisen mit Beeren.<\/p>\n<p>&nbsp;<\/p>\n<hr \/>\n<p>&nbsp;<\/p>\n<table dir=\"ltr\" border=\"0\" cellspacing=\"0\" cellpadding=\"0\" align=\"left\">\n<tbody>\n<tr>\n<td>Zutaten\/Inhaltsstoffe<\/td>\n<td><\/td>\n<\/tr>\n<tr>\n<td>Charakteristik<\/td>\n<td><\/td>\n<\/tr>\n<tr>\n<td>Lagerung<\/td>\n<td><\/td>\n<\/tr>\n<tr>\n<td>Alkohol<\/td>\n<td>11,00% Vol.Alk.; 25% Vol.Alk.<\/td>\n<\/tr>\n<tr>\n<td>Allergene<\/td>\n<td><\/td>\n<\/tr>\n<tr>\n<td>Passt zu<\/td>\n<td>Fisch, hellem Fleisch, Desserts<\/td>\n<\/tr>\n<\/tbody>\n<\/table>\n<hr \/>\n<p>&nbsp;<\/p>\n<hr \/>\n<p>&nbsp;<\/p>\n<div><\/div>\n<p>&nbsp;<\/p>\n<p><u>\u00dcber den Produzenten<\/u><\/p>\n<p>&nbsp;<\/p>\n<p>Weingut Glatz:<\/p>\n<p>1969 legten Karl und Anna Glatz den Grundstein f\u00fcr das heutige Weingut Glatz. Die damals seiner Zeit weit vorausdenkenden Winzer errichteten einen f\u00fcr die Oststeiermark typischen Vierkanthof, der auch heute noch der Hauptsitz ist. Die Enkelin Katharina Glatz \u00fcbernahm das Weingut 1989 und baute es mit ihrem Lebensgef\u00e4hrten Karl N\u00f6hrer zur heutigen Gr\u00f6\u00dfe aus.<\/p>\n<p>Weingut Pieber:<\/p>\n<p>Das Weingut Pieber liegt zusammen mit dem dazugeh\u00f6rigen Buschenschank an der oststeirischen R\u00f6merweinstra\u00dfe. Das Hauptinteresse des Betriebes ist es, ehrliche Produkte in gro\u00dfer Vielfalt anzubieten, welche neben den typisch steirischen Weinen auch Selchwaren sowie kreative Aufstriche und traditionelle Mehlspeisen umfassten.<\/p>\n<p>Genusswerkstatt Schweighofer:<\/p>\n<p>Als Familienunternehmen im Herzen der gr\u00fcnen Steiermark produziert die Familie Schweighofer qualitativ hochwertige und geschmacksintensive Lik\u00f6re, Marmeladen, Sirupe und Salze. Das Augenmerk liegt auf der Wertsch\u00e4tzung der Region, sodass nur Ausgangsmaterialien aus dem eigenen Garten oder dem direkten Umfeld verwendet werden.<\/p>\n<p>Marmeladeparadies:<\/p>\n<p>Angefangen beim Waschen und Sch\u00e4len der Fr\u00fcchte bis hin zum fachm\u00e4nnischen Einkochen und Etikettieren der Gl\u00e4ser wird im Marmelade-Paradies alles in Handarbeit und von Familienmitgliedern durchgef\u00fchrt. Der Betrieb der Familie Erhart besitzt ein erstaunliches Sortiment\u00a0hausgemachter Marmeladen und Fruchtaufstriche.<\/p>\n<p>&nbsp;<\/p>\n<p><u>Herkunft<\/u><\/p>\n<p>Inmitten der Oststeiermark und dem Thermenland gelegen, erstreckt sich die 2-Thermenregion Bad Waltersdorf. Die Region ist nicht nur f\u00fcr ihre landschaftliche, sondern auch f\u00fcr ihre kulinarische Vielfalt bekannt. Vom heimischen Obst und Gem\u00fcse bis hin zu Milchprodukten bietet die Region ihren G\u00e4sten zahlreiche Natursch\u00e4tze.<\/p>\n","protected":false},"excerpt":{"rendered":"<p>Rot, beerig und spritzig &#8211; das Uhudler-Geschenkspackerl aus der 2-Thermenregion<\/p>\n<p>Ein rundherum pfiffiges Geschenk f\u00fcr Liebhaber, aus besonderen Uhudler-Produkten zusammengestellt und mit Herz verpackt.<\/p>\n","protected":false},"featured_media":19067,"comment_status":"closed","ping_status":"closed","template":"","meta":[],"product_brand":[],"product_cat":[85],"product_tag":[],"class_list":{"0":"post-19031","1":"product","2":"type-product","3":"status-publish","4":"has-post-thumbnail","6":"product_cat-geschenke","8":"first","9":"instock","10":"taxable","11":"shipping-taxable","12":"product-type-simple"},"_links":{"self":[{"href":"https:\/\/www.thermenbauernladen.com\/online\/wp-json\/wp\/v2\/product\/19031","targetHints":{"allow":["GET"]}}],"collection":[{"href":"https:\/\/www.thermenbauernladen.com\/online\/wp-json\/wp\/v2\/product"}],"about":[{"href":"https:\/\/www.thermenbauernladen.com\/online\/wp-json\/wp\/v2\/types\/product"}],"replies":[{"embeddable":true,"href":"https:\/\/www.thermenbauernladen.com\/online\/wp-json\/wp\/v2\/comments?post=19031"}],"wp:featuredmedia":[{"embeddable":true,"href":"https:\/\/www.thermenbauernladen.com\/online\/wp-json\/wp\/v2\/media\/19067"}],"wp:attachment":[{"href":"https:\/\/www.thermenbauernladen.com\/online\/wp-json\/wp\/v2\/media?parent=19031"}],"wp:term":[{"taxonomy":"product_brand","embeddable":true,"href":"https:\/\/www.thermenbauernladen.com\/online\/wp-json\/wp\/v2\/product_brand?post=19031"},{"taxonomy":"product_cat","embeddable":true,"href":"https:\/\/www.thermenbauernladen.com\/online\/wp-json\/wp\/v2\/product_cat?post=19031"},{"taxonomy":"product_tag","embeddable":true,"href":"https:\/\/www.thermenbauernladen.com\/online\/wp-json\/wp\/v2\/product_tag?post=19031"}],"curies":[{"name":"wp","href":"https:\/\/api.w.org\/{rel}","templated":true}]}}