{"id":19072,"date":"2022-05-28T07:45:55","date_gmt":"2022-05-28T05:45:55","guid":{"rendered":"https:\/\/www.thermenbauernladen.com\/online\/?post_type=product&#038;p=19072"},"modified":"2022-05-28T07:45:56","modified_gmt":"2022-05-28T05:45:56","slug":"kuerbiskernoel-1l-geschenkflasche-bauernhof-fleck-4","status":"publish","type":"product","link":"https:\/\/www.thermenbauernladen.com\/online\/produkt\/kuerbiskernoel-1l-geschenkflasche-bauernhof-fleck-4\/","title":{"rendered":"K\u00fcrbiskern\u00f6l 1l Geschenkflasche &#8211; Bauernhof Fleck"},"content":{"rendered":"<p>K\u00fcrbiskern\u00f6l 1l Geschenkflasche &#8211; Bauernhof Fleck<\/p>\n<p><img loading=\"lazy\" decoding=\"async\" class=\"alignnone size-medium wp-image-17972\" src=\"https:\/\/www.thermenbauernladen.com\/online\/wp-content\/uploads\/2022\/05\/fdfd497828effdfda2b04928c115d4ef_3-800x204.jpg\" alt=\"\" width=\"800\" height=\"204\" srcset=\"https:\/\/www.thermenbauernladen.com\/online\/wp-content\/uploads\/2022\/05\/fdfd497828effdfda2b04928c115d4ef_3-800x204.jpg 800w, https:\/\/www.thermenbauernladen.com\/online\/wp-content\/uploads\/2022\/05\/fdfd497828effdfda2b04928c115d4ef_3-510x130.jpg 510w, https:\/\/www.thermenbauernladen.com\/online\/wp-content\/uploads\/2022\/05\/fdfd497828effdfda2b04928c115d4ef_3-1400x356.jpg 1400w, https:\/\/www.thermenbauernladen.com\/online\/wp-content\/uploads\/2022\/05\/fdfd497828effdfda2b04928c115d4ef_3-768x196.jpg 768w, https:\/\/www.thermenbauernladen.com\/online\/wp-content\/uploads\/2022\/05\/fdfd497828effdfda2b04928c115d4ef_3.jpg 1536w\" sizes=\"auto, (max-width: 800px) 100vw, 800px\" \/><\/p>\n","protected":false},"excerpt":{"rendered":"<p>K\u00fcrbiskern\u00f6l 1l Geschenkflasche &#8211; Bauernhof Fleck<\/p>\n","protected":false},"featured_media":19086,"comment_status":"closed","ping_status":"closed","template":"","meta":[],"product_brand":[],"product_cat":[85],"product_tag":[],"class_list":{"0":"post-19072","1":"product","2":"type-product","3":"status-publish","4":"has-post-thumbnail","6":"product_cat-geschenke","8":"first","9":"instock","10":"taxable","11":"shipping-taxable","12":"product-type-simple"},"_links":{"self":[{"href":"https:\/\/www.thermenbauernladen.com\/online\/wp-json\/wp\/v2\/product\/19072","targetHints":{"allow":["GET"]}}],"collection":[{"href":"https:\/\/www.thermenbauernladen.com\/online\/wp-json\/wp\/v2\/product"}],"about":[{"href":"https:\/\/www.thermenbauernladen.com\/online\/wp-json\/wp\/v2\/types\/product"}],"replies":[{"embeddable":true,"href":"https:\/\/www.thermenbauernladen.com\/online\/wp-json\/wp\/v2\/comments?post=19072"}],"wp:featuredmedia":[{"embeddable":true,"href":"https:\/\/www.thermenbauernladen.com\/online\/wp-json\/wp\/v2\/media\/19086"}],"wp:attachment":[{"href":"https:\/\/www.thermenbauernladen.com\/online\/wp-json\/wp\/v2\/media?parent=19072"}],"wp:term":[{"taxonomy":"product_brand","embeddable":true,"href":"https:\/\/www.thermenbauernladen.com\/online\/wp-json\/wp\/v2\/product_brand?post=19072"},{"taxonomy":"product_cat","embeddable":true,"href":"https:\/\/www.thermenbauernladen.com\/online\/wp-json\/wp\/v2\/product_cat?post=19072"},{"taxonomy":"product_tag","embeddable":true,"href":"https:\/\/www.thermenbauernladen.com\/online\/wp-json\/wp\/v2\/product_tag?post=19072"}],"curies":[{"name":"wp","href":"https:\/\/api.w.org\/{rel}","templated":true}]}}