{"id":19082,"date":"2022-05-28T07:45:56","date_gmt":"2022-05-28T05:45:56","guid":{"rendered":"https:\/\/www.thermenbauernladen.com\/online\/?post_type=product&#038;p=19082"},"modified":"2022-05-28T07:46:02","modified_gmt":"2022-05-28T05:46:02","slug":"jubilaeums-weinedition-2","status":"publish","type":"product","link":"https:\/\/www.thermenbauernladen.com\/online\/produkt\/jubilaeums-weinedition-2\/","title":{"rendered":"Jubil\u00e4ums Weinedition"},"content":{"rendered":"<h2>Jubil\u00e4ums Weinedition<\/h2>\n<div class=\"box box-1\">\n<p><u>Herkunft: 2-Thermenregion<\/u><\/p>\n<p>Inmitten der Oststeiermark und dem Thermenland gelegen, erstreckt sich die 2-Thermenregion Bad Waltersdorf. Die Region ist nicht nur f\u00fcr ihre landschaftliche, sondern auch f\u00fcr ihre kulinarische Vielfalt bekannt. Vom heimischen Obst und Gem\u00fcse bis hin zu Milchprodukten bietet die Region ihren G\u00e4sten zahlreiche Natursch\u00e4tze.<\/p>\n<p>&nbsp;<\/p>\n<p><strong>Weine von den Top-Winzern der 2-Thermenregion<\/strong><\/p>\n<h2>Charakteristik<\/h2>\n<p><strong>Der Pieber &#8211; Wei\u00dfburgunder 0,75l<\/strong><br \/>\nEin harmonisches Spiel aus Citrus und Nuss mit einer leichten Steinobst Noten. Hat ein sehr sch\u00f6nes intensives Bukett. Schmeichelnder Abgang &#8211; der leichte Sommer Wein.<\/p>\n<p><strong>Weingut Glatz &#8211; Wei\u00dfburgunder 0,75l<\/strong><br \/>\nGelbe Birne und wei\u00dfe Bl\u00fcte mit zarten Honigankl\u00e4ngen, untermalt von nussiger W\u00fcrze; weich und harmonisch mit graziler Frucht im Abgang.<\/p>\n<p><strong>Weinhof Pichler &#8211; Wei\u00dfburgunder 0,75l<\/strong><br \/>\nEin sehr anmutendes klares Strohgelb mit Gr\u00fcnreflexen. Aus dem Glas steigt ein ausdrucksvoller, eleganter Duft nach Quitten, Melonen, Ananas gepaart mit feinen dezenten Nussnuancen und zarter floraler W\u00fcrze. Am Gaumen vermittelt dieser Weissburgunder als w\u00fcrde mann einen Fr\u00fcchtecocktail zu sich nehmen. Vielschichtige Fruchtnuancen begleitet von einer feinen vegetalen W\u00fcrze und integrierter harmonischen S\u00e4ure.SPEISENEMPFELUNG:<br \/>\nEin Wein der hochwertige kalte Speisen und helle gebratene Fleischgerichte mit feinen Saucen sehr gut begleitet.<\/p>\n<p><strong>Weinhof Thaler &#8211; Wei\u00dfburgunder 0,75l<\/strong><\/p>\n<p><strong>Buschenschank Pichler &#8211; Wei\u00dfburgunder 0,75l<\/strong><\/p>\n<div class=\"product-short-description\">\n<p>Gehaltvoll und nussig \u2013 ein typischer Steirer aus der 2-Thermenregion. Substanzreicher Wei\u00dfer mit mandelartigem Aroma und einem Hauch von Karamell<\/p>\n<\/div>\n<p><strong>Hofladen Fiedler &#8211; Zwetschkenbrand 0,35l<\/strong><br \/>\nRegionaltypischer Edelbrand aus erlesenen Obst von den Steuobstwiesen der Familie Fiedler.<\/p>\n<h2><\/h2>\n<h2>Weinproduzenten<\/h2>\n<p><u>WeinGut Glatz<\/u><br \/>\n1969 legten Karl und Anna Glatz den Grundstein f\u00fcr das heutige Weingut. Der damals seiner Zeit weit vorausdenkende Winzer errichtete einen f\u00fcr die Oststeiermark typischen Vierkanthof, der auch heute noch der Hauptsitz ist. Die Enkelin Katharina Glatz \u00fcbernahm das Weingut 1989 und baute es mit ihrem Lebensgef\u00e4hrten Karl N\u00f6hrer zur heutigen Gr\u00f6\u00dfe aus.<\/p>\n<p><u>Weinhof Pichler<\/u><br \/>\nDer Weinhof Pichler hat seine Wurzeln im b\u00e4uerlichen Familienunternehmen, das seit Generationen in Leitersdorf besteht. Auf rund zw\u00f6lf Hektar wachsen die Trauben des Betriebs, die, zu verschiedenen Sorten edler Tropfen verarbeitet, auch Kenner \u00fcberzeugen. Der Schwerpunkt des Weinhofs liegt vor allem bei klassisch-trockenen Weinen.<\/p>\n<p><u>Weinhof Thaler<\/u><\/p>\n<p>&nbsp;<\/p>\n<p><u>Buschenschank Pichler<\/u><br \/>\nIn der seit 30 Jahren als Familienbetrieb gef\u00fchrten Buschenschank mit wundersch\u00f6ner Aussicht bietet die Familie Pichler steirische Weine und Edelbr\u00e4nde aus dem eigenen Weingut, typisch steirische Spezialit\u00e4ten, frische Obsts\u00e4fte und hausgemachte Mehlspeisen.<\/p>\n<p><u>Hofladen Fiedler \/ Edelbrand<\/u><br \/>\nDer Hofladen der Familie Fiedler ist ein mit dem AMA-G\u00fctesiegel und dem Etikett \u201eGutes vom Bauernhof\u201c bewerteter und mehrfach pr\u00e4mierter Familienbetrieb, in dem ausschlie\u00dflich selbst produzierte Produkte angeboten werden.<\/p>\n<\/div>\n","protected":false},"excerpt":{"rendered":"<div class=\"headline\">\n<h2>Wei\u00dfburgunder Weinedition<\/h2>\n<\/div>\n<p><strong>Sto\u00dfen Sie mit uns auf 850 Jahre Waltersdorf an.<\/strong><\/p>\n<p>Im Jahr 1170 wurde Waltersdorf das erste Mal urkundlich erw\u00e4hnt. Das wollten wir heuer ja eigentlich ganz gro\u00df feiern. Deshalb laden wir Sie ein, mit uns auf diesen Geburtstag anzusto\u00dfen. Dazu empfehlen wir Ihnen unsere Jubil\u00e4ums Weinedition mit der Sorte Wei\u00dfburgunder.<\/p>\n<p>Im 6er Tray befinden Sie f\u00fcnf Flaschen Wei\u00dfburgunder von ausgezeichneten regionalen Produzenten sowie eine Flasche hervorragender Edelbrand.<\/p>\n","protected":false},"featured_media":19096,"comment_status":"closed","ping_status":"closed","template":"","meta":[],"product_brand":[],"product_cat":[85],"product_tag":[],"class_list":{"0":"post-19082","1":"product","2":"type-product","3":"status-publish","4":"has-post-thumbnail","6":"product_cat-geschenke","8":"first","9":"instock","10":"taxable","11":"shipping-taxable","12":"product-type-simple"},"_links":{"self":[{"href":"https:\/\/www.thermenbauernladen.com\/online\/wp-json\/wp\/v2\/product\/19082","targetHints":{"allow":["GET"]}}],"collection":[{"href":"https:\/\/www.thermenbauernladen.com\/online\/wp-json\/wp\/v2\/product"}],"about":[{"href":"https:\/\/www.thermenbauernladen.com\/online\/wp-json\/wp\/v2\/types\/product"}],"replies":[{"embeddable":true,"href":"https:\/\/www.thermenbauernladen.com\/online\/wp-json\/wp\/v2\/comments?post=19082"}],"wp:featuredmedia":[{"embeddable":true,"href":"https:\/\/www.thermenbauernladen.com\/online\/wp-json\/wp\/v2\/media\/19096"}],"wp:attachment":[{"href":"https:\/\/www.thermenbauernladen.com\/online\/wp-json\/wp\/v2\/media?parent=19082"}],"wp:term":[{"taxonomy":"product_brand","embeddable":true,"href":"https:\/\/www.thermenbauernladen.com\/online\/wp-json\/wp\/v2\/product_brand?post=19082"},{"taxonomy":"product_cat","embeddable":true,"href":"https:\/\/www.thermenbauernladen.com\/online\/wp-json\/wp\/v2\/product_cat?post=19082"},{"taxonomy":"product_tag","embeddable":true,"href":"https:\/\/www.thermenbauernladen.com\/online\/wp-json\/wp\/v2\/product_tag?post=19082"}],"curies":[{"name":"wp","href":"https:\/\/api.w.org\/{rel}","templated":true}]}}