{"id":19112,"date":"2022-05-28T08:09:17","date_gmt":"2022-05-28T06:09:17","guid":{"rendered":"https:\/\/www.thermenbauernladen.com\/online\/?post_type=product&#038;p=19112"},"modified":"2022-11-05T15:46:11","modified_gmt":"2022-11-05T14:46:11","slug":"steirer-box-klassik-3","status":"publish","type":"product","link":"https:\/\/www.thermenbauernladen.com\/online\/produkt\/steirer-box-klassik-3\/","title":{"rendered":"Steirer Box Klassik"},"content":{"rendered":"<br \/>\n<h2 style=\"text-align: center;\">Inhalt Deiner &#8222;Steirer Geschenk Box&#8220;&nbsp;<\/h2>\n<p><strong>Steirische K\u00fcrbiskern\u00f6l g.g.A, 0,25l<\/strong>Pr\u00e4miert 2020, Gr\u00fcn, stark und steirisch \u2013 das Original und \u00e4u\u00dferst beliebte und mit Gold pr\u00e4mierte Delikatessen-\u00d6l aus der Steiermark f\u00fcr den t\u00e4glichen Genuss in der g.g.A zertifizierten Flasche mit Ursprungsbezeichnung.<strong>Dinkelkeks, 1 Stk.<\/strong>Der beliebte Dinkelkeks ist eine kleine Besonderheit, erstens, weil dieser unglaublich gut schmecken und, zweitens, auch noch eine beruhigende Wirkung haben k\u00f6nnten. Der Dinkelkeks ist mit Marmelade gef\u00fcllt und wird per Handarbeit nach alten und nach traditionellem Familienrezept gebacken. Der Dinkelkeks schmecken besonders gut zu hei\u00dfem Tee oder einfach als Knabberei f\u00fcr Zwischendurch.<strong>Bl\u00fctenhonig vom Imkermeister, 40g<\/strong>Goldgelb und kr\u00e4ftig-s\u00fc\u00df &#8211; der Klassiker unter den Honigsorten. Aromatischer Honig aus den Bl\u00fctenpollen verschiedener Obstsorten und Blumen unserer regionalen Streuobst-Wiesen.<strong>Steirer Erdn Dose, 50g (BIO-Qualit\u00e4t)<\/strong>Die steirisch-bodenst\u00e4ndige Gew\u00fcrzmischung zum W\u00fcrzen von Fisch-, Fleisch- und Gem\u00fcsespeisen nach Lust und Laune. F\u00fcr diese geschmackvolle Gew\u00fcrz-Komposition werden nur 100% heimische, biologische Zutaten h\u00f6chster G\u00fcte verwendet. <strong>K\u00fcrbiskerne natur, 80g<\/strong>Knackig und gesund \u2013 die Knabberkerne aus dem ber\u00fchmten Steirischen \u00d6lk\u00fcrbis. Nur im Steirischen \u00d6lk\u00fcrbis findet man schalenlose Kerne. Und genau diese Besonderheit macht den einmaligen Geschmack der Kerne aus. Der K\u00fcrbis selbst besteht aus 95 % Wasser, hochwertigem Eiwei\u00df, Vitaminen, Mineralstoffen und Spurenelementen. Eine Knabberei, wie sie ges\u00fcnder und steirischer nicht sein kann<strong>Salami BIO vom Sonnenschwein, 1. Stk. (BIO-Qualit\u00e4t)<\/strong>Salamistangerl mit mediterranen Kr\u00e4utern f\u00fcr den perfekten Genuss. Das Salamistangerl aus der Folie nehmen &#8211; mit K\u00fcchenrolle abtupfen und Zimmertemperatur annehmen lassen. Schmeckt wohltuend. Kein Gluten und keine Laktose zugesetzt. <strong>Apfelessig, 0,10l<\/strong>Fruchtig frisch ist der Apfelessig aus der Steiermark. Der Apfelessig wird aus dem besten Obst regionaler Streuobstwiesen schonend und mit viel Sorgfalt zubereitet, und l\u00e4sst sich wunderbar f\u00fcr den allt\u00e4glichen Gebrauch nutzen.<\/p>\n<h2 style=\"text-align: center;\">Deine Steirer Box &#8222;Klassik&#8220;<\/h2>\n<p style=\"text-align: center;\">Dein Genuss Geschenk aus der gr\u00fcnen Steiermark<\/p>\n<ul>\n<li>  <span>100% Beste Regionale Premium Qualit\u00e4t<\/span><\/li>\n<li>  <span>Gratis Versand<\/span><\/li>\n<li>  <span>Umweltfreundliches Geschenk Verpackungssystem<\/span><\/li>\n<li>  <span>Heute bestellt, in 1-3 Tagen geliefert<\/span><\/li>\n<li>  <span>Tausende, zufriedene Kunden vertrauen uns&nbsp;<\/span><\/li>\n<\/ul>\n","protected":false},"excerpt":{"rendered":"<p>Inhalt Deiner &#8222;Steirer Geschenk Box&#8220;&nbsp; Steirische K\u00fcrbiskern\u00f6l g.g.A, 0,25lPr\u00e4miert 2020, Gr\u00fcn, stark und steirisch \u2013 das Original und \u00e4u\u00dferst beliebte und mit Gold pr\u00e4mierte Delikatessen-\u00d6l aus der Steiermark f\u00fcr den t\u00e4glichen Genuss in der g.g.A zertifizierten Flasche mit Ursprungsbezeichnung.Dinkelkeks, 1 Stk.Der beliebte Dinkelkeks ist eine kleine Besonderheit, erstens, weil dieser unglaublich gut schmecken und, zweitens, [&#8230;]\n","protected":false},"featured_media":18039,"comment_status":"closed","ping_status":"closed","template":"","meta":[],"product_brand":[],"product_cat":[3990,85],"product_tag":[],"class_list":{"0":"post-19112","1":"product","2":"type-product","3":"status-publish","4":"has-post-thumbnail","6":"product_cat-geschenkboxen","7":"product_cat-geschenke","9":"first","10":"instock","11":"taxable","12":"shipping-taxable","13":"purchasable","14":"product-type-simple"},"_links":{"self":[{"href":"https:\/\/www.thermenbauernladen.com\/online\/wp-json\/wp\/v2\/product\/19112","targetHints":{"allow":["GET"]}}],"collection":[{"href":"https:\/\/www.thermenbauernladen.com\/online\/wp-json\/wp\/v2\/product"}],"about":[{"href":"https:\/\/www.thermenbauernladen.com\/online\/wp-json\/wp\/v2\/types\/product"}],"replies":[{"embeddable":true,"href":"https:\/\/www.thermenbauernladen.com\/online\/wp-json\/wp\/v2\/comments?post=19112"}],"wp:featuredmedia":[{"embeddable":true,"href":"https:\/\/www.thermenbauernladen.com\/online\/wp-json\/wp\/v2\/media\/18039"}],"wp:attachment":[{"href":"https:\/\/www.thermenbauernladen.com\/online\/wp-json\/wp\/v2\/media?parent=19112"}],"wp:term":[{"taxonomy":"product_brand","embeddable":true,"href":"https:\/\/www.thermenbauernladen.com\/online\/wp-json\/wp\/v2\/product_brand?post=19112"},{"taxonomy":"product_cat","embeddable":true,"href":"https:\/\/www.thermenbauernladen.com\/online\/wp-json\/wp\/v2\/product_cat?post=19112"},{"taxonomy":"product_tag","embeddable":true,"href":"https:\/\/www.thermenbauernladen.com\/online\/wp-json\/wp\/v2\/product_tag?post=19112"}],"curies":[{"name":"wp","href":"https:\/\/api.w.org\/{rel}","templated":true}]}}