{"id":19148,"date":"2022-05-28T08:09:25","date_gmt":"2022-05-28T06:09:25","guid":{"rendered":"https:\/\/www.thermenbauernladen.com\/online\/?post_type=product&#038;p=19148"},"modified":"2022-05-28T08:09:27","modified_gmt":"2022-05-28T06:09:27","slug":"morillon-075l-maluhof-2","status":"publish","type":"product","link":"https:\/\/www.thermenbauernladen.com\/online\/produkt\/morillon-075l-maluhof-2\/","title":{"rendered":"Morillon 0,75l &#8211; Maluhof"},"content":{"rendered":"<p>Der Morillon, auch steirischer Chardonnay genannt und eng mit der Rebsorte des Chardonnays verwandt, kann auf eine lange Weintradition zur\u00fcckblicken. Der spritzige, rassige Wei\u00dfe beeindruckt durch sein facettenreiches Aromaspiel, das von einer zitrus-fruchtigen Note begleitet wird.<\/p>\n<p><u>Kulinarischer Tipp<\/u><\/p>\n<p>Der Morillon eignet sich mit seinem feinen, unaufdringlichen Bukett ideal f\u00fcr Gefl\u00fcgel, Fisch, Meeresfr\u00fcchte, Vorspeisen und K\u00fcrbisgerichte. Er ist ein sehr vornehmer Wein, sodass Sie ihn auch zu besonderen Anl\u00e4ssen und Gerichten (z. B. Hummer) servieren k\u00f6nnen. Aber auch zur italienischen K\u00fcche wie Pizza und Pasta schmeckt der Morillon wunderbar.<\/p>\n<hr \/>\n<table class=\" cke_show_border\" dir=\"ltr\" border=\"0\" cellspacing=\"0\" cellpadding=\"0\" align=\"left\">\n<tbody>\n<tr>\n<td>Charakteristik<\/td>\n<td>rassig, fruchtig und spritzig; sch\u00f6ne Harmonie von S\u00e4ure und Alkohol<\/td>\n<\/tr>\n<tr>\n<td>Vinifikation<\/td>\n<td><\/td>\n<\/tr>\n<tr>\n<td>Trinktemperatur<\/td>\n<td>12-14\u00b0C<\/td>\n<\/tr>\n<tr>\n<td>Lage<\/td>\n<td><s>???<\/s><\/td>\n<\/tr>\n<tr>\n<td>Alkoholgehalt<\/td>\n<td><\/td>\n<\/tr>\n<tr>\n<td>Passt zu<\/td>\n<td>Gefl\u00fcgel, Fisch, Meeresfr\u00fcchten, K\u00fcrbisgerichten, Pasta<\/td>\n<\/tr>\n<\/tbody>\n<\/table>\n<hr \/>\n<hr \/>\n<div class=\"cke_pagebreak\" title=\"Seitenumbruch einf\u00fcgen\" data-cke-display-name=\"pagebreak\" aria-label=\"Seitenumbruch einf\u00fcgen\"><\/div>\n<p><u>\u00dcber den Produzenten<\/u><\/p>\n<p>In der seit 30 Jahren als Familienbetrieb gef\u00fchrten Buschenschank mit wundersch\u00f6ner Aussicht bietet die Familie Pichler steirische Weine und Edelbr\u00e4nde aus dem eigenen Weingut, typisch steirische Spezialit\u00e4ten, frische Obsts\u00e4fte und hausgemachte Mehlspeisen.<\/p>\n<p><u>Fragen zum Produkt<\/u><\/p>\n<p>produkt@thermenbauernladen.at<\/p>\n<p><u>Herkunft<\/u><\/p>\n<p>Inmitten der Oststeiermark und dem Thermenland gelegen, erstreckt sich die 2-Thermenregion Bad Waltersdorf. Die Region ist nicht nur f\u00fcr ihre landschaftliche, sondern auch f\u00fcr ihre kulinarische Vielfalt bekannt. Vom heimischen Obst und Gem\u00fcse bis hin zu Milchprodukten bietet die Region ihren G\u00e4sten zahlreiche Natursch\u00e4tze.<\/p>\n","protected":false},"excerpt":{"rendered":"<p>Komplex und fruchtig \u2013 der Trendsetter aus der 2-Thermenregion<\/p>\n<p>Ein feiner, facettenreicher Wei\u00dfwein, der zu den edelsten und beliebtesten Weinen der Steiermark z\u00e4hlt<\/p>\n","protected":false},"featured_media":18095,"comment_status":"closed","ping_status":"closed","template":"","meta":[],"product_brand":[],"product_cat":[136,139],"product_tag":[102,104,105,106],"class_list":{"0":"post-19148","1":"product","2":"type-product","3":"status-publish","4":"has-post-thumbnail","6":"product_cat-maluhof","7":"product_cat-weisswein-wein-vinothek-destillerie","8":"product_tag-bad-waltersdorf","9":"product_tag-maluhof","10":"product_tag-maluhof-at","11":"product_tag-wagerberg","13":"first","14":"instock","15":"taxable","16":"shipping-taxable","17":"product-type-simple"},"_links":{"self":[{"href":"https:\/\/www.thermenbauernladen.com\/online\/wp-json\/wp\/v2\/product\/19148","targetHints":{"allow":["GET"]}}],"collection":[{"href":"https:\/\/www.thermenbauernladen.com\/online\/wp-json\/wp\/v2\/product"}],"about":[{"href":"https:\/\/www.thermenbauernladen.com\/online\/wp-json\/wp\/v2\/types\/product"}],"replies":[{"embeddable":true,"href":"https:\/\/www.thermenbauernladen.com\/online\/wp-json\/wp\/v2\/comments?post=19148"}],"wp:featuredmedia":[{"embeddable":true,"href":"https:\/\/www.thermenbauernladen.com\/online\/wp-json\/wp\/v2\/media\/18095"}],"wp:attachment":[{"href":"https:\/\/www.thermenbauernladen.com\/online\/wp-json\/wp\/v2\/media?parent=19148"}],"wp:term":[{"taxonomy":"product_brand","embeddable":true,"href":"https:\/\/www.thermenbauernladen.com\/online\/wp-json\/wp\/v2\/product_brand?post=19148"},{"taxonomy":"product_cat","embeddable":true,"href":"https:\/\/www.thermenbauernladen.com\/online\/wp-json\/wp\/v2\/product_cat?post=19148"},{"taxonomy":"product_tag","embeddable":true,"href":"https:\/\/www.thermenbauernladen.com\/online\/wp-json\/wp\/v2\/product_tag?post=19148"}],"curies":[{"name":"wp","href":"https:\/\/api.w.org\/{rel}","templated":true}]}}