{"id":19149,"date":"2022-05-28T08:09:25","date_gmt":"2022-05-28T06:09:25","guid":{"rendered":"https:\/\/www.thermenbauernladen.com\/online\/?post_type=product&#038;p=19149"},"modified":"2022-05-28T08:09:27","modified_gmt":"2022-05-28T06:09:27","slug":"mosti-075l-maluhof-2","status":"publish","type":"product","link":"https:\/\/www.thermenbauernladen.com\/online\/produkt\/mosti-075l-maluhof-2\/","title":{"rendered":"Mosti 0,75l &#8211; Maluhof"},"content":{"rendered":"<p>Die Zubereitung von Most und Cider ist nicht weniger anspruchsvoll als die Herstellung von gutem Wein. Deshalb werden die \u00c4pfel f\u00fcr unsere Morsterzeugnisse auch zur rechten Reifezeit von Hand gelesen und danach sorgf\u00e4ltig gewaschen und gepresst. So bleibt der nat\u00fcrliche Fruchtgenuss im Getr\u00e4nk erhalten.<\/p>\n<p><u>Kulinarischer Tipp<\/u><\/p>\n<p>Der Mosti eignet sich mit seinem fruchtigen Geschmack wunderbar als Begleiter zur steirischen Brettljause und zu deftigen warmen Speisen wie Rindsgulasch oder Zwiebelrostbraten.<\/p>\n<hr \/>\n<table class=\" cke_show_border\" dir=\"ltr\" border=\"0\" cellspacing=\"0\" cellpadding=\"0\" align=\"left\">\n<tbody>\n<tr>\n<td>Zutaten\/Inhaltsstoffe<\/td>\n<td><\/td>\n<\/tr>\n<tr>\n<td>Charakteristik<\/td>\n<td>fruchtig-s\u00fc\u00dfes Apfel-Aroma; spritzige, weiche S\u00e4ure<\/td>\n<\/tr>\n<tr>\n<td>Lagerung<\/td>\n<td>k\u00fchl und dunkel<\/td>\n<\/tr>\n<tr>\n<td>Alkohol<\/td>\n<td><\/td>\n<\/tr>\n<tr>\n<td>Allergene<\/td>\n<td>keine<\/td>\n<\/tr>\n<tr>\n<td>Passt zu<\/td>\n<td>Brettljause, deftigen Gerichten<\/td>\n<\/tr>\n<\/tbody>\n<\/table>\n<hr \/>\n<hr \/>\n<div class=\"cke_pagebreak\" title=\"Seitenumbruch einf\u00fcgen\" data-cke-display-name=\"pagebreak\" aria-label=\"Seitenumbruch einf\u00fcgen\"><\/div>\n<p><u>\u00dcber den Produzenten<\/u><\/p>\n<p>In der seit 30 Jahren als Familienbetrieb gef\u00fchrten Buschenschank mit wundersch\u00f6ner Aussicht bietet die Familie Pichler steirische Weine und Edelbr\u00e4nde aus dem eigenen Weingut, typisch steirische Spezialit\u00e4ten, frische Obsts\u00e4fte und hausgemachte Mehlspeisen.<\/p>\n<p><u>Fragen zum Produkt<\/u><\/p>\n<p>produkt@thermenbauernladen.at<\/p>\n<p><u>Herkunft<\/u><\/p>\n<p>Inmitten der Oststeiermark und dem Thermenland gelegen, erstreckt sich die 2-Thermenregion Bad Waltersdorf. Die Region ist nicht nur f\u00fcr ihre landschaftliche, sondern auch f\u00fcr ihre kulinarische Vielfalt bekannt. Vom heimischen Obst und Gem\u00fcse bis hin zu Milchprodukten bietet die Region ihren G\u00e4sten zahlreiche Natursch\u00e4tze.<\/p>\n","protected":false},"excerpt":{"rendered":"<p>Goldgelb und apfels\u00fc\u00df \u2013 das\u00a0fruchtige Mostgetr\u00e4nk aus der 2-Thermenregion<\/p>\n<p>Ein einzigartig fruchtiger Apfelcider, der sich wunderbar als Durstl\u00f6scher eignet<\/p>\n","protected":false},"featured_media":18096,"comment_status":"closed","ping_status":"closed","template":"","meta":[],"product_brand":[],"product_cat":[136,141],"product_tag":[102,104,105,106],"class_list":{"0":"post-19149","1":"product","2":"type-product","3":"status-publish","4":"has-post-thumbnail","6":"product_cat-maluhof","7":"product_cat-most-cider-getraenke","8":"product_tag-bad-waltersdorf","9":"product_tag-maluhof","10":"product_tag-maluhof-at","11":"product_tag-wagerberg","13":"first","14":"instock","15":"taxable","16":"shipping-taxable","17":"purchasable","18":"product-type-simple"},"_links":{"self":[{"href":"https:\/\/www.thermenbauernladen.com\/online\/wp-json\/wp\/v2\/product\/19149","targetHints":{"allow":["GET"]}}],"collection":[{"href":"https:\/\/www.thermenbauernladen.com\/online\/wp-json\/wp\/v2\/product"}],"about":[{"href":"https:\/\/www.thermenbauernladen.com\/online\/wp-json\/wp\/v2\/types\/product"}],"replies":[{"embeddable":true,"href":"https:\/\/www.thermenbauernladen.com\/online\/wp-json\/wp\/v2\/comments?post=19149"}],"wp:featuredmedia":[{"embeddable":true,"href":"https:\/\/www.thermenbauernladen.com\/online\/wp-json\/wp\/v2\/media\/18096"}],"wp:attachment":[{"href":"https:\/\/www.thermenbauernladen.com\/online\/wp-json\/wp\/v2\/media?parent=19149"}],"wp:term":[{"taxonomy":"product_brand","embeddable":true,"href":"https:\/\/www.thermenbauernladen.com\/online\/wp-json\/wp\/v2\/product_brand?post=19149"},{"taxonomy":"product_cat","embeddable":true,"href":"https:\/\/www.thermenbauernladen.com\/online\/wp-json\/wp\/v2\/product_cat?post=19149"},{"taxonomy":"product_tag","embeddable":true,"href":"https:\/\/www.thermenbauernladen.com\/online\/wp-json\/wp\/v2\/product_tag?post=19149"}],"curies":[{"name":"wp","href":"https:\/\/api.w.org\/{rel}","templated":true}]}}